{"id":60,"date":"2024-05-30T11:15:14","date_gmt":"2024-05-30T09:15:14","guid":{"rendered":"https:\/\/westgate.ch\/?page_id=60"},"modified":"2025-03-11T21:51:17","modified_gmt":"2025-03-11T20:51:17","slug":"contact","status":"publish","type":"page","link":"https:\/\/westgate.ch\/fr\/contact\/","title":{"rendered":"Contact"},"content":{"rendered":"<style type=\"text\/css\" data-created_by=\"avia_inline_auto\" id=\"style-css-av-9mjcs-2e7a9707cb9bd99ece9014e7d90f3891\">\n.avia-section.av-9mjcs-2e7a9707cb9bd99ece9014e7d90f3891{\nbackground-repeat:no-repeat;\nbackground-image:url(https:\/\/westgate.ch\/wp-content\/uploads\/2024\/06\/AdobeStock_202344507-scaled.jpeg);\nbackground-position:50% 50%;\nbackground-attachment:scroll;\n}\n.avia-section.av-9mjcs-2e7a9707cb9bd99ece9014e7d90f3891 .av-section-color-overlay{\nopacity:0.5;\nbackground-color:#000000;\n}\n<\/style>\n<div id='av_section_1'  class='avia-section av-9mjcs-2e7a9707cb9bd99ece9014e7d90f3891 main_color avia-section-large avia-no-border-styling  avia-builder-el-0  el_before_av_one_half  avia-builder-el-first  avia-full-stretch avia-bg-style-scroll av-section-color-overlay-active container_wrap fullsize'  data-section-bg-repeat='stretch'><div class=\"av-section-color-overlay-wrap\"><div class=\"av-section-color-overlay\"><\/div><div class='container av-section-cont-open' ><main  role=\"main\" itemprop=\"mainContentOfPage\"  class='template-page content  av-content-full alpha units'><div class='post-entry post-entry-type-page post-entry-60'><div class='entry-content-wrapper clearfix'>\n<div  class='flex_column av-94tgw-7266d6742840c6ad40da03fece9d7b04 av_one_fifth  avia-builder-el-1  el_before_av_three_fifth  avia-builder-el-first  first flex_column_div'     ><\/div><div  class='flex_column av-8m6ek-e7f3658f82e80533cd167e404def8af0 av_three_fifth  avia-builder-el-2  el_after_av_one_fifth  el_before_av_one_fifth  flex_column_div'     ><p>\n<style type=\"text\/css\" data-created_by=\"avia_inline_auto\" id=\"style-css-av-7tcio-0383d6508c2e9285cffd6650975563b5\">\n#top .av-special-heading.av-7tcio-0383d6508c2e9285cffd6650975563b5{\npadding-bottom:10px;\ncolor:#ffffff;\n}\nbody .av-special-heading.av-7tcio-0383d6508c2e9285cffd6650975563b5 .av-special-heading-tag .heading-char{\nfont-size:25px;\n}\n.av-special-heading.av-7tcio-0383d6508c2e9285cffd6650975563b5 .special-heading-inner-border{\nborder-color:#ffffff;\n}\n.av-special-heading.av-7tcio-0383d6508c2e9285cffd6650975563b5 .av-subheading{\nfont-size:15px;\n}\n<\/style>\n<div  class='av-special-heading av-7tcio-0383d6508c2e9285cffd6650975563b5 av-special-heading-h1 custom-color-heading blockquote modern-quote modern-centered  avia-builder-el-3  el_before_av_textblock  avia-builder-el-first'><h1 class='av-special-heading-tag'  itemprop=\"headline\"  >Contact<\/h1><div class=\"special-heading-border\"><div class=\"special-heading-inner-border\"><\/div><\/div><\/div><br \/>\n\n<style type=\"text\/css\" data-created_by=\"avia_inline_auto\" id=\"style-css-av-qzq8-c0dd1d8e60939aaf684b6388df02b637\">\n#top .av_textblock_section.av-qzq8-c0dd1d8e60939aaf684b6388df02b637 .avia_textblock{\ncolor:#ffffff;\n}\n<\/style>\n<section  class='av_textblock_section av-qzq8-c0dd1d8e60939aaf684b6388df02b637'   itemscope=\"itemscope\" itemtype=\"https:\/\/schema.org\/CreativeWork\" ><div class='avia_textblock av_inherit_color'  itemprop=\"text\" ><div class=\"flex flex-grow flex-col max-w-full\">\n<div class=\"min-h-&#091;20px&#093; text-message flex flex-col items-start whitespace-pre-wrap break-words &#091;.text-message+&amp;&#093;:mt-5 juice:w-full juice:items-end overflow-x-auto gap-2\" dir=\"auto\" data-message-author-role=\"assistant\" data-message-id=\"906f240a-2c67-4a51-9490-a8cc4e3f1f7c\">\n<div class=\"flex w-full flex-col gap-1 juice:empty:hidden juice:first:pt-&#091;3px&#093;\">\n<div class=\"markdown prose w-full break-words dark:prose-invert light\">\n<p style=\"text-align: center;\">Nous vous remercions de l'int\u00e9r\u00eat que vous portez \u00e0 Westgate Investments AG. Notre \u00e9quipe se fera un plaisir de r\u00e9pondre \u00e0 vos questions concernant nos projets immobiliers et nos propri\u00e9t\u00e9s. Utilisez le formulaire de contact pour nous joindre.<\/p>\n<\/div>\n<\/div>\n<\/div>\n<\/div>\n<\/div><\/section><\/p><\/div><div  class='flex_column av-6wma0-7f569457fd57dd79c1ea383a9529b322 av_one_fifth  avia-builder-el-5  el_after_av_three_fifth  avia-builder-el-last  flex_column_div'     ><\/div>\n<\/div><\/div><\/main><!-- close content main element --><\/div><\/div><\/div><div id='after_section_1'  class='main_color av_default_container_wrap container_wrap fullsize'  ><div class='container av-section-cont-open' ><div class='template-page content  av-content-full alpha units'><div class='post-entry post-entry-type-page post-entry-60'><div class='entry-content-wrapper clearfix'>\n<div  class='flex_column av-6ailk-cc68cfb698003b408f3750076af11b5f av_one_half  avia-builder-el-6  el_after_av_section  el_before_av_one_half  avia-builder-el-first  first flex_column_div'     ><p>\n<style type=\"text\/css\" data-created_by=\"avia_inline_auto\" id=\"style-css-av-lx22axlq-ec1f3d8e72d541909a65b79f93423fa9\">\n#top .av-special-heading.av-lx22axlq-ec1f3d8e72d541909a65b79f93423fa9{\npadding-bottom:10px;\n}\nbody .av-special-heading.av-lx22axlq-ec1f3d8e72d541909a65b79f93423fa9 .av-special-heading-tag .heading-char{\nfont-size:25px;\n}\n.av-special-heading.av-lx22axlq-ec1f3d8e72d541909a65b79f93423fa9 .av-subheading{\nfont-size:15px;\n}\n<\/style>\n<div  class='av-special-heading av-lx22axlq-ec1f3d8e72d541909a65b79f93423fa9 av-special-heading-h2 blockquote modern-quote  avia-builder-el-7  el_before_av_textblock  avia-builder-el-first'><h2 class='av-special-heading-tag'  itemprop=\"headline\"  >Nous attendons avec impatience votre demande<\/h2><div class=\"special-heading-border\"><div class=\"special-heading-inner-border\"><\/div><\/div><\/div><br \/>\n<section  class='av_textblock_section av-5jatc-0cee1934bdc6a3bc53aec5c298b34cbc'   itemscope=\"itemscope\" itemtype=\"https:\/\/schema.org\/CreativeWork\" ><div class='avia_textblock'  itemprop=\"text\" ><p>Utilisez le formulaire de contact ci-dessous pour nous envoyer un message. Veuillez inclure toutes les informations pertinentes afin que nous puissions traiter votre demande de la meilleure mani\u00e8re possible. Nous vous r\u00e9pondrons dans les plus brefs d\u00e9lais.<\/p>\n<\/div><\/section><br \/>\n<form action=\"https:\/\/westgate.ch\/fr\/contact\/\" method=\"post\" data-fields-with-error=\"Erreurs trouv\u00e9es dans les champs suivants :\" class=\"avia_ajax_form av-form-labels-visible   avia-builder-el-9  el_after_av_textblock  avia-builder-el-last\" data-avia-form-id=\"1\" data-avia-redirect='' data-trp-original-action=\"https:\/\/westgate.ch\/fr\/contact\/\" ><h3 class=''>&#8221;<\/h3><fieldset><p class='first_form  form_element form_element_half' id='element_avia_1_1'><label for=\"avia_1_1\">Pr\u00e9nom <abbr class=\"required\" title=\"requis(e)\">*<\/abbr><\/label> <input name=\"avia_1_1\" class=\"text_input is_empty\" type=\"text\" id=\"avia_1_1\" value=\"\" \/><\/p><p class='form_element form_element_half' id='element_avia_2_1'><label for=\"avia_2_1\">Nom de famille <abbr class=\"required\" title=\"requis(e)\">*<\/abbr><\/label> <input name=\"avia_2_1\" class=\"text_input is_empty\" type=\"text\" id=\"avia_2_1\" value=\"\" \/><\/p><p class='first_form  form_element form_element_third' id='element_avia_3_1'><label for=\"avia_3_1\">Entreprise<\/label> <input name=\"avia_3_1\" class=\"text_input\" type=\"text\" id=\"avia_3_1\" value=\"\" \/><\/p><p class='form_element form_element_third' id='element_avia_4_1'><label for=\"avia_4_1\">Courrier \u00e9lectronique <abbr class=\"required\" title=\"requis(e)\">*<\/abbr><\/label> <input name=\"avia_4_1\" class=\"text_input is_email\" type=\"text\" id=\"avia_4_1\" value=\"\" \/><\/p><p class='form_element form_element_third' id='element_avia_5_1'><label for=\"avia_5_1\">T\u00e9l\u00e9phone <abbr class=\"required\" title=\"requis(e)\">*<\/abbr><\/label> <input name=\"avia_5_1\" class=\"text_input is_phone\" type=\"text\" id=\"avia_5_1\" value=\"\" \/><\/p><p class='first_form  form_element form_fullwidth av-last-visible-form-element' id='element_avia_6_1'><label for=\"avia_6_1\" class=\"textare_label hidden textare_label_avia_6_1\">Message <abbr class=\"required\" title=\"requis(e)\">*<\/abbr><\/label><textarea  name=\"avia_6_1\" class=\"text_area is_empty\" cols=\"40\" rows=\"7\" id=\"avia_6_1\" ><\/textarea><\/p><p class=\"hidden\"><input type=\"text\" name=\"avia_7_1\" class=\"hidden\" id=\"avia_7_1\" value=\"\" \/><\/p><p class=\"form_element\"><input type=\"hidden\" value=\"1\" name=\"avia_generated_form1\" \/><input type=\"submit\" value=\"&#8217;Send&#8217;\" class=\"button\"  data-sending-label=\"Envoi\"\/><\/p><\/fieldset><input type=\"hidden\" name=\"trp-form-language\" value=\"fr\"\/><\/form><div id=\"ajaxresponse_1\" class=\"ajaxresponse ajaxresponse_1 hidden\"><\/div><\/p><\/div><div  class='flex_column av-2ces4-518f79c77c8652092895f1e909be4a17 av_one_half  avia-builder-el-10  el_after_av_one_half  el_before_av_google_map  avia-builder-el-last  flex_column_div'     ><p>\n<style type=\"text\/css\" data-created_by=\"avia_inline_auto\" id=\"style-css-av-1oakk-950a4f96bf5d53efe87b14e753a68fda\">\n#top .av-special-heading.av-1oakk-950a4f96bf5d53efe87b14e753a68fda{\npadding-bottom:10px;\n}\nbody .av-special-heading.av-1oakk-950a4f96bf5d53efe87b14e753a68fda .av-special-heading-tag .heading-char{\nfont-size:25px;\n}\n.av-special-heading.av-1oakk-950a4f96bf5d53efe87b14e753a68fda .av-subheading{\nfont-size:15px;\n}\n<\/style>\n<div  class='av-special-heading av-1oakk-950a4f96bf5d53efe87b14e753a68fda av-special-heading-h2 blockquote modern-quote  avia-builder-el-11  el_before_av_textblock  avia-builder-el-first'><h2 class='av-special-heading-tag'  itemprop=\"headline\"  >Informations sur les contacts<\/h2><div class=\"special-heading-border\"><div class=\"special-heading-inner-border\"><\/div><\/div><\/div><br \/>\n<section  class='av_textblock_section av-qo2s-d52dfc0c9d1e9064cdd4525b46c3da63'   itemscope=\"itemscope\" itemtype=\"https:\/\/schema.org\/CreativeWork\" ><div class='avia_textblock'  itemprop=\"text\" ><p>Pour des consultations individuelles, des demandes de projets ou de plus amples informations, veuillez nous contacter via :<\/p>\n<\/div><\/section><br \/>\n<section  class='av_textblock_section av-12erg-f15f25d0bcbf6635d38e57d784b559b1'   itemscope=\"itemscope\" itemtype=\"https:\/\/schema.org\/CreativeWork\" ><div class='avia_textblock'  itemprop=\"text\" ><p>Westgate Investments AG<br \/>\nN\u00fcschelerstrasse 30<br \/>\n8001 Zurich<br \/>\nSuisse<\/p>\n<p><strong>T :<\/strong> <a href=\"tel:0041442187800\">+41 44 218 78 00<\/a><br \/>\n<strong>E :<\/strong> <a href=\"mailto:info@westgate.ch\">info@westgate.ch<\/a><\/p>\n<\/div><\/section><\/p><\/div><\/p>\n<div  class='av_gmaps_sc_main_wrap av_gmaps_main_wrap'><div id='av_gmap_0' class='avia-google-map-container avia-google-map-sc av_gmaps_show_unconditionally av-no-fallback-img' data-mapid='av_gmap_0'  style='height: 400px;'><a class=\"av_gmaps_browser_disabled av_text_confirm_link av_text_confirm_link_visible\" href=\"https:\/\/www.google.com\/maps\/search\/?api=1&#038;query=N\u00fcschelerstrasse%2030%208001%20Zurich\" target=\"_blank\" rel=\"noopener\">Les cartes ont \u00e9t\u00e9 d\u00e9sactiv\u00e9es par le visiteur sur ce site. Cliquer pour ouvrir la carte dans une nouvelle fen\u00eatre.<\/a><\/div><\/div>","protected":false},"excerpt":{"rendered":"","protected":false},"author":2,"featured_media":0,"parent":0,"menu_order":4000,"comment_status":"closed","ping_status":"closed","template":"","meta":{"footnotes":""},"class_list":["post-60","page","type-page","status-publish","hentry"],"aioseo_notices":[],"_links":{"self":[{"href":"https:\/\/westgate.ch\/fr\/wp-json\/wp\/v2\/pages\/60","targetHints":{"allow":["GET"]}}],"collection":[{"href":"https:\/\/westgate.ch\/fr\/wp-json\/wp\/v2\/pages"}],"about":[{"href":"https:\/\/westgate.ch\/fr\/wp-json\/wp\/v2\/types\/page"}],"author":[{"embeddable":true,"href":"https:\/\/westgate.ch\/fr\/wp-json\/wp\/v2\/users\/2"}],"replies":[{"embeddable":true,"href":"https:\/\/westgate.ch\/fr\/wp-json\/wp\/v2\/comments?post=60"}],"version-history":[{"count":32,"href":"https:\/\/westgate.ch\/fr\/wp-json\/wp\/v2\/pages\/60\/revisions"}],"predecessor-version":[{"id":1046,"href":"https:\/\/westgate.ch\/fr\/wp-json\/wp\/v2\/pages\/60\/revisions\/1046"}],"wp:attachment":[{"href":"https:\/\/westgate.ch\/fr\/wp-json\/wp\/v2\/media?parent=60"}],"curies":[{"name":"wp","href":"https:\/\/api.w.org\/{rel}","templated":true}]}}