{"id":56,"date":"2024-05-30T11:14:32","date_gmt":"2024-05-30T09:14:32","guid":{"rendered":"https:\/\/westgate.ch\/?page_id=56"},"modified":"2025-01-22T15:24:16","modified_gmt":"2025-01-22T14:24:16","slug":"about-us","status":"publish","type":"page","link":"https:\/\/westgate.ch\/fr\/about-us\/","title":{"rendered":"\u00c0 propos"},"content":{"rendered":"<style type=\"text\/css\" data-created_by=\"avia_inline_auto\" id=\"style-css-av-lx9egbl0-665093b6cf1a2eefceca23ac463a822f\">\n.avia-section.av-lx9egbl0-665093b6cf1a2eefceca23ac463a822f{\nbackground-repeat:no-repeat;\nbackground-image:url(https:\/\/westgate.ch\/wp-content\/uploads\/2024\/06\/AdobeStock_811818688-scaled.jpeg);\nbackground-position:50% 50%;\nbackground-attachment:scroll;\n}\n.avia-section.av-lx9egbl0-665093b6cf1a2eefceca23ac463a822f .av-section-color-overlay{\nopacity:0.5;\nbackground-color:#000000;\n}\n<\/style>\n<div id='av_section_1'  class='avia-section av-lx9egbl0-665093b6cf1a2eefceca23ac463a822f main_color avia-section-large avia-no-border-styling  avia-builder-el-0  el_before_av_one_half  avia-builder-el-first  avia-full-stretch avia-bg-style-scroll av-section-color-overlay-active container_wrap fullsize'  data-section-bg-repeat='stretch'><div class=\"av-section-color-overlay-wrap\"><div class=\"av-section-color-overlay\"><\/div><div class='container av-section-cont-open' ><main  role=\"main\" itemprop=\"mainContentOfPage\"  class='template-page content  av-content-full alpha units'><div class='post-entry post-entry-type-page post-entry-56'><div class='entry-content-wrapper clearfix'>\n<div  class='flex_column av-f82r4-d337b933abbc94472a15b4b6f3ca2e40 av_one_fifth  avia-builder-el-1  el_before_av_three_fifth  avia-builder-el-first  first flex_column_div'     ><\/div><div  class='flex_column av-eetig-a7d58d38711c0f9d3800962e76186a2a av_three_fifth  avia-builder-el-2  el_after_av_one_fifth  el_before_av_one_fifth  flex_column_div'     ><p>\n<style type=\"text\/css\" data-created_by=\"avia_inline_auto\" id=\"style-css-av-lx9egm9r-85ca73fefb5a8a5552ff37d88bfb3510\">\n#top .av-special-heading.av-lx9egm9r-85ca73fefb5a8a5552ff37d88bfb3510{\npadding-bottom:10px;\ncolor:#ffffff;\n}\nbody .av-special-heading.av-lx9egm9r-85ca73fefb5a8a5552ff37d88bfb3510 .av-special-heading-tag .heading-char{\nfont-size:25px;\n}\n.av-special-heading.av-lx9egm9r-85ca73fefb5a8a5552ff37d88bfb3510 .special-heading-inner-border{\nborder-color:#ffffff;\n}\n.av-special-heading.av-lx9egm9r-85ca73fefb5a8a5552ff37d88bfb3510 .av-subheading{\nfont-size:15px;\n}\n<\/style>\n<div  class='av-special-heading av-lx9egm9r-85ca73fefb5a8a5552ff37d88bfb3510 av-special-heading-h1 custom-color-heading blockquote modern-quote modern-centered  avia-builder-el-3  el_before_av_textblock  avia-builder-el-first'><h1 class='av-special-heading-tag'  itemprop=\"headline\"  >Westgate<\/h1><div class=\"special-heading-border\"><div class=\"special-heading-inner-border\"><\/div><\/div><\/div><br \/>\n\n<style type=\"text\/css\" data-created_by=\"avia_inline_auto\" id=\"style-css-av-e761s-2e70b3702718f4356bb6181c03b1766a\">\n#top .av_textblock_section.av-e761s-2e70b3702718f4356bb6181c03b1766a .avia_textblock{\ncolor:#ffffff;\n}\n<\/style>\n<section  class='av_textblock_section av-e761s-2e70b3702718f4356bb6181c03b1766a'   itemscope=\"itemscope\" itemtype=\"https:\/\/schema.org\/CreativeWork\" ><div class='avia_textblock av_inherit_color'  itemprop=\"text\" ><div class=\"flex flex-grow flex-col max-w-full\">\n<div class=\"min-h-&#091;20px&#093; text-message flex flex-col items-start whitespace-pre-wrap break-words &#091;.text-message+&amp;&#093;:mt-5 juice:w-full juice:items-end overflow-x-auto gap-2\" dir=\"auto\" data-message-author-role=\"assistant\" data-message-id=\"906f240a-2c67-4a51-9490-a8cc4e3f1f7c\">\n<div class=\"flex w-full flex-col gap-1 juice:empty:hidden juice:first:pt-&#091;3px&#093;\">\n<div class=\"markdown prose w-full break-words dark:prose-invert light\">\n<p style=\"text-align: center;\">Nous vous remercions de l'int\u00e9r\u00eat que vous portez \u00e0 Westgate Investments AG. Cette page a pour but de donner \u00e0 nos partenaires, anciens et nouveaux, un aper\u00e7u de notre soci\u00e9t\u00e9, de notre histoire et de nos objectifs \u00e0 long terme.<\/p>\n<\/div>\n<\/div>\n<\/div>\n<\/div>\n<\/div><\/section><\/p><\/div><div  class='flex_column av-1cki0-f398a22b77792d3ca389a1502ca431c7 av_one_fifth  avia-builder-el-5  el_after_av_three_fifth  avia-builder-el-last  flex_column_div'     ><\/div>\n<\/div><\/div><\/main><!-- close content main element --><\/div><\/div><\/div><div id='after_section_1'  class='main_color av_default_container_wrap container_wrap fullsize'  ><div class='container av-section-cont-open' ><div class='template-page content  av-content-full alpha units'><div class='post-entry post-entry-type-page post-entry-56'><div class='entry-content-wrapper clearfix'>\n<div  class='flex_column av-cl5us-b5426dc01823bc4b6fdb8cff973efa6d av_one_half  avia-builder-el-6  el_after_av_section  el_before_av_one_half  avia-builder-el-first  first flex_column_div'     ><p>\n<style type=\"text\/css\" data-created_by=\"avia_inline_auto\" id=\"style-css-av-cbcgk-61288cba001646d70386dedd8eb700c7\">\n#top .av-special-heading.av-cbcgk-61288cba001646d70386dedd8eb700c7{\npadding-bottom:10px;\n}\nbody .av-special-heading.av-cbcgk-61288cba001646d70386dedd8eb700c7 .av-special-heading-tag .heading-char{\nfont-size:25px;\n}\n.av-special-heading.av-cbcgk-61288cba001646d70386dedd8eb700c7 .av-subheading{\nfont-size:15px;\n}\n<\/style>\n<div  class='av-special-heading av-cbcgk-61288cba001646d70386dedd8eb700c7 av-special-heading-h2 blockquote modern-quote  avia-builder-el-7  el_before_av_textblock  avia-builder-el-first'><h2 class='av-special-heading-tag'  itemprop=\"headline\"  >Notre histoire <\/h2><div class=\"special-heading-border\"><div class=\"special-heading-inner-border\"><\/div><\/div><\/div><br \/>\n<section  class='av_textblock_section av-bsmgo-93d7ba3337c180b55acabe0c7c011fef'   itemscope=\"itemscope\" itemtype=\"https:\/\/schema.org\/CreativeWork\" ><div class='avia_textblock'  itemprop=\"text\" ><p>Depuis notre cr\u00e9ation en 2002, nous sommes passionn\u00e9s par le d\u00e9veloppement et la gestion d'immeubles commerciaux dans toute la Suisse. Au fil des ans, nous avons fourni des solutions immobili\u00e8res et \u00e9tabli des partenariats avec des leaders du march\u00e9 tels que Migros, Lidl, Aldi, Decathlon, C&amp;A, Thomson Reuters, BMW et des entit\u00e9s gouvernementales.<br \/>\nNotre si\u00e8ge dans le centre d'affaires dynamique de Zoug, o\u00f9 de nombreuses entreprises internationales sont \u00e9tablis, nous fournit la base id\u00e9ale pour transformer notre vision en r\u00e9alit\u00e9.<br \/>\nEn tant que division suisse de RLG (Rida Lababedi Group of Companies), nous faisons partie d'une entreprise familiale internationale avec une tradition de r\u00e9ussite entrepreneuriale. Notre approche professionnelle sans compromis et notre \u00e9thique de travail fond\u00e9e sur les valeurs familiales nous ont permis d'\u00e9tablir des partenariats de longue date et des relations de confiance avec nos partenaires et les communaut\u00e9s locales.<\/p>\n<\/div><\/section><\/p><\/div>\n<div  class='flex_column av-6scvo-0093282b0739e441d15b93797ef4b306 av_one_half  avia-builder-el-9  el_after_av_one_half  avia-builder-el-last  flex_column_div'     ><p>\n<style type=\"text\/css\" data-created_by=\"avia_inline_auto\" id=\"style-css-av-6gsag-52856c32e571174c95925c7154c3d0ed\">\n#top .av-special-heading.av-6gsag-52856c32e571174c95925c7154c3d0ed{\npadding-bottom:10px;\n}\nbody .av-special-heading.av-6gsag-52856c32e571174c95925c7154c3d0ed .av-special-heading-tag .heading-char{\nfont-size:25px;\n}\n.av-special-heading.av-6gsag-52856c32e571174c95925c7154c3d0ed .av-subheading{\nfont-size:15px;\n}\n<\/style>\n<div  class='av-special-heading av-6gsag-52856c32e571174c95925c7154c3d0ed av-special-heading-h2 blockquote modern-quote  avia-builder-el-10  el_before_av_textblock  avia-builder-el-first'><h2 class='av-special-heading-tag'  itemprop=\"headline\"  >Notre portefeuille et notre vision de l'avenir<\/h2><div class=\"special-heading-border\"><div class=\"special-heading-inner-border\"><\/div><\/div><\/div><br \/>\n<section  class='av_textblock_section av-5shwo-40d51864a97eb5e6004115218009149f'   itemscope=\"itemscope\" itemtype=\"https:\/\/schema.org\/CreativeWork\" ><div class='avia_textblock'  itemprop=\"text\" ><p>Westgate a constitu\u00e9 un portefeuille solide et diversifi\u00e9 d'immeubles commerciaux suisses. Notre processus d'acquisition rigoureux, qui met l'accent sur les emplacements strat\u00e9giques, les perspectives du march\u00e9 local et les locataires de qualit\u00e9, a permis d'obtenir des r\u00e9sultats fructueux depuis 2002.<br \/>\nSur un march\u00e9 en \u00e9volution rapide et face au d\u00e9fi de l'adaptation \u00e0 un monde num\u00e9rique, nous sommes pr\u00eats \u00e0 r\u00e9sister \u00e0 l'\u00e9preuve du temps. La confiance durable de nos partenaires commerciaux et le renouvellement constant de leurs baux en sont la meilleure preuve.<br \/>\nNotre vision pour l'avenir est de continuer \u00e0 offrir \u00e0 nos partenaires des opportunit\u00e9s int\u00e9ressantes et rentables et de promouvoir des partenariats \u00e0 long terme, \u00e9quitables et mutuellement b\u00e9n\u00e9fiques. Nous souhaitons d\u00e9velopper notre portefeuille en Suisse avec la passion et l'excellence qui sont devenues une tradition au sein de l'entreprise.<\/p>\n<\/div><\/section><\/p><\/div>","protected":false},"excerpt":{"rendered":"","protected":false},"author":2,"featured_media":0,"parent":0,"menu_order":2000,"comment_status":"closed","ping_status":"closed","template":"","meta":{"footnotes":""},"class_list":["post-56","page","type-page","status-publish","hentry"],"aioseo_notices":[],"_links":{"self":[{"href":"https:\/\/westgate.ch\/fr\/wp-json\/wp\/v2\/pages\/56","targetHints":{"allow":["GET"]}}],"collection":[{"href":"https:\/\/westgate.ch\/fr\/wp-json\/wp\/v2\/pages"}],"about":[{"href":"https:\/\/westgate.ch\/fr\/wp-json\/wp\/v2\/types\/page"}],"author":[{"embeddable":true,"href":"https:\/\/westgate.ch\/fr\/wp-json\/wp\/v2\/users\/2"}],"replies":[{"embeddable":true,"href":"https:\/\/westgate.ch\/fr\/wp-json\/wp\/v2\/comments?post=56"}],"version-history":[{"count":14,"href":"https:\/\/westgate.ch\/fr\/wp-json\/wp\/v2\/pages\/56\/revisions"}],"predecessor-version":[{"id":885,"href":"https:\/\/westgate.ch\/fr\/wp-json\/wp\/v2\/pages\/56\/revisions\/885"}],"wp:attachment":[{"href":"https:\/\/westgate.ch\/fr\/wp-json\/wp\/v2\/media?parent=56"}],"curies":[{"name":"wp","href":"https:\/\/api.w.org\/{rel}","templated":true}]}}