{"id":506,"date":"2024-06-10T14:37:39","date_gmt":"2024-06-10T12:37:39","guid":{"rendered":"https:\/\/westgate.ch\/?page_id=506"},"modified":"2024-11-18T20:18:14","modified_gmt":"2024-11-18T19:18:14","slug":"legal","status":"publish","type":"page","link":"https:\/\/westgate.ch\/fr\/legal\/","title":{"rendered":"Juridique"},"content":{"rendered":"<style type=\"text\/css\" data-created_by=\"avia_inline_auto\" id=\"style-css-av-4dximq-8721229e59cfe69ac381147822b4d8c9\">\n.avia-section.av-4dximq-8721229e59cfe69ac381147822b4d8c9{\nbackground-repeat:no-repeat;\nbackground-image:url(https:\/\/westgate.ch\/wp-content\/uploads\/2024\/06\/AdobeStock_731609624-scaled.jpeg);\nbackground-position:50% 50%;\nbackground-attachment:scroll;\n}\n.avia-section.av-4dximq-8721229e59cfe69ac381147822b4d8c9 .av-section-color-overlay{\nopacity:0.5;\nbackground-color:#000000;\n}\n<\/style>\n<div id='av_section_1'  class='avia-section av-4dximq-8721229e59cfe69ac381147822b4d8c9 main_color avia-section-large avia-no-border-styling  avia-builder-el-0  el_before_av_one_full  avia-builder-el-first  avia-full-stretch avia-bg-style-scroll av-section-color-overlay-active container_wrap fullsize'  data-section-bg-repeat='stretch'><div class=\"av-section-color-overlay-wrap\"><div class=\"av-section-color-overlay\"><\/div><div class='container av-section-cont-open' ><main  role=\"main\" itemprop=\"mainContentOfPage\"  class='template-page content  av-content-full alpha units'><div class='post-entry post-entry-type-page post-entry-506'><div class='entry-content-wrapper clearfix'>\n<div  class='flex_column av-48bhhe-e2cb8353865ada1e64aeb01eea0b5012 av_one_fifth  avia-builder-el-1  el_before_av_three_fifth  avia-builder-el-first  first flex_column_div'     ><\/div><div  class='flex_column av-426j0a-2c3483374e3bebe1b05db602ab272e75 av_three_fifth  avia-builder-el-2  el_after_av_one_fifth  el_before_av_one_fifth  flex_column_div'     ><p>\n<style type=\"text\/css\" data-created_by=\"avia_inline_auto\" id=\"style-css-av-lxacx4py-f974e2c841c3023e87ed03eea684b629\">\n#top .av-special-heading.av-lxacx4py-f974e2c841c3023e87ed03eea684b629{\npadding-bottom:10px;\ncolor:#ffffff;\n}\nbody .av-special-heading.av-lxacx4py-f974e2c841c3023e87ed03eea684b629 .av-special-heading-tag .heading-char{\nfont-size:25px;\n}\n.av-special-heading.av-lxacx4py-f974e2c841c3023e87ed03eea684b629 .special-heading-inner-border{\nborder-color:#ffffff;\n}\n.av-special-heading.av-lxacx4py-f974e2c841c3023e87ed03eea684b629 .av-subheading{\nfont-size:15px;\n}\n<\/style>\n<div  class='av-special-heading av-lxacx4py-f974e2c841c3023e87ed03eea684b629 av-special-heading-h1 custom-color-heading blockquote modern-quote modern-centered  avia-builder-el-3  el_before_av_textblock  avia-builder-el-first'><h1 class='av-special-heading-tag'  itemprop=\"headline\"  >Juridique<\/h1><div class=\"special-heading-border\"><div class=\"special-heading-inner-border\"><\/div><\/div><\/div><br \/>\n\n<style type=\"text\/css\" data-created_by=\"avia_inline_auto\" id=\"style-css-av-3vq0my-6b665e3f80c36c51c27bcc137588c2c7\">\n#top .av_textblock_section.av-3vq0my-6b665e3f80c36c51c27bcc137588c2c7 .avia_textblock{\ncolor:#ffffff;\n}\n<\/style>\n<section  class='av_textblock_section av-3vq0my-6b665e3f80c36c51c27bcc137588c2c7'   itemscope=\"itemscope\" itemtype=\"https:\/\/schema.org\/CreativeWork\" ><div class='avia_textblock av_inherit_color'  itemprop=\"text\" ><div class=\"flex flex-grow flex-col max-w-full\">\n<div class=\"min-h-&#091;20px&#093; text-message flex flex-col items-start whitespace-pre-wrap break-words &#091;.text-message+&amp;&#093;:mt-5 juice:w-full juice:items-end overflow-x-auto gap-2\" dir=\"auto\" data-message-author-role=\"assistant\" data-message-id=\"906f240a-2c67-4a51-9490-a8cc4e3f1f7c\">\n<div class=\"flex w-full flex-col gap-1 juice:empty:hidden juice:first:pt-&#091;3px&#093;\">\n<div class=\"markdown prose w-full break-words dark:prose-invert light\">\n<p style=\"text-align: center;\">Bienvenue dans la section juridique de Westgate Investments AG. Vous y trouverez des informations sur nos obligations l\u00e9gales et nos politiques. Nous accordons une grande importance au respect de toutes les r\u00e9glementations et \u00e0 la transparence de nos processus. Si vous avez des questions, n'h\u00e9sitez pas \u00e0 nous contacter.<\/p>\n<\/div>\n<\/div>\n<\/div>\n<\/div>\n<\/div><\/section><\/p><\/div><div  class='flex_column av-3pb1tm-1f0ee0ec8047d8d42ad7fce3f73e5e82 av_one_fifth  avia-builder-el-5  el_after_av_three_fifth  avia-builder-el-last  flex_column_div'     ><\/div><\/div><\/div><\/main><!-- close content main element --><\/div><\/div><\/div><div id='after_section_1'  class='main_color av_default_container_wrap container_wrap fullsize'  ><div class='container av-section-cont-open' ><div class='template-page content  av-content-full alpha units'><div class='post-entry post-entry-type-page post-entry-506'><div class='entry-content-wrapper clearfix'><div  class='flex_column av-3ix8oa-41472627e07fe0ef25b1527fd8b913ea av_one_full  avia-builder-el-6  el_after_av_section  avia-builder-el-no-sibling  first flex_column_div'     ><p>\n<style type=\"text\/css\" data-created_by=\"avia_inline_auto\" id=\"style-css-av-3fjwma-f8faa9469bfdec82a26f1423032f7357\">\n#top .av-special-heading.av-3fjwma-f8faa9469bfdec82a26f1423032f7357{\npadding-bottom:10px;\n}\nbody .av-special-heading.av-3fjwma-f8faa9469bfdec82a26f1423032f7357 .av-special-heading-tag .heading-char{\nfont-size:25px;\n}\n.av-special-heading.av-3fjwma-f8faa9469bfdec82a26f1423032f7357 .av-subheading{\nfont-size:15px;\n}\n<\/style>\n<div  class='av-special-heading av-3fjwma-f8faa9469bfdec82a26f1423032f7357 av-special-heading-h2 blockquote modern-quote  avia-builder-el-7  el_before_av_textblock  avia-builder-el-first'><h2 class='av-special-heading-tag'  itemprop=\"headline\"  >Pas de garantie <span class='special_amp'>&amp;<\/span> Pas de responsabilit\u00e9<\/h2><div class=\"special-heading-border\"><div class=\"special-heading-inner-border\"><\/div><\/div><\/div><br \/>\n<section  class='av_textblock_section av-39l3le-5af4f18d1e3fdd1713901a1210fc74bf'   itemscope=\"itemscope\" itemtype=\"https:\/\/schema.org\/CreativeWork\" ><div class='avia_textblock'  itemprop=\"text\" ><p>Westgate Investments AG s'efforce de fournir des informations exactes et \u00e0 jour. Toutefois, nous ne fournissons aucune garantie expresse ou implicite quant \u00e0 l'exactitude et \u00e0 l'exhaustivit\u00e9 des informations contenues dans ce site et d\u00e9clinons toute responsabilit\u00e9 quant \u00e0 l'utilisation de ce site ou de tout autre site li\u00e9. Westgate Investments AG se r\u00e9serve le droit de modifier ce site \u00e0 tout moment et sans pr\u00e9avis, mais n'assume aucune responsabilit\u00e9 quant \u00e0 son actualisation. En tant qu'utilisateur, vous acceptez que l'acc\u00e8s et l'utilisation de ce site, ainsi que des sites li\u00e9s et de leur contenu, s'effectuent \u00e0 vos propres risques. Ni Westgate Investments AG ni aucune autre partie impliqu\u00e9e dans la conception, la production ou la diffusion de ce site ou des sites li\u00e9s ne peuvent \u00eatre tenus responsables des dommages directs, accidentels, indirects ou intentionnels r\u00e9sultant de l'acc\u00e8s ou de l'utilisation r\u00e9ussie ou non de ce site, des sites li\u00e9s ou d'erreurs ou d'omissions dans leur contenu.<\/p>\n<\/div><\/section><br \/>\n\n<style type=\"text\/css\" data-created_by=\"avia_inline_auto\" id=\"style-css-av-lxad8apz-a22a99eeabaa61c3b2b16b7e0b8a64ae\">\n#top .av-special-heading.av-lxad8apz-a22a99eeabaa61c3b2b16b7e0b8a64ae{\npadding-bottom:10px;\n}\nbody .av-special-heading.av-lxad8apz-a22a99eeabaa61c3b2b16b7e0b8a64ae .av-special-heading-tag .heading-char{\nfont-size:25px;\n}\n.av-special-heading.av-lxad8apz-a22a99eeabaa61c3b2b16b7e0b8a64ae .av-subheading{\nfont-size:15px;\n}\n<\/style>\n<div  class='av-special-heading av-lxad8apz-a22a99eeabaa61c3b2b16b7e0b8a64ae av-special-heading-h2 blockquote modern-quote  avia-builder-el-9  el_after_av_textblock  el_before_av_textblock'><h2 class='av-special-heading-tag'  itemprop=\"headline\"  >Liens<\/h2><div class=\"special-heading-border\"><div class=\"special-heading-inner-border\"><\/div><\/div><\/div><br \/>\n<section  class='av_textblock_section av-lxad8ktc-e992127ddf7791b975a240e08eead0b3'   itemscope=\"itemscope\" itemtype=\"https:\/\/schema.org\/CreativeWork\" ><div class='avia_textblock'  itemprop=\"text\" ><p>Les liens vers les sites web de tiers sont fournis \u00e0 titre de courtoisie. Nous n'exprimons aucune opinion sur le contenu des sites web de tiers et d\u00e9clinons explicitement toute responsabilit\u00e9 quant aux informations fournies par des tiers et \u00e0 leur utilisation.<\/p>\n<\/div><\/section><br \/>\n\n<style type=\"text\/css\" data-created_by=\"avia_inline_auto\" id=\"style-css-av-lxadap2p-cbdb201b09afd7da42b7504f9f3daf84\">\n#top .av-special-heading.av-lxadap2p-cbdb201b09afd7da42b7504f9f3daf84{\npadding-bottom:10px;\n}\nbody .av-special-heading.av-lxadap2p-cbdb201b09afd7da42b7504f9f3daf84 .av-special-heading-tag .heading-char{\nfont-size:25px;\n}\n.av-special-heading.av-lxadap2p-cbdb201b09afd7da42b7504f9f3daf84 .av-subheading{\nfont-size:15px;\n}\n<\/style>\n<div  class='av-special-heading av-lxadap2p-cbdb201b09afd7da42b7504f9f3daf84 av-special-heading-h2 blockquote modern-quote  avia-builder-el-11  el_after_av_textblock  el_before_av_textblock'><h2 class='av-special-heading-tag'  itemprop=\"headline\"  >Marques d\u00e9pos\u00e9es<\/h2><div class=\"special-heading-border\"><div class=\"special-heading-inner-border\"><\/div><\/div><\/div><br \/>\n<section  class='av_textblock_section av-lxadauct-d33916bca1b86281c606021b959231d9'   itemscope=\"itemscope\" itemtype=\"https:\/\/schema.org\/CreativeWork\" ><div class='avia_textblock'  itemprop=\"text\" ><p>Toutes les marques mentionn\u00e9es sont soit la propri\u00e9t\u00e9 de RLG Holding ou de Westgate Investments AG, soit sous licence. Les autres marques cit\u00e9es sont celles des locataires ou des partenaires auxquels il est fait r\u00e9f\u00e9rence.<\/p>\n<\/div><\/section><br \/>\n\n<style type=\"text\/css\" data-created_by=\"avia_inline_auto\" id=\"style-css-av-lxadbhi7-abad2b34a3b28fb195446f3706916ac5\">\n#top .av-special-heading.av-lxadbhi7-abad2b34a3b28fb195446f3706916ac5{\npadding-bottom:10px;\n}\nbody .av-special-heading.av-lxadbhi7-abad2b34a3b28fb195446f3706916ac5 .av-special-heading-tag .heading-char{\nfont-size:25px;\n}\n.av-special-heading.av-lxadbhi7-abad2b34a3b28fb195446f3706916ac5 .av-subheading{\nfont-size:15px;\n}\n<\/style>\n<div  class='av-special-heading av-lxadbhi7-abad2b34a3b28fb195446f3706916ac5 av-special-heading-h2 blockquote modern-quote  avia-builder-el-13  el_after_av_textblock  el_before_av_textblock'><h2 class='av-special-heading-tag'  itemprop=\"headline\"  >Droit d'auteur<\/h2><div class=\"special-heading-border\"><div class=\"special-heading-inner-border\"><\/div><\/div><\/div><br \/>\n<section  class='av_textblock_section av-lxadbmtg-37802fac044ec2afbd356179bb4d8f12'   itemscope=\"itemscope\" itemtype=\"https:\/\/schema.org\/CreativeWork\" ><div class='avia_textblock'  itemprop=\"text\" ><p>Le site Internet de Westgate Investments AG et les informations qu'il contient et auxquelles il fait r\u00e9f\u00e9rence sont uniquement destin\u00e9s \u00e0 des fins d'information. Toute reproduction, distribution ou autre utilisation est strictement interdite. Les demandes d'autorisation de reproduction d'informations de ce site doivent \u00eatre adress\u00e9es au webmaster de Westgate Investments AG.<\/p>\n<\/div><\/section><\/p><\/div><\/p>","protected":false},"excerpt":{"rendered":"","protected":false},"author":2,"featured_media":0,"parent":0,"menu_order":12000,"comment_status":"closed","ping_status":"closed","template":"","meta":{"footnotes":""},"class_list":["post-506","page","type-page","status-publish","hentry"],"aioseo_notices":[],"_links":{"self":[{"href":"https:\/\/westgate.ch\/fr\/wp-json\/wp\/v2\/pages\/506","targetHints":{"allow":["GET"]}}],"collection":[{"href":"https:\/\/westgate.ch\/fr\/wp-json\/wp\/v2\/pages"}],"about":[{"href":"https:\/\/westgate.ch\/fr\/wp-json\/wp\/v2\/types\/page"}],"author":[{"embeddable":true,"href":"https:\/\/westgate.ch\/fr\/wp-json\/wp\/v2\/users\/2"}],"replies":[{"embeddable":true,"href":"https:\/\/westgate.ch\/fr\/wp-json\/wp\/v2\/comments?post=506"}],"version-history":[{"count":11,"href":"https:\/\/westgate.ch\/fr\/wp-json\/wp\/v2\/pages\/506\/revisions"}],"predecessor-version":[{"id":929,"href":"https:\/\/westgate.ch\/fr\/wp-json\/wp\/v2\/pages\/506\/revisions\/929"}],"wp:attachment":[{"href":"https:\/\/westgate.ch\/fr\/wp-json\/wp\/v2\/media?parent=506"}],"curies":[{"name":"wp","href":"https:\/\/api.w.org\/{rel}","templated":true}]}}