{"id":504,"date":"2024-06-10T14:37:28","date_gmt":"2024-06-10T12:37:28","guid":{"rendered":"https:\/\/westgate.ch\/?page_id=504"},"modified":"2024-11-18T20:08:05","modified_gmt":"2024-11-18T19:08:05","slug":"legal-notice","status":"publish","type":"page","link":"https:\/\/westgate.ch\/fr\/legal-notice\/","title":{"rendered":"Legal Notice"},"content":{"rendered":"<style type=\"text\/css\" data-created_by=\"avia_inline_auto\" id=\"style-css-av-ffacw-27103cc85d2cc092fa443f61754ce16f\">\n.avia-section.av-ffacw-27103cc85d2cc092fa443f61754ce16f{\nbackground-repeat:no-repeat;\nbackground-image:url(http:\/\/westgate.ch\/wp-content\/uploads\/2024\/06\/AdobeStock_298439100.jpeg);\nbackground-position:50% 50%;\nbackground-attachment:scroll;\n}\n.avia-section.av-ffacw-27103cc85d2cc092fa443f61754ce16f .av-section-color-overlay{\nopacity:0.5;\nbackground-color:#000000;\n}\n<\/style>\n<div id='av_section_1'  class='avia-section av-ffacw-27103cc85d2cc092fa443f61754ce16f main_color avia-section-large avia-no-border-styling  avia-builder-el-0  el_before_av_one_full  avia-builder-el-first  avia-full-stretch avia-bg-style-scroll av-section-color-overlay-active container_wrap fullsize'  data-section-bg-repeat='stretch'><div class=\"av-section-color-overlay-wrap\"><div class=\"av-section-color-overlay\"><\/div><div class='container av-section-cont-open' ><main  role=\"main\" itemprop=\"mainContentOfPage\"  class='template-page content  av-content-full alpha units'><div class='post-entry post-entry-type-page post-entry-504'><div class='entry-content-wrapper clearfix'>\n<div  class='flex_column av-42mmhc-f5f7ea6bd13933a24645312679e0a488 av_one_fifth  avia-builder-el-1  el_before_av_three_fifth  avia-builder-el-first  first flex_column_div'     ><\/div><div  class='flex_column av-3w9exs-38f3ac42691ee060ed251e27c6b17f4c av_three_fifth  avia-builder-el-2  el_after_av_one_fifth  el_before_av_one_fifth  flex_column_div'     ><p>\n<style type=\"text\/css\" data-created_by=\"avia_inline_auto\" id=\"style-css-av-lxac5fx8-6318da931e9fee99110eeb113bb81df5\">\n#top .av-special-heading.av-lxac5fx8-6318da931e9fee99110eeb113bb81df5{\npadding-bottom:10px;\ncolor:#ffffff;\n}\nbody .av-special-heading.av-lxac5fx8-6318da931e9fee99110eeb113bb81df5 .av-special-heading-tag .heading-char{\nfont-size:25px;\n}\n.av-special-heading.av-lxac5fx8-6318da931e9fee99110eeb113bb81df5 .special-heading-inner-border{\nborder-color:#ffffff;\n}\n.av-special-heading.av-lxac5fx8-6318da931e9fee99110eeb113bb81df5 .av-subheading{\nfont-size:15px;\n}\n<\/style>\n<div  class='av-special-heading av-lxac5fx8-6318da931e9fee99110eeb113bb81df5 av-special-heading-h1 custom-color-heading blockquote modern-quote modern-centered  avia-builder-el-3  el_before_av_textblock  avia-builder-el-first'><h1 class='av-special-heading-tag'  itemprop=\"headline\"  >Legal Notice<\/h1><div class=\"special-heading-border\"><div class=\"special-heading-inner-border\"><\/div><\/div><\/div><br \/>\n\n<style type=\"text\/css\" data-created_by=\"avia_inline_auto\" id=\"style-css-av-lxac74s9-69c1bc3c1f50149f1e37f632855424ff\">\n#top .av_textblock_section.av-lxac74s9-69c1bc3c1f50149f1e37f632855424ff .avia_textblock{\ncolor:#ffffff;\n}\n<\/style>\n<section  class='av_textblock_section av-lxac74s9-69c1bc3c1f50149f1e37f632855424ff'   itemscope=\"itemscope\" itemtype=\"https:\/\/schema.org\/CreativeWork\" ><div class='avia_textblock av_inherit_color'  itemprop=\"text\" ><div class=\"flex flex-grow flex-col max-w-full\">\n<div class=\"min-h-&#091;20px&#093; text-message flex flex-col items-start whitespace-pre-wrap break-words &#091;.text-message+&amp;&#093;:mt-5 juice:w-full juice:items-end overflow-x-auto gap-2\" dir=\"auto\" data-message-author-role=\"assistant\" data-message-id=\"906f240a-2c67-4a51-9490-a8cc4e3f1f7c\">\n<div class=\"flex w-full flex-col gap-1 juice:empty:hidden juice:first:pt-&#091;3px&#093;\">\n<div class=\"markdown prose w-full break-words dark:prose-invert light\">\n<p style=\"text-align: center;\">Bienvenue dans l'avis juridique de Westgate Investments AG. Vous trouverez ici toutes les informations essentielles sur notre soci\u00e9t\u00e9, y compris nos responsabilit\u00e9s l\u00e9gales et les coordonn\u00e9es de nos repr\u00e9sentants. La transparence est de la plus haute importance pour nous, et nous sommes heureux de r\u00e9pondre \u00e0 vos questions ou \u00e0 vos pr\u00e9occupations.<\/p>\n<\/div>\n<\/div>\n<\/div>\n<\/div>\n<\/div><\/section><\/p><\/div><div  class='flex_column av-3prxug-c41c9d54c20d8cdd6f46875c712d4555 av_one_fifth  avia-builder-el-5  el_after_av_three_fifth  avia-builder-el-last  flex_column_div'     ><\/div>\n<\/div><\/div><\/main><!-- close content main element --><\/div><\/div><\/div><div id='after_section_1'  class='main_color av_default_container_wrap container_wrap fullsize'  ><div class='container av-section-cont-open' ><div class='template-page content  av-content-full alpha units'><div class='post-entry post-entry-type-page post-entry-504'><div class='entry-content-wrapper clearfix'>\n<div  class='flex_column av-3m6cq0-0bcb32a51a4b6683807c0f12e5caaa6e av_one_full  avia-builder-el-6  el_after_av_section  avia-builder-el-no-sibling  first flex_column_div'     ><p>\n<style type=\"text\/css\" data-created_by=\"avia_inline_auto\" id=\"style-css-av-3cmr4g-a5a01913c73e2911c2f289e9a02995ca\">\n#top .av-special-heading.av-3cmr4g-a5a01913c73e2911c2f289e9a02995ca{\npadding-bottom:10px;\n}\nbody .av-special-heading.av-3cmr4g-a5a01913c73e2911c2f289e9a02995ca .av-special-heading-tag .heading-char{\nfont-size:25px;\n}\n.av-special-heading.av-3cmr4g-a5a01913c73e2911c2f289e9a02995ca .av-subheading{\nfont-size:15px;\n}\n<\/style>\n<div  class='av-special-heading av-3cmr4g-a5a01913c73e2911c2f289e9a02995ca av-special-heading-h2 blockquote modern-quote  avia-builder-el-7  el_before_av_textblock  avia-builder-el-first'><h2 class='av-special-heading-tag'  itemprop=\"headline\"  >Contact<\/h2><div class=\"special-heading-border\"><div class=\"special-heading-inner-border\"><\/div><\/div><\/div><br \/>\n<section  class='av_textblock_section av-3b0naw-525a2e882047608c4c529e6295dc68b4'   itemscope=\"itemscope\" itemtype=\"https:\/\/schema.org\/CreativeWork\" ><div class='avia_textblock'  itemprop=\"text\" ><p>Westgate Investments AG<br \/>\nN\u00fcschelerstrasse 30<br \/>\n8001 Zurich<br \/>\nSuisse<\/p>\n<p><strong>T :<\/strong>\u00a0<a href=\"tel:0041442187800\">+41 44 218 78 00<\/a><br \/>\n<strong>E :<\/strong>\u00a0<a href=\"mailto:info@westgate.ch\">info@westgate.ch<\/a><\/p>\n<\/div><\/section><br \/>\n\n<style type=\"text\/css\" data-created_by=\"avia_inline_auto\" id=\"style-css-av-ev1yo-f2e15944a73300e53343c9721993e66c\">\n#top .av-special-heading.av-ev1yo-f2e15944a73300e53343c9721993e66c{\npadding-bottom:10px;\n}\nbody .av-special-heading.av-ev1yo-f2e15944a73300e53343c9721993e66c .av-special-heading-tag .heading-char{\nfont-size:25px;\n}\n.av-special-heading.av-ev1yo-f2e15944a73300e53343c9721993e66c .av-subheading{\nfont-size:15px;\n}\n<\/style>\n<div  class='av-special-heading av-ev1yo-f2e15944a73300e53343c9721993e66c av-special-heading-h2 blockquote modern-quote  avia-builder-el-9  el_after_av_textblock  el_before_av_textblock'><h2 class='av-special-heading-tag'  itemprop=\"headline\"  >Concept du site web <span class='special_amp'>&amp;<\/span> Conception<\/h2><div class=\"special-heading-border\"><div class=\"special-heading-inner-border\"><\/div><\/div><\/div><br \/>\n<section  class='av_textblock_section av-8xj8g-fe5dc67f5f74272a73f14c7e919078da'   itemscope=\"itemscope\" itemtype=\"https:\/\/schema.org\/CreativeWork\" ><div class='avia_textblock'  itemprop=\"text\" ><p>Swiss Media Design GmbH<strong><br \/>\n<\/strong>Bahnhofstrasse 49<br \/>\n9470 Buchs<br \/>\nSuisse<\/p>\n<p><strong>T :<\/strong>\u00a0<a href=\"tel:0041817560030\">+41 81 756 00 30<\/a><br \/>\n<strong>E :<\/strong>\u00a0<a href=\"mailto:info@swissmediadesign.com\">info@swissmediadesign.com<\/a><\/p>\n<\/div><\/section><\/p><\/div>","protected":false},"excerpt":{"rendered":"","protected":false},"author":2,"featured_media":0,"parent":0,"menu_order":11000,"comment_status":"closed","ping_status":"closed","template":"","meta":{"footnotes":""},"class_list":["post-504","page","type-page","status-publish","hentry"],"aioseo_notices":[],"_links":{"self":[{"href":"https:\/\/westgate.ch\/fr\/wp-json\/wp\/v2\/pages\/504","targetHints":{"allow":["GET"]}}],"collection":[{"href":"https:\/\/westgate.ch\/fr\/wp-json\/wp\/v2\/pages"}],"about":[{"href":"https:\/\/westgate.ch\/fr\/wp-json\/wp\/v2\/types\/page"}],"author":[{"embeddable":true,"href":"https:\/\/westgate.ch\/fr\/wp-json\/wp\/v2\/users\/2"}],"replies":[{"embeddable":true,"href":"https:\/\/westgate.ch\/fr\/wp-json\/wp\/v2\/comments?post=504"}],"version-history":[{"count":10,"href":"https:\/\/westgate.ch\/fr\/wp-json\/wp\/v2\/pages\/504\/revisions"}],"predecessor-version":[{"id":927,"href":"https:\/\/westgate.ch\/fr\/wp-json\/wp\/v2\/pages\/504\/revisions\/927"}],"wp:attachment":[{"href":"https:\/\/westgate.ch\/fr\/wp-json\/wp\/v2\/media?parent=504"}],"curies":[{"name":"wp","href":"https:\/\/api.w.org\/{rel}","templated":true}]}}