{"id":106,"date":"2024-05-30T11:57:24","date_gmt":"2024-05-30T09:57:24","guid":{"rendered":"https:\/\/westgate.ch\/?page_id=106"},"modified":"2025-03-21T18:34:58","modified_gmt":"2025-03-21T17:34:58","slug":"rlg-holdings","status":"publish","type":"page","link":"https:\/\/westgate.ch\/fr\/about-us\/rlg-holdings\/","title":{"rendered":"RLG Holdings"},"content":{"rendered":"<style type=\"text\/css\" data-created_by=\"avia_inline_auto\" id=\"style-css-av-1t2f8q-dae2c12f106e4ddedf65f017efc402d5\">\n.avia-section.av-1t2f8q-dae2c12f106e4ddedf65f017efc402d5{\nbackground-repeat:no-repeat;\nbackground-image:url(https:\/\/westgate.ch\/wp-content\/uploads\/2024\/06\/AdobeStock_645023613.png);\nbackground-position:50% 50%;\nbackground-attachment:scroll;\n}\n.avia-section.av-1t2f8q-dae2c12f106e4ddedf65f017efc402d5 .av-section-color-overlay{\nopacity:0.5;\nbackground-color:#000000;\n}\n<\/style>\n<div id='av_section_1'  class='avia-section av-1t2f8q-dae2c12f106e4ddedf65f017efc402d5 main_color avia-section-large avia-no-border-styling  avia-builder-el-0  el_before_av_one_half  avia-builder-el-first  avia-full-stretch avia-bg-style-scroll av-section-color-overlay-active container_wrap fullsize'  data-section-bg-repeat='stretch'><div class=\"av-section-color-overlay-wrap\"><div class=\"av-section-color-overlay\"><\/div><div class='container av-section-cont-open' ><main  role=\"main\" itemprop=\"mainContentOfPage\"  class='template-page content  av-content-full alpha units'><div class='post-entry post-entry-type-page post-entry-106'><div class='entry-content-wrapper clearfix'>\n<div  class='flex_column av-1nav0q-f8e467e6ce8551364cb16abf79a4df81 av_one_fifth  avia-builder-el-1  el_before_av_three_fifth  avia-builder-el-first  first flex_column_div'     ><\/div><div  class='flex_column av-1eto4y-a416250b04ee6baccf8d1f0ee4ed4c41 av_three_fifth  avia-builder-el-2  el_after_av_one_fifth  el_before_av_one_fifth  flex_column_div'     ><p>\n<style type=\"text\/css\" data-created_by=\"avia_inline_auto\" id=\"style-css-av-lxaj1fpj-4e9a52b977472f3c4fa83ac60d2c49fc\">\n#top .av-special-heading.av-lxaj1fpj-4e9a52b977472f3c4fa83ac60d2c49fc{\npadding-bottom:10px;\ncolor:#ffffff;\n}\nbody .av-special-heading.av-lxaj1fpj-4e9a52b977472f3c4fa83ac60d2c49fc .av-special-heading-tag .heading-char{\nfont-size:25px;\n}\n.av-special-heading.av-lxaj1fpj-4e9a52b977472f3c4fa83ac60d2c49fc .special-heading-inner-border{\nborder-color:#ffffff;\n}\n.av-special-heading.av-lxaj1fpj-4e9a52b977472f3c4fa83ac60d2c49fc .av-subheading{\nfont-size:15px;\n}\n<\/style>\n<div  class='av-special-heading av-lxaj1fpj-4e9a52b977472f3c4fa83ac60d2c49fc av-special-heading-h1 custom-color-heading blockquote modern-quote modern-centered  avia-builder-el-3  el_before_av_textblock  avia-builder-el-first'><h1 class='av-special-heading-tag'  itemprop=\"headline\"  >RLG Holdings<\/h1><div class=\"special-heading-border\"><div class=\"special-heading-inner-border\"><\/div><\/div><\/div><br \/>\n\n<style type=\"text\/css\" data-created_by=\"avia_inline_auto\" id=\"style-css-av-19nox6-1f2a85f2c5d81cf5bf9597ef2b18ca81\">\n#top .av_textblock_section.av-19nox6-1f2a85f2c5d81cf5bf9597ef2b18ca81 .avia_textblock{\ncolor:#ffffff;\n}\n<\/style>\n<section  class='av_textblock_section av-19nox6-1f2a85f2c5d81cf5bf9597ef2b18ca81'   itemscope=\"itemscope\" itemtype=\"https:\/\/schema.org\/CreativeWork\" ><div class='avia_textblock av_inherit_color'  itemprop=\"text\" ><p style=\"text-align: center;\">Apr\u00e8s des d\u00e9buts modestes en tant que maison de commerce de textile \u00e0 Manchester (Angleterre) en 1920, Rida Lababedi Group (RLG) s'est d\u00e9velopp\u00e9 pour devenir une organisation mondiale. Notre succ\u00e8s et notre expansion dans de nombreux secteurs d'activit\u00e9 t\u00e9moignent d'un mod\u00e8le d'entreprise tr\u00e8s adaptable, ax\u00e9 sur l'excellence et l'innovation.<\/p>\n<\/div><\/section><\/p><\/div><div  class='flex_column av-13h3sy-82734a22fc6cd78ff21c8b848c4e26ad av_one_fifth  avia-builder-el-5  el_after_av_three_fifth  avia-builder-el-last  flex_column_div'     ><\/div>\n<\/div><\/div><\/main><!-- close content main element --><\/div><\/div><\/div><div id='after_section_1'  class='main_color av_default_container_wrap container_wrap fullsize'  ><div class='container av-section-cont-open' ><div class='template-page content  av-content-full alpha units'><div class='post-entry post-entry-type-page post-entry-106'><div class='entry-content-wrapper clearfix'>\n<div  class='flex_column av-z4k02-dfb86310901ba6280f9e0a0f5ac46060 av_one_half  avia-builder-el-6  el_after_av_section  el_before_av_one_half  avia-builder-el-first  first flex_column_div'     ><p>\n<style type=\"text\/css\" data-created_by=\"avia_inline_auto\" id=\"style-css-av-t66eq-05b3ab6acbf8c84bc00e1438590ce2eb\">\n#top .av-special-heading.av-t66eq-05b3ab6acbf8c84bc00e1438590ce2eb{\npadding-bottom:10px;\n}\nbody .av-special-heading.av-t66eq-05b3ab6acbf8c84bc00e1438590ce2eb .av-special-heading-tag .heading-char{\nfont-size:25px;\n}\n.av-special-heading.av-t66eq-05b3ab6acbf8c84bc00e1438590ce2eb .av-subheading{\nfont-size:15px;\n}\n<\/style>\n<div  class='av-special-heading av-t66eq-05b3ab6acbf8c84bc00e1438590ce2eb av-special-heading-h2 blockquote modern-quote  avia-builder-el-7  el_before_av_textblock  avia-builder-el-first'><h2 class='av-special-heading-tag'  itemprop=\"headline\"  >Une tradition commerciale centenaire<\/h2><div class=\"special-heading-border\"><div class=\"special-heading-inner-border\"><\/div><\/div><\/div><br \/>\n<section  class='av_textblock_section av-m1wbu-8f1274bfd3dbc40a3e4b575263734b12'   itemscope=\"itemscope\" itemtype=\"https:\/\/schema.org\/CreativeWork\" ><div class='avia_textblock'  itemprop=\"text\" ><p>Fra\u00eechement d\u00e9barqu\u00e9 de sa ville natale de Damas en 1919, Rida Lababedi a fond\u00e9 son entreprise textile dans le corridor industriel anglais de l'apr\u00e8s-guerre. Il a \u00e9t\u00e9 l'un des pionniers de l'importation de coton du Levant de haute qualit\u00e9, pour traitement \u00e0 Manchester et distribution dans tout les territoires britanniques.<br \/>\nAvec des bureaux et des partenaires commerciaux au Moyen-Orient, en Europe et en Afrique, notre soci\u00e9t\u00e9 avait une connaissance approfondie des besoins de march\u00e9s se d\u00e9veloppant rapidement.  Au fil du temps, nous avons \u00e9tendu nos activit\u00e9s afin de r\u00e9pondre aux besoins croissants de nos partenaires, qu'il s'agisse de transport, de distribution ou de services financiers.<br \/>\nEn 1959, RLG s'\u00e9tant impos\u00e9e comme une importante soci\u00e9t\u00e9 britannique de commerce de textiles, \u00e9tait pr\u00eate \u00e0 se lancer dans de nouvelles entreprises. Le succ\u00e8s le plus notable dans les industries nouvelles a \u00e9t\u00e9 notre partenariat passionnant avec Nissan Motors et Datsun, qui nous ont confi\u00e9 la licence de distribution de leurs v\u00e9hicules \u00e0 moteur en plein essor, dans toute l'Afrique de l'Ouest. Ce partenariat a marqu\u00e9 un tournant dans notre histoire, puisque nous sommes rapidement devenus l'un des trois premiers distributeurs mondiaux de Nissan. Cela nous a permis d'\u00e9tendre nos activit\u00e9s commerciales \u00e0 l'\u00e9chelle mondiale. Forts de nos succ\u00e8s dans les secteurs du textile et de l'automobile, nous avons \u00e9tabli un si\u00e8ge secondaire \u00e0 Lagos, au Nigeria. C'est l\u00e0 que nous avons cr\u00e9\u00e9 des entreprises prosp\u00e8res produisant des meubles, des plastiques, des produits m\u00e9talliques et des boissons non alcoolis\u00e9es. Notre entreprise mondiale a rapidement englob\u00e9 des soci\u00e9t\u00e9s aussi diverses qu'une flotte de p\u00eache, une compagnie de taxis, deux distributeurs logistiques et des mines de m\u00e9taux pr\u00e9cieux.<br \/>\n\u00c0 partir de 1966, les besoins croissants de notre entreprise en bureaux et en locaux industriels nous ont amen\u00e9s \u00e0 nous lancer dans l'immobilier. Nous avons d'abord construit des immeubles pour nous-m\u00eames, puis pour les louer \u00e0 d'autres. Bien que nous soyons entr\u00e9s tardivement dans ce secteur, il allait devenir l'un de nos principaux domaines d'expertise.<br \/>\nEn 1976, le groupe a \u00e9tendu ses activit\u00e9s aux \u00c9tats-Unis par le biais d'investissements strat\u00e9giques dans des domaines majeurs, notamment l'immobilier, les investissements financiers et en start-ups industriels, la construction, l'agriculture et la banque. Nous avons \u00e9tabli notre troisi\u00e8me si\u00e8ge \u00e0 Houston, TX, et avons pu accompagner le boom p\u00e9trolier du Texas. Notre banque, la Western Bancorporation a servi la communaut\u00e9 de Houston et elle est devenue l'une des cinq premi\u00e8res banques de l'agglom\u00e9ration Houstonienne.<\/p>\n<p>Depuis lors, RLG a exerc\u00e9 ses activit\u00e9s dans des domaines vari\u00e9s, allant des jeux vid\u00e9o aux vignobles, en passant par la construction navale et l'ing\u00e9nierie chimique. Au fil des ans, le groupe a exploit\u00e9 des entreprises dans plus de 30 pays et sur tous les continents, employant jusqu'\u00e0 6 000 personnes. Notre si\u00e8ge mondial se trouve d\u00e9sormais dans la Principaut\u00e9 de Monaco, et nous avons des si\u00e8ges r\u00e9gionaux \u00e0 Las Vegas, Londres, Zurich et Beyrouth.<\/p>\n<\/div><\/section><\/p><\/div>\n<div  class='flex_column av-ej99u-a51fca9e3ef8984315d328c77f5b5b6b av_one_half  avia-builder-el-9  el_after_av_one_half  avia-builder-el-last  flex_column_div'     ><div id='av-masonry-1' class='av-masonry av-lxajb87z-7f6fbcb1da0ac08dfc073e1bc510cbc1 noHover av-flex-size av-large-gap av-hover-overlay- av-masonry-animation-active av-masonry-col-2 av-caption-always av-caption-style- av-masonry-gallery av-desktop-columns-overwrite av-desktop-columns-2 av-medium-columns-overwrite av-medium-columns-2 av-small-columns-overwrite av-small-columns-2 av-mini-columns-overwrite av-mini-columns-2' data-post_id=\"106\"><div class=\"av-masonry-container isotope av-js-disabled\"><div class='av-masonry-entry isotope-item av-masonry-item-no-image'><\/div><div id='av-masonry-1-item-637' data-av-masonry-item='637' class='av-masonry-entry isotope-item post-637 attachment type-attachment status-inherit hentry  av-masonry-item-with-image'    itemprop=\"thumbnailUrl\" ><div class='av-inner-masonry-sizer'><\/div><figure class='av-inner-masonry main_color'><div class=\"av-masonry-outerimage-container\"><div class='av-masonry-image-container'   ><img decoding=\"async\" width=\"315\" height=\"186\" fetchpriority=\"high\" class=\"wp-image-637 avia-img-lazy-loading-not-637\"  src=\"https:\/\/westgate.ch\/wp-content\/uploads\/2024\/06\/01.jpeg\" title=\"01\" alt=\"\" srcset=\"https:\/\/westgate.ch\/wp-content\/uploads\/2024\/06\/01.jpeg 315w, https:\/\/westgate.ch\/wp-content\/uploads\/2024\/06\/01-300x177.jpeg 300w, https:\/\/westgate.ch\/wp-content\/uploads\/2024\/06\/01-18x12.jpeg 18w\" sizes=\"(max-width: 315px) 100vw, 315px\" \/><\/div><\/div><figcaption class='av-inner-masonry-content site-background'><div class='av-inner-masonry-content-pos'><div class='av-inner-masonry-content-pos-content'><div class='avia-arrow'><\/div><div class='av-masonry-entry-content entry-content'  itemprop=\"text\" >Le premier bureau de RLG sur Princess Street \u00e0 Manchester en 1920<\/div><\/div><\/div><\/figcaption><\/figure><\/div><!--end av-masonry entry--><div id='av-masonry-1-item-638' data-av-masonry-item='638' class='av-masonry-entry isotope-item post-638 attachment type-attachment status-inherit hentry  av-masonry-item-with-image'    itemprop=\"thumbnailUrl\" ><div class='av-inner-masonry-sizer'><\/div><figure class='av-inner-masonry main_color'><div class=\"av-masonry-outerimage-container\"><div class='av-masonry-image-container'   ><img decoding=\"async\" width=\"315\" height=\"186\" fetchpriority=\"high\" class=\"wp-image-638 avia-img-lazy-loading-not-638\"  src=\"https:\/\/westgate.ch\/wp-content\/uploads\/2024\/06\/02.jpeg\" title=\"02\" alt=\"\" srcset=\"https:\/\/westgate.ch\/wp-content\/uploads\/2024\/06\/02.jpeg 315w, https:\/\/westgate.ch\/wp-content\/uploads\/2024\/06\/02-300x177.jpeg 300w, https:\/\/westgate.ch\/wp-content\/uploads\/2024\/06\/02-18x12.jpeg 18w\" sizes=\"(max-width: 315px) 100vw, 315px\" \/><\/div><\/div><figcaption class='av-inner-masonry-content site-background'><div class='av-inner-masonry-content-pos'><div class='av-inner-masonry-content-pos-content'><div class='avia-arrow'><\/div><div class='av-masonry-entry-content entry-content'  itemprop=\"text\" >Le conseil d'administration d'Intra Motors, Lagos, 1963<\/div><\/div><\/div><\/figcaption><\/figure><\/div><!--end av-masonry entry--><div id='av-masonry-1-item-639' data-av-masonry-item='639' class='av-masonry-entry isotope-item post-639 attachment type-attachment status-inherit hentry  av-masonry-item-with-image'    itemprop=\"thumbnailUrl\" ><div class='av-inner-masonry-sizer'><\/div><figure class='av-inner-masonry main_color'><div class=\"av-masonry-outerimage-container\"><div class='av-masonry-image-container'   ><img decoding=\"async\" width=\"315\" height=\"186\" fetchpriority=\"high\" class=\"wp-image-639 avia-img-lazy-loading-not-639\"  src=\"https:\/\/westgate.ch\/wp-content\/uploads\/2024\/06\/03.jpeg\" title=\"03\" alt=\"\" srcset=\"https:\/\/westgate.ch\/wp-content\/uploads\/2024\/06\/03.jpeg 315w, https:\/\/westgate.ch\/wp-content\/uploads\/2024\/06\/03-300x177.jpeg 300w, https:\/\/westgate.ch\/wp-content\/uploads\/2024\/06\/03-18x12.jpeg 18w\" sizes=\"(max-width: 315px) 100vw, 315px\" \/><\/div><\/div><figcaption class='av-inner-masonry-content site-background'><div class='av-inner-masonry-content-pos'><div class='av-inner-masonry-content-pos-content'><div class='avia-arrow'><\/div><div class='av-masonry-entry-content entry-content'  itemprop=\"text\" >Importation de milliers d'automobiles Nissan \u00e0 Port Harcourt, Nigeria, 1968<\/div><\/div><\/div><\/figcaption><\/figure><\/div><!--end av-masonry entry--><div id='av-masonry-1-item-640' data-av-masonry-item='640' class='av-masonry-entry isotope-item post-640 attachment type-attachment status-inherit hentry  av-masonry-item-with-image'    itemprop=\"thumbnailUrl\" ><div class='av-inner-masonry-sizer'><\/div><figure class='av-inner-masonry main_color'><div class=\"av-masonry-outerimage-container\"><div class='av-masonry-image-container'   ><img decoding=\"async\" width=\"315\" height=\"186\" fetchpriority=\"high\" class=\"wp-image-640 avia-img-lazy-loading-not-640\"  src=\"https:\/\/westgate.ch\/wp-content\/uploads\/2024\/06\/04.jpeg\" title=\"04\" alt=\"\" srcset=\"https:\/\/westgate.ch\/wp-content\/uploads\/2024\/06\/04.jpeg 315w, https:\/\/westgate.ch\/wp-content\/uploads\/2024\/06\/04-300x177.jpeg 300w, https:\/\/westgate.ch\/wp-content\/uploads\/2024\/06\/04-18x12.jpeg 18w\" sizes=\"(max-width: 315px) 100vw, 315px\" \/><\/div><\/div><figcaption class='av-inner-masonry-content site-background'><div class='av-inner-masonry-content-pos'><div class='av-inner-masonry-content-pos-content'><div class='avia-arrow'><\/div><div class='av-masonry-entry-content entry-content'  itemprop=\"text\" >Si\u00e8ge de la Western Bank \u00e0 Houston, TX, 1982<\/div><\/div><\/div><\/figcaption><\/figure><\/div><!--end av-masonry entry--><div id='av-masonry-1-item-641' data-av-masonry-item='641' class='av-masonry-entry isotope-item post-641 attachment type-attachment status-inherit hentry  av-masonry-item-with-image'    itemprop=\"thumbnailUrl\" ><div class='av-inner-masonry-sizer'><\/div><figure class='av-inner-masonry main_color'><div class=\"av-masonry-outerimage-container\"><div class='av-masonry-image-container'   ><img decoding=\"async\" width=\"315\" height=\"186\" fetchpriority=\"high\" class=\"wp-image-641 avia-img-lazy-loading-not-641\"  src=\"https:\/\/westgate.ch\/wp-content\/uploads\/2024\/06\/05.jpeg\" title=\"05\" alt=\"\" srcset=\"https:\/\/westgate.ch\/wp-content\/uploads\/2024\/06\/05.jpeg 315w, https:\/\/westgate.ch\/wp-content\/uploads\/2024\/06\/05-300x177.jpeg 300w, https:\/\/westgate.ch\/wp-content\/uploads\/2024\/06\/05-18x12.jpeg 18w\" sizes=\"(max-width: 315px) 100vw, 315px\" \/><\/div><\/div><figcaption class='av-inner-masonry-content site-background'><div class='av-inner-masonry-content-pos'><div class='av-inner-masonry-content-pos-content'><div class='avia-arrow'><\/div><div class='av-masonry-entry-content entry-content'  itemprop=\"text\" >Centre-ville de Houston dans les ann\u00e9es 1980 avec deux tours RLG<\/div><\/div><\/div><\/figcaption><\/figure><\/div><!--end av-masonry entry--><div id='av-masonry-1-item-642' data-av-masonry-item='642' class='av-masonry-entry isotope-item post-642 attachment type-attachment status-inherit hentry  av-masonry-item-with-image'    itemprop=\"thumbnailUrl\" ><div class='av-inner-masonry-sizer'><\/div><figure class='av-inner-masonry main_color'><div class=\"av-masonry-outerimage-container\"><div class='av-masonry-image-container'   ><img decoding=\"async\" width=\"315\" height=\"420\" fetchpriority=\"high\" class=\"wp-image-642 avia-img-lazy-loading-not-642\"  src=\"https:\/\/westgate.ch\/wp-content\/uploads\/2024\/06\/06.jpeg\" title=\"06\" alt=\"\" srcset=\"https:\/\/westgate.ch\/wp-content\/uploads\/2024\/06\/06.jpeg 315w, https:\/\/westgate.ch\/wp-content\/uploads\/2024\/06\/06-225x300.jpeg 225w, https:\/\/westgate.ch\/wp-content\/uploads\/2024\/06\/06-9x12.jpeg 9w\" sizes=\"(max-width: 315px) 100vw, 315px\" \/><\/div><\/div><figcaption class='av-inner-masonry-content site-background'><div class='av-inner-masonry-content-pos'><div class='av-inner-masonry-content-pos-content'><div class='avia-arrow'><\/div><div class='av-masonry-entry-content entry-content'  itemprop=\"text\" >1300 Main Street, immeuble de bureaux de RLG \u00e0 Houston, TX, 1994<\/div><\/div><\/div><\/figcaption><\/figure><\/div><!--end av-masonry entry--><div id='av-masonry-1-item-643' data-av-masonry-item='643' class='av-masonry-entry isotope-item post-643 attachment type-attachment status-inherit hentry  av-masonry-item-with-image'    itemprop=\"thumbnailUrl\" ><div class='av-inner-masonry-sizer'><\/div><figure class='av-inner-masonry main_color'><div class=\"av-masonry-outerimage-container\"><div class='av-masonry-image-container'   ><img decoding=\"async\" width=\"315\" height=\"472\" fetchpriority=\"high\" class=\"wp-image-643 avia-img-lazy-loading-not-643\"  src=\"https:\/\/westgate.ch\/wp-content\/uploads\/2024\/06\/07.jpeg\" title=\"07\" alt=\"\" srcset=\"https:\/\/westgate.ch\/wp-content\/uploads\/2024\/06\/07.jpeg 315w, https:\/\/westgate.ch\/wp-content\/uploads\/2024\/06\/07-200x300.jpeg 200w, https:\/\/westgate.ch\/wp-content\/uploads\/2024\/06\/07-8x12.jpeg 8w\" sizes=\"(max-width: 315px) 100vw, 315px\" \/><\/div><\/div><figcaption class='av-inner-masonry-content site-background'><div class='av-inner-masonry-content-pos'><div class='av-inner-masonry-content-pos-content'><div class='avia-arrow'><\/div><div class='av-masonry-entry-content entry-content'  itemprop=\"text\" >D\u00e9veloppement de Suncrest \u00e0 Sapporo, Japon 2017<\/div><\/div><\/div><\/figcaption><\/figure><\/div><!--end av-masonry entry--><div id='av-masonry-1-item-644' data-av-masonry-item='644' class='av-masonry-entry isotope-item post-644 attachment type-attachment status-inherit hentry  av-masonry-item-with-image'    itemprop=\"thumbnailUrl\" ><div class='av-inner-masonry-sizer'><\/div><figure class='av-inner-masonry main_color'><div class=\"av-masonry-outerimage-container\"><div class='av-masonry-image-container'   ><img decoding=\"async\" width=\"315\" height=\"186\" fetchpriority=\"high\" class=\"wp-image-644 avia-img-lazy-loading-not-644\"  src=\"https:\/\/westgate.ch\/wp-content\/uploads\/2024\/06\/08.jpeg\" title=\"08\" alt=\"\" srcset=\"https:\/\/westgate.ch\/wp-content\/uploads\/2024\/06\/08.jpeg 315w, https:\/\/westgate.ch\/wp-content\/uploads\/2024\/06\/08-300x177.jpeg 300w, https:\/\/westgate.ch\/wp-content\/uploads\/2024\/06\/08-18x12.jpeg 18w\" sizes=\"(max-width: 315px) 100vw, 315px\" \/><\/div><\/div><figcaption class='av-inner-masonry-content site-background'><div class='av-inner-masonry-content-pos'><div class='av-inner-masonry-content-pos-content'><div class='avia-arrow'><\/div><div class='av-masonry-entry-content entry-content'  itemprop=\"text\" >Stand des jeux vid\u00e9o Midas \u00e0 la convention E3, Los Angeles, 2004<\/div><\/div><\/div><\/figcaption><\/figure><\/div><!--end av-masonry entry--><div id='av-masonry-1-item-645' data-av-masonry-item='645' class='av-masonry-entry isotope-item post-645 attachment type-attachment status-inherit hentry  av-masonry-item-with-image'    itemprop=\"thumbnailUrl\" ><div class='av-inner-masonry-sizer'><\/div><figure class='av-inner-masonry main_color'><div class=\"av-masonry-outerimage-container\"><div class='av-masonry-image-container'   ><img decoding=\"async\" width=\"315\" height=\"186\" fetchpriority=\"high\" class=\"wp-image-645 avia-img-lazy-loading-not-645\"  src=\"https:\/\/westgate.ch\/wp-content\/uploads\/2024\/06\/09.jpeg\" title=\"09\" alt=\"\" srcset=\"https:\/\/westgate.ch\/wp-content\/uploads\/2024\/06\/09.jpeg 315w, https:\/\/westgate.ch\/wp-content\/uploads\/2024\/06\/09-300x177.jpeg 300w, https:\/\/westgate.ch\/wp-content\/uploads\/2024\/06\/09-18x12.jpeg 18w\" sizes=\"(max-width: 315px) 100vw, 315px\" \/><\/div><\/div><figcaption class='av-inner-masonry-content site-background'><div class='av-inner-masonry-content-pos'><div class='av-inner-masonry-content-pos-content'><div class='avia-arrow'><\/div><div class='av-masonry-entry-content entry-content'  itemprop=\"text\" >R\u00e9sidences Westgate Victoria \u00e0 Londres, 2007<\/div><\/div><\/div><\/figcaption><\/figure><\/div><!--end av-masonry entry--><div id='av-masonry-1-item-944' data-av-masonry-item='944' class='av-masonry-entry isotope-item post-944 attachment type-attachment status-inherit hentry  av-masonry-item-with-image'    itemprop=\"thumbnailUrl\" ><div class='av-inner-masonry-sizer'><\/div><figure class='av-inner-masonry main_color'><div class=\"av-masonry-outerimage-container\"><div class='av-masonry-image-container'   ><img decoding=\"async\" width=\"3000\" height=\"2000\" fetchpriority=\"high\" class=\"wp-image-944 avia-img-lazy-loading-not-944\"  src=\"https:\/\/westgate.ch\/wp-content\/uploads\/2025\/01\/Groupe-Segond-Optimise-web-4.jpg\" title=\"Groupe Segond - Optimis\u00e9 web-4\" alt=\"\" srcset=\"https:\/\/westgate.ch\/wp-content\/uploads\/2025\/01\/Groupe-Segond-Optimise-web-4.jpg 3000w, https:\/\/westgate.ch\/wp-content\/uploads\/2025\/01\/Groupe-Segond-Optimise-web-4-300x200.jpg 300w, https:\/\/westgate.ch\/wp-content\/uploads\/2025\/01\/Groupe-Segond-Optimise-web-4-1030x687.jpg 1030w, https:\/\/westgate.ch\/wp-content\/uploads\/2025\/01\/Groupe-Segond-Optimise-web-4-768x512.jpg 768w, https:\/\/westgate.ch\/wp-content\/uploads\/2025\/01\/Groupe-Segond-Optimise-web-4-1536x1024.jpg 1536w, https:\/\/westgate.ch\/wp-content\/uploads\/2025\/01\/Groupe-Segond-Optimise-web-4-2048x1365.jpg 2048w, https:\/\/westgate.ch\/wp-content\/uploads\/2025\/01\/Groupe-Segond-Optimise-web-4-18x12.jpg 18w, https:\/\/westgate.ch\/wp-content\/uploads\/2025\/01\/Groupe-Segond-Optimise-web-4-1500x1000.jpg 1500w, https:\/\/westgate.ch\/wp-content\/uploads\/2025\/01\/Groupe-Segond-Optimise-web-4-705x470.jpg 705w\" sizes=\"(max-width: 3000px) 100vw, 3000px\" \/><\/div><\/div><figcaption class='av-inner-masonry-content site-background'><div class='av-inner-masonry-content-pos'><div class='av-inner-masonry-content-pos-content'><div class='avia-arrow'><\/div><div class='av-masonry-entry-content entry-content'  itemprop=\"text\" >Immeuble de bureaux \u00e0 Monaco, 2024<\/div><\/div><\/div><\/figcaption><\/figure><\/div><!--end av-masonry entry--><\/div><\/div><\/div>","protected":false},"excerpt":{"rendered":"","protected":false},"author":2,"featured_media":0,"parent":56,"menu_order":2200,"comment_status":"closed","ping_status":"closed","template":"","meta":{"footnotes":""},"class_list":["post-106","page","type-page","status-publish","hentry"],"aioseo_notices":[],"_links":{"self":[{"href":"https:\/\/westgate.ch\/fr\/wp-json\/wp\/v2\/pages\/106","targetHints":{"allow":["GET"]}}],"collection":[{"href":"https:\/\/westgate.ch\/fr\/wp-json\/wp\/v2\/pages"}],"about":[{"href":"https:\/\/westgate.ch\/fr\/wp-json\/wp\/v2\/types\/page"}],"author":[{"embeddable":true,"href":"https:\/\/westgate.ch\/fr\/wp-json\/wp\/v2\/users\/2"}],"replies":[{"embeddable":true,"href":"https:\/\/westgate.ch\/fr\/wp-json\/wp\/v2\/comments?post=106"}],"version-history":[{"count":28,"href":"https:\/\/westgate.ch\/fr\/wp-json\/wp\/v2\/pages\/106\/revisions"}],"predecessor-version":[{"id":1060,"href":"https:\/\/westgate.ch\/fr\/wp-json\/wp\/v2\/pages\/106\/revisions\/1060"}],"up":[{"embeddable":true,"href":"https:\/\/westgate.ch\/fr\/wp-json\/wp\/v2\/pages\/56"}],"wp:attachment":[{"href":"https:\/\/westgate.ch\/fr\/wp-json\/wp\/v2\/media?parent=106"}],"curies":[{"name":"wp","href":"https:\/\/api.w.org\/{rel}","templated":true}]}}