{"id":104,"date":"2024-05-30T11:57:09","date_gmt":"2024-05-30T09:57:09","guid":{"rendered":"https:\/\/westgate.ch\/?page_id=104"},"modified":"2025-01-22T15:25:32","modified_gmt":"2025-01-22T14:25:32","slug":"westgate","status":"publish","type":"page","link":"https:\/\/westgate.ch\/fr\/about-us\/westgate\/","title":{"rendered":"Westgate"},"content":{"rendered":"<style type=\"text\/css\" data-created_by=\"avia_inline_auto\" id=\"style-css-av-lx9e5j8n-50fa8a42baa0c39579faabefb88f0076\">\n.avia-section.av-lx9e5j8n-50fa8a42baa0c39579faabefb88f0076{\nbackground-repeat:no-repeat;\nbackground-image:url(https:\/\/westgate.ch\/wp-content\/uploads\/2024\/06\/AdobeStock_821165743-scaled.jpeg);\nbackground-position:50% 50%;\nbackground-attachment:scroll;\n}\n.avia-section.av-lx9e5j8n-50fa8a42baa0c39579faabefb88f0076 .av-section-color-overlay{\nopacity:0.5;\nbackground-color:#000000;\n}\n<\/style>\n<div id='av_section_1'  class='avia-section av-lx9e5j8n-50fa8a42baa0c39579faabefb88f0076 main_color avia-section-large avia-no-border-styling  avia-builder-el-0  el_before_av_one_half  avia-builder-el-first  avia-full-stretch avia-bg-style-scroll av-section-color-overlay-active container_wrap fullsize'  data-section-bg-repeat='stretch'><div class=\"av-section-color-overlay-wrap\"><div class=\"av-section-color-overlay\"><\/div><div class='container av-section-cont-open' ><main  role=\"main\" itemprop=\"mainContentOfPage\"  class='template-page content  av-content-full alpha units'><div class='post-entry post-entry-type-page post-entry-104'><div class='entry-content-wrapper clearfix'>\n<div  class='flex_column av-s5p4w-48429ed31bdce6798a889ae3d2a4be96 av_one_fifth  avia-builder-el-1  el_before_av_three_fifth  avia-builder-el-first  first flex_column_div'     ><\/div><div  class='flex_column av-nhlfs-33571a14f5107a26dc47e8862148ee3d av_three_fifth  avia-builder-el-2  el_after_av_one_fifth  el_before_av_one_fifth  flex_column_div'     ><p>\n<style type=\"text\/css\" data-created_by=\"avia_inline_auto\" id=\"style-css-av-lx9e43mc-7df5f417bacc92b96f0366d77cad7698\">\n#top .av-special-heading.av-lx9e43mc-7df5f417bacc92b96f0366d77cad7698{\npadding-bottom:10px;\ncolor:#ffffff;\n}\nbody .av-special-heading.av-lx9e43mc-7df5f417bacc92b96f0366d77cad7698 .av-special-heading-tag .heading-char{\nfont-size:25px;\n}\n.av-special-heading.av-lx9e43mc-7df5f417bacc92b96f0366d77cad7698 .special-heading-inner-border{\nborder-color:#ffffff;\n}\n.av-special-heading.av-lx9e43mc-7df5f417bacc92b96f0366d77cad7698 .av-subheading{\nfont-size:15px;\n}\n<\/style>\n<div  class='av-special-heading av-lx9e43mc-7df5f417bacc92b96f0366d77cad7698 av-special-heading-h1 custom-color-heading blockquote modern-quote modern-centered  avia-builder-el-3  el_before_av_textblock  avia-builder-el-first'><h1 class='av-special-heading-tag'  itemprop=\"headline\"  >Westgate<\/h1><div class=\"special-heading-border\"><div class=\"special-heading-inner-border\"><\/div><\/div><\/div><br \/>\n\n<style type=\"text\/css\" data-created_by=\"avia_inline_auto\" id=\"style-css-av-e20wg-89937192eb9668e07bb176b951bacece\">\n#top .av_textblock_section.av-e20wg-89937192eb9668e07bb176b951bacece .avia_textblock{\ncolor:#ffffff;\n}\n<\/style>\n<section  class='av_textblock_section av-e20wg-89937192eb9668e07bb176b951bacece'   itemscope=\"itemscope\" itemtype=\"https:\/\/schema.org\/CreativeWork\" ><div class='avia_textblock av_inherit_color'  itemprop=\"text\" ><div class=\"flex flex-grow flex-col max-w-full\">\n<div class=\"min-h-&#091;20px&#093; text-message flex flex-col items-start whitespace-pre-wrap break-words &#091;.text-message+&amp;&#093;:mt-5 juice:w-full juice:items-end overflow-x-auto gap-2\" dir=\"auto\" data-message-author-role=\"assistant\" data-message-id=\"906f240a-2c67-4a51-9490-a8cc4e3f1f7c\">\n<div class=\"flex w-full flex-col gap-1 juice:empty:hidden juice:first:pt-&#091;3px&#093;\">\n<div class=\"markdown prose w-full break-words dark:prose-invert light\">\n<p style=\"text-align: center;\">Nous vous remercions de l'int\u00e9r\u00eat que vous portez \u00e0 Westgate Investments AG. Cette page a pour but de donner \u00e0 nos partenaires, anciens et nouveaux, un aper\u00e7u de notre soci\u00e9t\u00e9, de notre histoire et de nos objectifs \u00e0 long terme.<\/p>\n<\/div>\n<\/div>\n<\/div>\n<\/div>\n<\/div><\/section><\/p><\/div><div  class='flex_column av-7ueqw-97b8fdd05bd023c79167ebd1bd36e589 av_one_fifth  avia-builder-el-5  el_after_av_three_fifth  avia-builder-el-last  flex_column_div'     ><\/div>\n<\/div><\/div><\/main><!-- close content main element --><\/div><\/div><\/div><div id='after_section_1'  class='main_color av_default_container_wrap container_wrap fullsize'  ><div class='container av-section-cont-open' ><div class='template-page content  av-content-full alpha units'><div class='post-entry post-entry-type-page post-entry-104'><div class='entry-content-wrapper clearfix'>\n<div  class='flex_column av-kmgh4-64cae943af244596dd15cc36265661ef av_one_half  avia-builder-el-6  el_after_av_section  el_before_av_one_half  avia-builder-el-first  first flex_column_div'     ><p>\n<style type=\"text\/css\" data-created_by=\"avia_inline_auto\" id=\"style-css-av-dih74-8d2fa94e17e7bd5fe930667ed342a87d\">\n#top .av-special-heading.av-dih74-8d2fa94e17e7bd5fe930667ed342a87d{\npadding-bottom:10px;\n}\nbody .av-special-heading.av-dih74-8d2fa94e17e7bd5fe930667ed342a87d .av-special-heading-tag .heading-char{\nfont-size:25px;\n}\n.av-special-heading.av-dih74-8d2fa94e17e7bd5fe930667ed342a87d .av-subheading{\nfont-size:15px;\n}\n<\/style>\n<div  class='av-special-heading av-dih74-8d2fa94e17e7bd5fe930667ed342a87d av-special-heading-h2 blockquote modern-quote  avia-builder-el-7  el_before_av_textblock  avia-builder-el-first'><h2 class='av-special-heading-tag'  itemprop=\"headline\"  >Notre histoire <\/h2><div class=\"special-heading-border\"><div class=\"special-heading-inner-border\"><\/div><\/div><\/div><br \/>\n<section  class='av_textblock_section av-lx9ea4ci-0743875f85f690ac86474c63eeeccca5'   itemscope=\"itemscope\" itemtype=\"https:\/\/schema.org\/CreativeWork\" ><div class='avia_textblock'  itemprop=\"text\" ><p>Depuis notre cr\u00e9ation en 2002, nous sommes passionn\u00e9s par le d\u00e9veloppement et la gestion d'immeubles commerciaux dans toute la Suisse. Au fil des ans, nous avons fourni des solutions immobili\u00e8res et \u00e9tabli des partenariats avec des leaders du march\u00e9 tels que Migros, Lidl, Aldi, Decathlon, C&amp;A, Thomson Reuters, BMW \/ Binelli Gruppe et des entit\u00e9s gouvernementales.<br \/>\nNotre si\u00e8ge dans le centre d'affaires dynamique de Zoug, o\u00f9 de nombreuses entreprises internationales sont \u00e9tablis, nous fournit la base id\u00e9ale pour transformer notre vision en r\u00e9alit\u00e9.<br \/>\nEn tant que division suisse de RLG (Rida Lababedi Group of Companies), nous faisons partie d'une entreprise familiale internationale avec une tradition de r\u00e9ussite entrepreneuriale. Notre approche professionnelle sans compromis et notre \u00e9thique de travail fond\u00e9e sur les valeurs familiales nous ont permis d'\u00e9tablir des partenariats de longue date et des relations de confiance avec nos partenaires et les communaut\u00e9s locales.<\/p>\n<\/div><\/section><\/p><\/div>\n<div  class='flex_column av-9c22o-0305a77c03840f2b2ad48213d1d725fd av_one_half  avia-builder-el-9  el_after_av_one_half  avia-builder-el-last  flex_column_div'     ><p>\n<style type=\"text\/css\" data-created_by=\"avia_inline_auto\" id=\"style-css-av-lx9eat8w-0dd37e98c0f11138a6196fdac08e6252\">\n#top .av-special-heading.av-lx9eat8w-0dd37e98c0f11138a6196fdac08e6252{\npadding-bottom:10px;\n}\nbody .av-special-heading.av-lx9eat8w-0dd37e98c0f11138a6196fdac08e6252 .av-special-heading-tag .heading-char{\nfont-size:25px;\n}\n.av-special-heading.av-lx9eat8w-0dd37e98c0f11138a6196fdac08e6252 .av-subheading{\nfont-size:15px;\n}\n<\/style>\n<div  class='av-special-heading av-lx9eat8w-0dd37e98c0f11138a6196fdac08e6252 av-special-heading-h2 blockquote modern-quote  avia-builder-el-10  el_before_av_textblock  avia-builder-el-first'><h2 class='av-special-heading-tag'  itemprop=\"headline\"  >Notre portefeuille et notre vision de l'avenir<\/h2><div class=\"special-heading-border\"><div class=\"special-heading-inner-border\"><\/div><\/div><\/div><br \/>\n<section  class='av_textblock_section av-lx9ealhl-1ac917abe61cf9518b517be7d4e17d51'   itemscope=\"itemscope\" itemtype=\"https:\/\/schema.org\/CreativeWork\" ><div class='avia_textblock'  itemprop=\"text\" ><p>Westgate a constitu\u00e9 un portefeuille solide et diversifi\u00e9 d'immeubles commerciaux suisses. Notre processus d'acquisition rigoureux, qui met l'accent sur les emplacements strat\u00e9giques, les perspectives du march\u00e9 local et les locataires de qualit\u00e9, a permis d'obtenir des r\u00e9sultats fructueux depuis 2002.<br \/>\nSur un march\u00e9 en \u00e9volution rapide et face au d\u00e9fi de l'adaptation \u00e0 un monde num\u00e9rique, nous sommes pr\u00eats \u00e0 r\u00e9sister \u00e0 l'\u00e9preuve du temps. La confiance durable de nos partenaires commerciaux et le renouvellement constant de leurs baux en sont la meilleure preuve.<br \/>\nNotre vision pour l'avenir est de continuer \u00e0 offrir \u00e0 nos partenaires des opportunit\u00e9s int\u00e9ressantes et rentables et de promouvoir des partenariats \u00e0 long terme, \u00e9quitables et mutuellement b\u00e9n\u00e9fiques. Nous souhaitons d\u00e9velopper notre portefeuille en Suisse avec la passion et l'excellence qui sont devenues une tradition au sein de l'entreprise.<\/p>\n<\/div><\/section><\/p><\/div>","protected":false},"excerpt":{"rendered":"","protected":false},"author":2,"featured_media":0,"parent":56,"menu_order":2100,"comment_status":"closed","ping_status":"closed","template":"","meta":{"footnotes":""},"class_list":["post-104","page","type-page","status-publish","hentry"],"aioseo_notices":[],"_links":{"self":[{"href":"https:\/\/westgate.ch\/fr\/wp-json\/wp\/v2\/pages\/104","targetHints":{"allow":["GET"]}}],"collection":[{"href":"https:\/\/westgate.ch\/fr\/wp-json\/wp\/v2\/pages"}],"about":[{"href":"https:\/\/westgate.ch\/fr\/wp-json\/wp\/v2\/types\/page"}],"author":[{"embeddable":true,"href":"https:\/\/westgate.ch\/fr\/wp-json\/wp\/v2\/users\/2"}],"replies":[{"embeddable":true,"href":"https:\/\/westgate.ch\/fr\/wp-json\/wp\/v2\/comments?post=104"}],"version-history":[{"count":19,"href":"https:\/\/westgate.ch\/fr\/wp-json\/wp\/v2\/pages\/104\/revisions"}],"predecessor-version":[{"id":952,"href":"https:\/\/westgate.ch\/fr\/wp-json\/wp\/v2\/pages\/104\/revisions\/952"}],"up":[{"embeddable":true,"href":"https:\/\/westgate.ch\/fr\/wp-json\/wp\/v2\/pages\/56"}],"wp:attachment":[{"href":"https:\/\/westgate.ch\/fr\/wp-json\/wp\/v2\/media?parent=104"}],"curies":[{"name":"wp","href":"https:\/\/api.w.org\/{rel}","templated":true}]}}