{"id":80,"date":"2024-05-30T11:41:55","date_gmt":"2024-05-30T09:41:55","guid":{"rendered":"https:\/\/westgate.ch\/?page_id=80"},"modified":"2024-11-15T15:24:04","modified_gmt":"2024-11-15T14:24:04","slug":"egnach-tg","status":"publish","type":"page","link":"https:\/\/westgate.ch\/de\/properties\/egnach-tg\/","title":{"rendered":"Egnach, TG"},"content":{"rendered":"<style type=\"text\/css\" data-created_by=\"avia_inline_auto\" id=\"style-css-av-lp3co-9f3a48cf76b07d5c6192c86c439253d5\">\n.avia-section.av-lp3co-9f3a48cf76b07d5c6192c86c439253d5{\nbackground-repeat:no-repeat;\nbackground-image:url(https:\/\/westgate.ch\/wp-content\/uploads\/2024\/06\/IMG_0198.jpg);\nbackground-position:50% 50%;\nbackground-attachment:scroll;\n}\n.avia-section.av-lp3co-9f3a48cf76b07d5c6192c86c439253d5 .av-section-color-overlay{\nopacity:0.5;\nbackground-color:#000000;\n}\n<\/style>\n<div id='av_section_1'  class='avia-section av-lp3co-9f3a48cf76b07d5c6192c86c439253d5 main_color avia-section-default avia-no-border-styling  avia-builder-el-0  el_before_av_submenu  avia-builder-el-first  avia-full-stretch avia-bg-style-scroll av-section-color-overlay-active container_wrap fullsize'  data-section-bg-repeat='stretch'><div class=\"av-section-color-overlay-wrap\"><div class=\"av-section-color-overlay\"><\/div><div class='container av-section-cont-open' ><main  role=\"main\" itemprop=\"mainContentOfPage\"  class='template-page content  av-content-full alpha units'><div class='post-entry post-entry-type-page post-entry-80'><div class='entry-content-wrapper clearfix'>\n<div  class='flex_column av-l501s-56eacc47430e82e0d49172ff327eb1dd av_one_fifth  avia-builder-el-1  el_before_av_three_fifth  avia-builder-el-first  first flex_column_div'     ><\/div><div  class='flex_column av-kg3oc-95aebc90b31856298549a96dddbeeaee av_three_fifth  avia-builder-el-2  el_after_av_one_fifth  el_before_av_one_fifth  flex_column_div'     ><p>\n<style type=\"text\/css\" data-created_by=\"avia_inline_auto\" id=\"style-css-av-lxc3be1q-c2c872716305410a03246c8f6c9f6b97\">\n#top .av-special-heading.av-lxc3be1q-c2c872716305410a03246c8f6c9f6b97{\npadding-bottom:10px;\ncolor:#ffffff;\n}\nbody .av-special-heading.av-lxc3be1q-c2c872716305410a03246c8f6c9f6b97 .av-special-heading-tag .heading-char{\nfont-size:25px;\n}\n.av-special-heading.av-lxc3be1q-c2c872716305410a03246c8f6c9f6b97 .special-heading-inner-border{\nborder-color:#ffffff;\n}\n.av-special-heading.av-lxc3be1q-c2c872716305410a03246c8f6c9f6b97 .av-subheading{\nfont-size:15px;\n}\n<\/style>\n<div  class='av-special-heading av-lxc3be1q-c2c872716305410a03246c8f6c9f6b97 av-special-heading-h1 custom-color-heading blockquote modern-quote modern-centered  avia-builder-el-3  el_before_av_textblock  avia-builder-el-first'><h1 class='av-special-heading-tag'  itemprop=\"headline\"  >Egnach, TG<\/h1><div class=\"special-heading-border\"><div class=\"special-heading-inner-border\"><\/div><\/div><\/div><br \/>\n\n<style type=\"text\/css\" data-created_by=\"avia_inline_auto\" id=\"style-css-av-jzx6w-2f43824c74ba86338d00092d8b5e167d\">\n#top .av_textblock_section.av-jzx6w-2f43824c74ba86338d00092d8b5e167d .avia_textblock{\ncolor:#ffffff;\n}\n<\/style>\n<section  class='av_textblock_section av-jzx6w-2f43824c74ba86338d00092d8b5e167d'   itemscope=\"itemscope\" itemtype=\"https:\/\/schema.org\/CreativeWork\" ><div class='avia_textblock av_inherit_color'  itemprop=\"text\" ><div class=\"flex flex-grow flex-col max-w-full\">\n<div class=\"min-h-&#091;20px&#093; text-message flex flex-col items-start whitespace-pre-wrap break-words &#091;.text-message+&amp;&#093;:mt-5 juice:w-full juice:items-end overflow-x-auto gap-2\" dir=\"auto\" data-message-author-role=\"assistant\" data-message-id=\"906f240a-2c67-4a51-9490-a8cc4e3f1f7c\">\n<div class=\"flex w-full flex-col gap-1 juice:empty:hidden juice:first:pt-&#091;3px&#093;\">\n<div class=\"markdown prose w-full break-words dark:prose-invert light\">\n<p style=\"text-align: center;\">Westgate Egnach ist eine traditionelle Schweizer Tank- und Servicestation.<\/p>\n<\/div>\n<\/div>\n<\/div>\n<\/div>\n<\/div><\/section><\/p><\/div><div  class='flex_column av-jkhk4-169a8a0fdb190342998b5b99cd71617a av_one_fifth  avia-builder-el-5  el_after_av_three_fifth  avia-builder-el-last  flex_column_div'     ><\/div><\/div><\/div><\/main><!-- close content main element --><\/div><\/div><\/div><div class='clear'><\/div><div id='sub_menu1'  class='av-submenu-container av-ilh7w-aea6109c775db6bbd3377417174d5823 header_color  avia-builder-el-6  el_after_av_section  el_before_av_section  av-sticky-submenu submenu-not-first container_wrap fullsize' style='z-index:301' ><div class='container av-menu-mobile-disabled av-submenu-pos-center'><ul id='av-custom-submenu-1' class='av-subnav-menu' role='menu'>\n<li class='menu-item av-hyykk-5d4f8b22ab27f3cd566eb9a5f645c52b menu-item-top-level menu-item-top-level-1' role='menuitem'><a href='https:\/\/westgate.ch\/de\/properties\/aarburg-ag\/'  ><span class='avia-bullet'><\/span><span class='avia-menu-text'>Aarburg, AG<\/span><\/a><\/li>\n<li class='menu-item av-hp6pw-8a517f89ca05b9605b082fda2237f255 menu-item-top-level menu-item-top-level-2' role='menuitem'><a href='https:\/\/westgate.ch\/de\/properties\/baar-zg\/'  ><span class='avia-bullet'><\/span><span class='avia-menu-text'>Baar, ZG<\/span><\/a><\/li>\n<li class='menu-item av-h25jw-7fe0d4493cfae1d473e73adf5bd31e9c menu-item-top-level menu-item-top-level-3' role='menuitem'><a href='https:\/\/westgate.ch\/de\/properties\/collombey-vs\/'  ><span class='avia-bullet'><\/span><span class='avia-menu-text'>Collombey, VS<\/span><\/a><\/li>\n<li class='menu-item av-gnj34-bc0d897899533c94a675aa8243a7e303 menu-item-top-level menu-item-top-level-4' role='menuitem'><a href='https:\/\/westgate.ch\/de\/properties\/delemont-ju\/'  ><span class='avia-bullet'><\/span><span class='avia-menu-text'>Del\u00e9mont, JU<\/span><\/a><\/li>\n<li class='menu-item av-fu3d4-0fc0af655099c1409d7fe36157a883ec menu-item-top-level menu-item-top-level-5' role='menuitem'><a href='https:\/\/westgate.ch\/de\/properties\/egnach-tg\/'  ><span class='avia-bullet'><\/span><span class='avia-menu-text'>Egnach, TG<\/span><\/a><\/li>\n<li class='menu-item av-f7hpg-eccccf410c53c36ddbbe0fe9fef2a7e5 menu-item-top-level menu-item-top-level-6' role='menuitem'><a href='https:\/\/westgate.ch\/de\/properties\/flums-sg\/'  ><span class='avia-bullet'><\/span><span class='avia-menu-text'>Flums, SG<\/span><\/a><\/li>\n<li class='menu-item av-eq6mw-8d26095c097b3d839325001e05a61f0a menu-item-top-level menu-item-top-level-7' role='menuitem'><a href='https:\/\/westgate.ch\/de\/properties\/landquart-gr\/'  ><span class='avia-bullet'><\/span><span class='avia-menu-text'>Landquart, GR<\/span><\/a><\/li>\n<li class='menu-item av-1f6i0-1aefb416d1f54bf96370c07582520a97 menu-item-top-level menu-item-top-level-8' role='menuitem'><a href='https:\/\/westgate.ch\/de\/properties\/payerne-vd\/'  ><span class='avia-bullet'><\/span><span class='avia-menu-text'>Payerne, VD<\/span><\/a><\/li>\n<li class='menu-item av-dgp4w-b84620af99106fe261d8277157189114 menu-item-top-level menu-item-top-level-9' role='menuitem'><a href='https:\/\/westgate.ch\/de\/properties\/schaenis-sg\/'  ><span class='avia-bullet'><\/span><span class='avia-menu-text'>Sch\u00e4nis, SG<\/span><\/a><\/li>\n<li class='menu-item av-czmxs-8aa0b7ba6308d35193da01880acd7f5a menu-item-top-level menu-item-top-level-10' role='menuitem'><a href='https:\/\/westgate.ch\/de\/properties\/vetroz-vs\/'  ><span class='avia-bullet'><\/span><span class='avia-menu-text'>V\u00e9troz, VS<\/span><\/a><\/li>\n<li class='menu-item av-chgm8-be2f7a602918bb06d0196122591d7f46 menu-item-top-level menu-item-top-level-11' role='menuitem'><a href='https:\/\/westgate.ch\/de\/properties\/zuchwil-so\/'  ><span class='avia-bullet'><\/span><span class='avia-menu-text'>Zuchwil, SO <\/span><\/a><\/li>\n<\/ul><\/div><\/div><div class='sticky_placeholder'><\/div><\/p>\n\n<style type=\"text\/css\" data-created_by=\"avia_inline_auto\" id=\"style-css-av-bhuzc-5358035a42b7fe3ba6f5e8ee8af8fcac\">\n.avia-section.av-bhuzc-5358035a42b7fe3ba6f5e8ee8af8fcac{\nbackground-color:#f4f4f4;\nbackground-image:unset;\n}\n<\/style>\n<div id='av_section_2'  class='avia-section av-bhuzc-5358035a42b7fe3ba6f5e8ee8af8fcac main_color avia-section-default avia-no-border-styling  avia-builder-el-7  el_after_av_submenu  el_before_av_section  avia-bg-style-scroll container_wrap fullsize'  ><div class='container av-section-cont-open' ><div class='template-page content  av-content-full alpha units'><div class='post-entry post-entry-type-page post-entry-80'><div class='entry-content-wrapper clearfix'>\n<div  class='flex_column av-b3gjg-99dbbd6c35369491ad5e14c8550a2e4c av_one_half  avia-builder-el-8  el_before_av_one_half  avia-builder-el-first  first flex_column_div'     ><p>\n<style type=\"text\/css\" data-created_by=\"avia_inline_auto\" id=\"style-css-av-ac0qc-6525d61293e0b472e707ab0d09f8b63b\">\n#top .av-special-heading.av-ac0qc-6525d61293e0b472e707ab0d09f8b63b{\npadding-bottom:10px;\n}\nbody .av-special-heading.av-ac0qc-6525d61293e0b472e707ab0d09f8b63b .av-special-heading-tag .heading-char{\nfont-size:25px;\n}\n.av-special-heading.av-ac0qc-6525d61293e0b472e707ab0d09f8b63b .av-subheading{\nfont-size:15px;\n}\n<\/style>\n<div  class='av-special-heading av-ac0qc-6525d61293e0b472e707ab0d09f8b63b av-special-heading-h2 blockquote modern-quote  avia-builder-el-9  el_before_av_textblock  avia-builder-el-first'><h2 class='av-special-heading-tag'  itemprop=\"headline\"  >\u00dcber Westgate Egnach<\/h2><div class=\"special-heading-border\"><div class=\"special-heading-inner-border\"><\/div><\/div><\/div><br \/>\n<section  class='av_textblock_section av-a06f4-b5d53d8c3abad4f364edb63f45d4b11d'   itemscope=\"itemscope\" itemtype=\"https:\/\/schema.org\/CreativeWork\" ><div class='avia_textblock'  itemprop=\"text\" ><p><span lang=\"EN-GB\">Migrolino bietet seit 2009 eine moderne Anlage mit Tankstelle, Shop und Autowaschanlage. Die strategische Lage an einer Hauptstrasse macht sie zu einer wichtigen Anlaufstelle f\u00fcr Pendler und Reisende in der Region.<\/span><\/p>\n<\/div><\/section><br \/>\n\n<style type=\"text\/css\" data-created_by=\"avia_inline_auto\" id=\"style-css-av-989y0-1de74d71e10a61cf9df034db71819601\">\n#top .av-special-heading.av-989y0-1de74d71e10a61cf9df034db71819601{\npadding-bottom:10px;\n}\nbody .av-special-heading.av-989y0-1de74d71e10a61cf9df034db71819601 .av-special-heading-tag .heading-char{\nfont-size:25px;\n}\n.av-special-heading.av-989y0-1de74d71e10a61cf9df034db71819601 .av-subheading{\nfont-size:15px;\n}\n<\/style>\n<div  class='av-special-heading av-989y0-1de74d71e10a61cf9df034db71819601 av-special-heading-h2 blockquote modern-quote  avia-builder-el-11  el_after_av_textblock  el_before_av_textblock'><h2 class='av-special-heading-tag'  itemprop=\"headline\"  >Bev\u00f6lkerung und Einzugsgebiet<\/h2><div class=\"special-heading-border\"><div class=\"special-heading-inner-border\"><\/div><\/div><\/div><br \/>\n<section  class='av_textblock_section av-8icgg-386a401596442590b32b619b9875f32a'   itemscope=\"itemscope\" itemtype=\"https:\/\/schema.org\/CreativeWork\" ><div class='avia_textblock'  itemprop=\"text\" ><p><span lang=\"EN-GB\">Egnach, eine malerische Gemeinde im Kanton Thurgau mit rund 5'000 Einwohnern, liegt strategisch g\u00fcnstig zwischen den gr\u00f6sseren St\u00e4dten Romanshorn und Arbon.<\/span><\/p>\n<\/div><\/section><br \/>\n\n<style type=\"text\/css\" data-created_by=\"avia_inline_auto\" id=\"style-css-av-84lbg-2ce16b86e343164c1eb8f778fe5f5d8c\">\n#top .av-special-heading.av-84lbg-2ce16b86e343164c1eb8f778fe5f5d8c{\npadding-bottom:0;\n}\nbody .av-special-heading.av-84lbg-2ce16b86e343164c1eb8f778fe5f5d8c .av-special-heading-tag .heading-char{\nfont-size:25px;\n}\n.av-special-heading.av-84lbg-2ce16b86e343164c1eb8f778fe5f5d8c .av-subheading{\nfont-size:15px;\n}\n<\/style>\n<div  class='av-special-heading av-84lbg-2ce16b86e343164c1eb8f778fe5f5d8c av-special-heading-h2 blockquote modern-quote  avia-builder-el-13  el_after_av_textblock  el_before_av_textblock'><h2 class='av-special-heading-tag'  itemprop=\"headline\"  >Tankstelle vor Ort<\/h2><div class=\"special-heading-border\"><div class=\"special-heading-inner-border\"><\/div><\/div><\/div><br \/>\n<section  class='av_textblock_section av-6tgv8-ffc08b6110748bd1dce9cb2995b23566'   itemscope=\"itemscope\" itemtype=\"https:\/\/schema.org\/CreativeWork\" ><div class='avia_textblock'  itemprop=\"text\" ><ul>\n<li>\n<h5>Migrolino<\/h5>\n<\/li>\n<\/ul>\n<\/div><\/section><\/p><\/div><div  class='flex_column av-66m6k-0441af8c3d38549523be023130740e05 av_one_half  avia-builder-el-15  el_after_av_one_half  avia-builder-el-last  flex_column_div'     ><style type=\"text\/css\" data-created_by=\"avia_inline_auto\" id=\"style-css-av-5vw2k-52ac81b4fb96d458152f237ba97dabe6\">\n#top .avia-gallery.av-5vw2k-52ac81b4fb96d458152f237ba97dabe6 .avia-gallery-thumb a{\nwidth:20%;\n}\n<\/style>\n<div  class='avia-gallery av-5vw2k-52ac81b4fb96d458152f237ba97dabe6 avia_animate_when_visible  avia-builder-el-16  avia-builder-el-no-sibling  avia_lazyload av-slideshow-ui av-loop-manual-endless av-control-hidden av-navigate-arrows hover-effect av-control-hidden avia-gallery-animate avia-gallery-1'  itemprop=\"image\" itemscope=\"itemscope\" itemtype=\"https:\/\/schema.org\/ImageObject\" ><meta itemprop=\"contentURL\" content=\"https:\/\/westgate.ch\/de\/properties\/egnach-tg\/\"><a class='avia-gallery-big fakeLightbox lightbox avia-gallery-big-crop-thumb' href=\"https:\/\/westgate.ch\/wp-content\/uploads\/2024\/06\/IMG_0198.jpg\" data-srcset=\"https:\/\/westgate.ch\/wp-content\/uploads\/2024\/06\/IMG_0198.jpg 450w, https:\/\/westgate.ch\/wp-content\/uploads\/2024\/06\/IMG_0198-300x200.jpg 300w, https:\/\/westgate.ch\/wp-content\/uploads\/2024\/06\/IMG_0198-18x12.jpg 18w\" data-sizes=\"(max-width: 450px) 100vw, 450px\"  data-onclick='1' title='Egnach, TG' ><span class='avia-gallery-big-inner'  itemprop=\"thumbnailUrl\" ><img decoding=\"async\" fetchpriority=\"high\" class=\"wp-image-751 avia-img-lazy-loading-not-751\"  width=\"450\" height=\"300\" src=\"https:\/\/westgate.ch\/wp-content\/uploads\/2024\/06\/IMG_0198.jpg\" title='Egnach, TG' alt='' srcset=\"https:\/\/westgate.ch\/wp-content\/uploads\/2024\/06\/IMG_0198.jpg 450w, https:\/\/westgate.ch\/wp-content\/uploads\/2024\/06\/IMG_0198-300x200.jpg 300w, https:\/\/westgate.ch\/wp-content\/uploads\/2024\/06\/IMG_0198-18x12.jpg 18w\" sizes=\"(max-width: 450px) 100vw, 450px\" \/><span class='avia-gallery-caption'>Egnach, TG<\/span><\/span><\/a><div class='avia-gallery-thumb'><a href=\"https:\/\/westgate.ch\/wp-content\/uploads\/2024\/06\/IMG_0198.jpg\" data-srcset=\"https:\/\/westgate.ch\/wp-content\/uploads\/2024\/06\/IMG_0198.jpg 450w, https:\/\/westgate.ch\/wp-content\/uploads\/2024\/06\/IMG_0198-300x200.jpg 300w, https:\/\/westgate.ch\/wp-content\/uploads\/2024\/06\/IMG_0198-18x12.jpg 18w\" data-sizes=\"(max-width: 450px) 100vw, 450px\" data-rel='gallery-1' data-prev-img='https:\/\/westgate.ch\/wp-content\/uploads\/2024\/06\/IMG_0198.jpg' class='first_thumb lightbox' data-onclick='1' title='Egnach, TG'  itemprop=\"thumbnailUrl\"  ><img decoding=\"async\" fetchpriority=\"high\" class=\"wp-image-751 avia-img-lazy-loading-not-751\"  data-avia-tooltip='Egnach, TG' src=\"https:\/\/westgate.ch\/wp-content\/uploads\/2024\/06\/IMG_0198.jpg\" width=\"450\" height=\"300\"  title='Egnach, TG' alt='' srcset=\"https:\/\/westgate.ch\/wp-content\/uploads\/2024\/06\/IMG_0198.jpg 450w, https:\/\/westgate.ch\/wp-content\/uploads\/2024\/06\/IMG_0198-300x200.jpg 300w, https:\/\/westgate.ch\/wp-content\/uploads\/2024\/06\/IMG_0198-18x12.jpg 18w\" sizes=\"(max-width: 450px) 100vw, 450px\" \/><div class='big-prev-fake'><img decoding=\"async\" loading=\"lazy\" class=\"wp-image-751 avia-img-lazy-loading-751\"  width=\"450\" height=\"300\" src=\"https:\/\/westgate.ch\/wp-content\/uploads\/2024\/06\/IMG_0198.jpg\" title='Egnach, TG' alt='' srcset=\"https:\/\/westgate.ch\/wp-content\/uploads\/2024\/06\/IMG_0198.jpg 450w, https:\/\/westgate.ch\/wp-content\/uploads\/2024\/06\/IMG_0198-300x200.jpg 300w, https:\/\/westgate.ch\/wp-content\/uploads\/2024\/06\/IMG_0198-18x12.jpg 18w\" sizes=\"auto, (max-width: 450px) 100vw, 450px\" \/><\/div><\/a><\/div><\/div><\/div><\/div><\/div><\/div><!-- close content main div --><\/div><\/div><div id='av_section_3'  class='avia-section av-5938k-188a5e8164cb0f485b6198746f6c5182 main_color avia-section-default avia-no-border-styling  avia-builder-el-17  el_after_av_section  avia-builder-el-last  avia-bg-style-scroll container_wrap fullsize'  ><div class='container av-section-cont-open' ><div class='template-page content  av-content-full alpha units'><div class='post-entry post-entry-type-page post-entry-80'><div class='entry-content-wrapper clearfix'>\n<div class='flex_column_table av-4k5jw-eaa08ba63b7bce64607286687765c4aa sc-av_one_half av-equal-height-column-flextable'><div  class='flex_column av-4k5jw-eaa08ba63b7bce64607286687765c4aa av_one_half  avia-builder-el-18  el_before_av_one_half  avia-builder-el-first  first flex_column_table_cell av-equal-height-column av-align-middle'     ><p>\n<style type=\"text\/css\" data-created_by=\"avia_inline_auto\" id=\"style-css-av-esus-7ccd2735bb71dee7d53ce79b49ae39db\">\n#top .av-special-heading.av-esus-7ccd2735bb71dee7d53ce79b49ae39db{\npadding-bottom:10px;\n}\nbody .av-special-heading.av-esus-7ccd2735bb71dee7d53ce79b49ae39db .av-special-heading-tag .heading-char{\nfont-size:25px;\n}\n.av-special-heading.av-esus-7ccd2735bb71dee7d53ce79b49ae39db .av-subheading{\nfont-size:15px;\n}\n<\/style>\n<div  class='av-special-heading av-esus-7ccd2735bb71dee7d53ce79b49ae39db av-special-heading-h2 blockquote modern-quote  avia-builder-el-19  el_before_av_textblock  avia-builder-el-first'><h2 class='av-special-heading-tag'  itemprop=\"headline\"  >Standort<\/h2><div class=\"special-heading-border\"><div class=\"special-heading-inner-border\"><\/div><\/div><\/div><br \/>\n<section  class='av_textblock_section av-3d914-739242cd4949a5a29f4087a44378fba1'   itemscope=\"itemscope\" itemtype=\"https:\/\/schema.org\/CreativeWork\" ><div class='avia_textblock'  itemprop=\"text\" ><p><span lang=\"EN-GB\">Die Tankstelle Egnach liegt ideal an der Romanshornerstrasse, die Romanshorn und Arbon verbindet. Diese Strasse ist auch eine Kantonsstrasse, die dem lokalen Verkehr in die deutsche Stadt Konstanz dient.<b><\/b><\/span><\/p>\n<\/div><\/section><br \/>\n<div  class='avia-button-wrap av-2thzw-bf76bd44a4acb85fb28d4a6aa4074a1a-wrap avia-button-left  avia-builder-el-21  el_after_av_textblock  avia-builder-el-last'><a href='https:\/\/maps.app.goo.gl\/nKRYStwQZBghwCUv5' class='avia-button av-2thzw-bf76bd44a4acb85fb28d4a6aa4074a1a av-link-btn avia-icon_select-yes-left-icon avia-size-large avia-position-left avia-color-theme-color' target=\"_blank\" rel=\"noopener noreferrer\"><span class='avia_button_icon avia_button_icon_left' aria-hidden='true' data-av_icon='\ue843' data-av_iconfont='entypo-fontello'><\/span><span class='avia_iconbox_title' >AUF GOOGLE MAPS ANSEHEN<\/span><\/a><\/div><\/p><\/div><div class='av-flex-placeholder'><\/div><div  class='flex_column av-7r2o-c6fcae4ff089349eae938c75086c0ebd av_one_half  avia-builder-el-22  el_after_av_one_half  avia-builder-el-last  flex_column_table_cell av-equal-height-column av-align-middle'     ><div  class='av_gmaps_sc_main_wrap av_gmaps_main_wrap'><div id='av_gmap_0' class='avia-google-map-container avia-google-map-sc av_gmaps_show_unconditionally av-no-fallback-img' data-mapid='av_gmap_0'  style='height: 400px;'><a class=\"av_gmaps_browser_disabled av_text_confirm_link av_text_confirm_link_visible\" href=\"https:\/\/www.google.com\/maps\/search\/?api=1&#038;query=Romanshornerstrasse%20129%209322%20Egnach\" target=\"_blank\" rel=\"noopener\">Maps were disabled by the visitor on this site. Click to open the map in a new window.<\/a><\/div><\/div><\/div><\/div><!--close column table wrapper. Autoclose: 1 --><\/p>","protected":false},"excerpt":{"rendered":"","protected":false},"author":2,"featured_media":0,"parent":58,"menu_order":3005,"comment_status":"closed","ping_status":"closed","template":"","meta":{"footnotes":""},"class_list":["post-80","page","type-page","status-publish","hentry"],"aioseo_notices":[],"_links":{"self":[{"href":"https:\/\/westgate.ch\/de\/wp-json\/wp\/v2\/pages\/80","targetHints":{"allow":["GET"]}}],"collection":[{"href":"https:\/\/westgate.ch\/de\/wp-json\/wp\/v2\/pages"}],"about":[{"href":"https:\/\/westgate.ch\/de\/wp-json\/wp\/v2\/types\/page"}],"author":[{"embeddable":true,"href":"https:\/\/westgate.ch\/de\/wp-json\/wp\/v2\/users\/2"}],"replies":[{"embeddable":true,"href":"https:\/\/westgate.ch\/de\/wp-json\/wp\/v2\/comments?post=80"}],"version-history":[{"count":9,"href":"https:\/\/westgate.ch\/de\/wp-json\/wp\/v2\/pages\/80\/revisions"}],"predecessor-version":[{"id":912,"href":"https:\/\/westgate.ch\/de\/wp-json\/wp\/v2\/pages\/80\/revisions\/912"}],"up":[{"embeddable":true,"href":"https:\/\/westgate.ch\/de\/wp-json\/wp\/v2\/pages\/58"}],"wp:attachment":[{"href":"https:\/\/westgate.ch\/de\/wp-json\/wp\/v2\/media?parent=80"}],"curies":[{"name":"wp","href":"https:\/\/api.w.org\/{rel}","templated":true}]}}