{"id":506,"date":"2024-06-10T14:37:39","date_gmt":"2024-06-10T12:37:39","guid":{"rendered":"https:\/\/westgate.ch\/?page_id=506"},"modified":"2024-11-18T20:18:14","modified_gmt":"2024-11-18T19:18:14","slug":"legal","status":"publish","type":"page","link":"https:\/\/westgate.ch\/de\/legal\/","title":{"rendered":"Rechtliches"},"content":{"rendered":"<style type=\"text\/css\" data-created_by=\"avia_inline_auto\" id=\"style-css-av-4dximq-8721229e59cfe69ac381147822b4d8c9\">\n.avia-section.av-4dximq-8721229e59cfe69ac381147822b4d8c9{\nbackground-repeat:no-repeat;\nbackground-image:url(https:\/\/westgate.ch\/wp-content\/uploads\/2024\/06\/AdobeStock_731609624-scaled.jpeg);\nbackground-position:50% 50%;\nbackground-attachment:scroll;\n}\n.avia-section.av-4dximq-8721229e59cfe69ac381147822b4d8c9 .av-section-color-overlay{\nopacity:0.5;\nbackground-color:#000000;\n}\n<\/style>\n<div id='av_section_1'  class='avia-section av-4dximq-8721229e59cfe69ac381147822b4d8c9 main_color avia-section-large avia-no-border-styling  avia-builder-el-0  el_before_av_one_full  avia-builder-el-first  avia-full-stretch avia-bg-style-scroll av-section-color-overlay-active container_wrap fullsize'  data-section-bg-repeat='stretch'><div class=\"av-section-color-overlay-wrap\"><div class=\"av-section-color-overlay\"><\/div><div class='container av-section-cont-open' ><main  role=\"main\" itemprop=\"mainContentOfPage\"  class='template-page content  av-content-full alpha units'><div class='post-entry post-entry-type-page post-entry-506'><div class='entry-content-wrapper clearfix'>\n<div  class='flex_column av-48bhhe-e2cb8353865ada1e64aeb01eea0b5012 av_one_fifth  avia-builder-el-1  el_before_av_three_fifth  avia-builder-el-first  first flex_column_div'     ><\/div><div  class='flex_column av-426j0a-2c3483374e3bebe1b05db602ab272e75 av_three_fifth  avia-builder-el-2  el_after_av_one_fifth  el_before_av_one_fifth  flex_column_div'     ><p>\n<style type=\"text\/css\" data-created_by=\"avia_inline_auto\" id=\"style-css-av-lxacx4py-f974e2c841c3023e87ed03eea684b629\">\n#top .av-special-heading.av-lxacx4py-f974e2c841c3023e87ed03eea684b629{\npadding-bottom:10px;\ncolor:#ffffff;\n}\nbody .av-special-heading.av-lxacx4py-f974e2c841c3023e87ed03eea684b629 .av-special-heading-tag .heading-char{\nfont-size:25px;\n}\n.av-special-heading.av-lxacx4py-f974e2c841c3023e87ed03eea684b629 .special-heading-inner-border{\nborder-color:#ffffff;\n}\n.av-special-heading.av-lxacx4py-f974e2c841c3023e87ed03eea684b629 .av-subheading{\nfont-size:15px;\n}\n<\/style>\n<div  class='av-special-heading av-lxacx4py-f974e2c841c3023e87ed03eea684b629 av-special-heading-h1 custom-color-heading blockquote modern-quote modern-centered  avia-builder-el-3  el_before_av_textblock  avia-builder-el-first'><h1 class='av-special-heading-tag'  itemprop=\"headline\"  >Rechtliches<\/h1><div class=\"special-heading-border\"><div class=\"special-heading-inner-border\"><\/div><\/div><\/div><br \/>\n\n<style type=\"text\/css\" data-created_by=\"avia_inline_auto\" id=\"style-css-av-3vq0my-6b665e3f80c36c51c27bcc137588c2c7\">\n#top .av_textblock_section.av-3vq0my-6b665e3f80c36c51c27bcc137588c2c7 .avia_textblock{\ncolor:#ffffff;\n}\n<\/style>\n<section  class='av_textblock_section av-3vq0my-6b665e3f80c36c51c27bcc137588c2c7'   itemscope=\"itemscope\" itemtype=\"https:\/\/schema.org\/CreativeWork\" ><div class='avia_textblock av_inherit_color'  itemprop=\"text\" ><div class=\"flex flex-grow flex-col max-w-full\">\n<div class=\"min-h-&#091;20px&#093; text-message flex flex-col items-start whitespace-pre-wrap break-words &#091;.text-message+&amp;&#093;:mt-5 juice:w-full juice:items-end overflow-x-auto gap-2\" dir=\"auto\" data-message-author-role=\"assistant\" data-message-id=\"906f240a-2c67-4a51-9490-a8cc4e3f1f7c\">\n<div class=\"flex w-full flex-col gap-1 juice:empty:hidden juice:first:pt-&#091;3px&#093;\">\n<div class=\"markdown prose w-full break-words dark:prose-invert light\">\n<p style=\"text-align: center;\">Willkommen im rechtlichen Bereich der Westgate Investments AG. Hier finden Sie Informationen \u00fcber unsere rechtlichen Verpflichtungen und Richtlinien. Wir legen grossen Wert auf die Einhaltung aller Vorschriften und Transparenz in unseren Prozessen. Sollten Sie Fragen haben, k\u00f6nnen Sie sich gerne an uns wenden.<\/p>\n<\/div>\n<\/div>\n<\/div>\n<\/div>\n<\/div><\/section><\/p><\/div><div  class='flex_column av-3pb1tm-1f0ee0ec8047d8d42ad7fce3f73e5e82 av_one_fifth  avia-builder-el-5  el_after_av_three_fifth  avia-builder-el-last  flex_column_div'     ><\/div><\/div><\/div><\/main><!-- close content main element --><\/div><\/div><\/div><div id='after_section_1'  class='main_color av_default_container_wrap container_wrap fullsize'  ><div class='container av-section-cont-open' ><div class='template-page content  av-content-full alpha units'><div class='post-entry post-entry-type-page post-entry-506'><div class='entry-content-wrapper clearfix'><div  class='flex_column av-3ix8oa-41472627e07fe0ef25b1527fd8b913ea av_one_full  avia-builder-el-6  el_after_av_section  avia-builder-el-no-sibling  first flex_column_div'     ><p>\n<style type=\"text\/css\" data-created_by=\"avia_inline_auto\" id=\"style-css-av-3fjwma-f8faa9469bfdec82a26f1423032f7357\">\n#top .av-special-heading.av-3fjwma-f8faa9469bfdec82a26f1423032f7357{\npadding-bottom:10px;\n}\nbody .av-special-heading.av-3fjwma-f8faa9469bfdec82a26f1423032f7357 .av-special-heading-tag .heading-char{\nfont-size:25px;\n}\n.av-special-heading.av-3fjwma-f8faa9469bfdec82a26f1423032f7357 .av-subheading{\nfont-size:15px;\n}\n<\/style>\n<div  class='av-special-heading av-3fjwma-f8faa9469bfdec82a26f1423032f7357 av-special-heading-h2 blockquote modern-quote  avia-builder-el-7  el_before_av_textblock  avia-builder-el-first'><h2 class='av-special-heading-tag'  itemprop=\"headline\"  >Keine Garantie <span class='special_amp'>&amp;<\/span> Keine Haftung<\/h2><div class=\"special-heading-border\"><div class=\"special-heading-inner-border\"><\/div><\/div><\/div><br \/>\n<section  class='av_textblock_section av-39l3le-5af4f18d1e3fdd1713901a1210fc74bf'   itemscope=\"itemscope\" itemtype=\"https:\/\/schema.org\/CreativeWork\" ><div class='avia_textblock'  itemprop=\"text\" ><p>Die Westgate Investments AG bem\u00fcht sich, genaue und aktuelle Informationen zur Verf\u00fcgung zu stellen. Wir geben jedoch keine ausdr\u00fccklichen oder stillschweigenden Zusicherungen oder Garantien hinsichtlich der Richtigkeit und Vollst\u00e4ndigkeit der Informationen auf dieser Website und lehnen jede Haftung f\u00fcr die Nutzung dieser Website oder verlinkter Websites ab. Westgate Investments AG beh\u00e4lt sich das Recht vor, diese Website jederzeit und ohne Vorank\u00fcndigung zu \u00e4ndern, \u00fcbernimmt jedoch keine Verantwortung f\u00fcr die Aktualit\u00e4t der Website. Als Benutzer erkl\u00e4ren Sie sich damit einverstanden, dass der Zugang zu und die Benutzung dieser Website sowie der damit verbundenen Websites und deren Inhalte auf Ihr eigenes Risiko erfolgt. Weder die Westgate Investments AG noch irgendeine andere Partei, die an der Gestaltung, Produktion oder Freigabe dieser Website oder verlinkter Websites beteiligt ist, haftet in irgendeiner Weise f\u00fcr direkte, zuf\u00e4llige, indirekte oder vors\u00e4tzliche Sch\u00e4den, die sich aus dem Zugriff auf diese Website oder der erfolgreichen oder erfolglosen Nutzung dieser Website oder verlinkter Websites oder aus Fehlern oder Auslassungen in deren Inhalt ergeben.<\/p>\n<\/div><\/section><br \/>\n\n<style type=\"text\/css\" data-created_by=\"avia_inline_auto\" id=\"style-css-av-lxad8apz-a22a99eeabaa61c3b2b16b7e0b8a64ae\">\n#top .av-special-heading.av-lxad8apz-a22a99eeabaa61c3b2b16b7e0b8a64ae{\npadding-bottom:10px;\n}\nbody .av-special-heading.av-lxad8apz-a22a99eeabaa61c3b2b16b7e0b8a64ae .av-special-heading-tag .heading-char{\nfont-size:25px;\n}\n.av-special-heading.av-lxad8apz-a22a99eeabaa61c3b2b16b7e0b8a64ae .av-subheading{\nfont-size:15px;\n}\n<\/style>\n<div  class='av-special-heading av-lxad8apz-a22a99eeabaa61c3b2b16b7e0b8a64ae av-special-heading-h2 blockquote modern-quote  avia-builder-el-9  el_after_av_textblock  el_before_av_textblock'><h2 class='av-special-heading-tag'  itemprop=\"headline\"  >Links<\/h2><div class=\"special-heading-border\"><div class=\"special-heading-inner-border\"><\/div><\/div><\/div><br \/>\n<section  class='av_textblock_section av-lxad8ktc-e992127ddf7791b975a240e08eead0b3'   itemscope=\"itemscope\" itemtype=\"https:\/\/schema.org\/CreativeWork\" ><div class='avia_textblock'  itemprop=\"text\" ><p>Links zu den Websites Dritter werden aus Gr\u00fcnden der H\u00f6flichkeit zur Verf\u00fcgung gestellt. Wir \u00e4ussern keine Meinung \u00fcber den Inhalt von Websites Dritter und lehnen ausdr\u00fccklich jede Verantwortung f\u00fcr Informationen Dritter und deren Verwendung ab.<\/p>\n<\/div><\/section><br \/>\n\n<style type=\"text\/css\" data-created_by=\"avia_inline_auto\" id=\"style-css-av-lxadap2p-cbdb201b09afd7da42b7504f9f3daf84\">\n#top .av-special-heading.av-lxadap2p-cbdb201b09afd7da42b7504f9f3daf84{\npadding-bottom:10px;\n}\nbody .av-special-heading.av-lxadap2p-cbdb201b09afd7da42b7504f9f3daf84 .av-special-heading-tag .heading-char{\nfont-size:25px;\n}\n.av-special-heading.av-lxadap2p-cbdb201b09afd7da42b7504f9f3daf84 .av-subheading{\nfont-size:15px;\n}\n<\/style>\n<div  class='av-special-heading av-lxadap2p-cbdb201b09afd7da42b7504f9f3daf84 av-special-heading-h2 blockquote modern-quote  avia-builder-el-11  el_after_av_textblock  el_before_av_textblock'><h2 class='av-special-heading-tag'  itemprop=\"headline\"  >Markenzeichen<\/h2><div class=\"special-heading-border\"><div class=\"special-heading-inner-border\"><\/div><\/div><\/div><br \/>\n<section  class='av_textblock_section av-lxadauct-d33916bca1b86281c606021b959231d9'   itemscope=\"itemscope\" itemtype=\"https:\/\/schema.org\/CreativeWork\" ><div class='avia_textblock'  itemprop=\"text\" ><p>Alle genannten Marken sind entweder Eigentum der RLG Holding oder der Westgate Investments AG oder werden von diesen lizenziert. Andere erw\u00e4hnte Marken sind Mieter oder Partner, auf die verwiesen wird.<\/p>\n<\/div><\/section><br \/>\n\n<style type=\"text\/css\" data-created_by=\"avia_inline_auto\" id=\"style-css-av-lxadbhi7-abad2b34a3b28fb195446f3706916ac5\">\n#top .av-special-heading.av-lxadbhi7-abad2b34a3b28fb195446f3706916ac5{\npadding-bottom:10px;\n}\nbody .av-special-heading.av-lxadbhi7-abad2b34a3b28fb195446f3706916ac5 .av-special-heading-tag .heading-char{\nfont-size:25px;\n}\n.av-special-heading.av-lxadbhi7-abad2b34a3b28fb195446f3706916ac5 .av-subheading{\nfont-size:15px;\n}\n<\/style>\n<div  class='av-special-heading av-lxadbhi7-abad2b34a3b28fb195446f3706916ac5 av-special-heading-h2 blockquote modern-quote  avia-builder-el-13  el_after_av_textblock  el_before_av_textblock'><h2 class='av-special-heading-tag'  itemprop=\"headline\"  >Urheberrecht<\/h2><div class=\"special-heading-border\"><div class=\"special-heading-inner-border\"><\/div><\/div><\/div><br \/>\n<section  class='av_textblock_section av-lxadbmtg-37802fac044ec2afbd356179bb4d8f12'   itemscope=\"itemscope\" itemtype=\"https:\/\/schema.org\/CreativeWork\" ><div class='avia_textblock'  itemprop=\"text\" ><p>Die Website der Westgate Investments AG und die darin enthaltenen und referenzierten Informationen sind ausschliesslich zu Informationszwecken bestimmt. Die Vervielf\u00e4ltigung, Verbreitung oder sonstige Nutzung ist strengstens untersagt. Gesuche um Erlaubnis, Informationen aus dieser Website zu vervielf\u00e4ltigen, sind an den Webmaster der Westgate Investments AG zu richten.<\/p>\n<\/div><\/section><\/p><\/div><\/p>","protected":false},"excerpt":{"rendered":"","protected":false},"author":2,"featured_media":0,"parent":0,"menu_order":12000,"comment_status":"closed","ping_status":"closed","template":"","meta":{"footnotes":""},"class_list":["post-506","page","type-page","status-publish","hentry"],"aioseo_notices":[],"_links":{"self":[{"href":"https:\/\/westgate.ch\/de\/wp-json\/wp\/v2\/pages\/506","targetHints":{"allow":["GET"]}}],"collection":[{"href":"https:\/\/westgate.ch\/de\/wp-json\/wp\/v2\/pages"}],"about":[{"href":"https:\/\/westgate.ch\/de\/wp-json\/wp\/v2\/types\/page"}],"author":[{"embeddable":true,"href":"https:\/\/westgate.ch\/de\/wp-json\/wp\/v2\/users\/2"}],"replies":[{"embeddable":true,"href":"https:\/\/westgate.ch\/de\/wp-json\/wp\/v2\/comments?post=506"}],"version-history":[{"count":11,"href":"https:\/\/westgate.ch\/de\/wp-json\/wp\/v2\/pages\/506\/revisions"}],"predecessor-version":[{"id":929,"href":"https:\/\/westgate.ch\/de\/wp-json\/wp\/v2\/pages\/506\/revisions\/929"}],"wp:attachment":[{"href":"https:\/\/westgate.ch\/de\/wp-json\/wp\/v2\/media?parent=506"}],"curies":[{"name":"wp","href":"https:\/\/api.w.org\/{rel}","templated":true}]}}