{"id":108,"date":"2024-05-30T11:57:41","date_gmt":"2024-05-30T09:57:41","guid":{"rendered":"https:\/\/westgate.ch\/?page_id=108"},"modified":"2025-01-22T15:37:53","modified_gmt":"2025-01-22T14:37:53","slug":"team","status":"publish","type":"page","link":"https:\/\/westgate.ch\/de\/about-us\/team\/","title":{"rendered":"Team"},"content":{"rendered":"<style type=\"text\/css\" data-created_by=\"avia_inline_auto\" id=\"style-css-av-230x3w-e04cb1c4f300e298bff6871a62a0236b\">\n.avia-section.av-230x3w-e04cb1c4f300e298bff6871a62a0236b{\nbackground-repeat:no-repeat;\nbackground-image:url(https:\/\/westgate.ch\/wp-content\/uploads\/2024\/06\/AdobeStock_837002841-scaled.jpeg);\nbackground-position:50% 50%;\nbackground-attachment:scroll;\n}\n.avia-section.av-230x3w-e04cb1c4f300e298bff6871a62a0236b .av-section-color-overlay{\nopacity:0.5;\nbackground-color:#000000;\n}\n<\/style>\n<div id='av_section_1'  class='avia-section av-230x3w-e04cb1c4f300e298bff6871a62a0236b main_color avia-section-large avia-no-border-styling  avia-builder-el-0  el_before_av_one_full  avia-builder-el-first  avia-full-stretch avia-bg-style-scroll av-section-color-overlay-active container_wrap fullsize'  data-section-bg-repeat='stretch'><div class=\"av-section-color-overlay-wrap\"><div class=\"av-section-color-overlay\"><\/div><div class='container av-section-cont-open' ><main  role=\"main\" itemprop=\"mainContentOfPage\"  class='template-page content  av-content-full alpha units'><div class='post-entry post-entry-type-page post-entry-108'><div class='entry-content-wrapper clearfix'>\n<div  class='flex_column av-1wxcsc-c37e6871f2c6362c2fc2602cb07ec2cb av_one_fifth  avia-builder-el-1  el_before_av_three_fifth  avia-builder-el-first  first flex_column_div'     ><\/div><div  class='flex_column av-1oat04-ad85a8be00216bd75eec999e0d4575d6 av_three_fifth  avia-builder-el-2  el_after_av_one_fifth  el_before_av_one_fifth  flex_column_div'     ><p>\n<style type=\"text\/css\" data-created_by=\"avia_inline_auto\" id=\"style-css-av-lxadojb1-2b3f453333cac1ca89747aa64958722b\">\n#top .av-special-heading.av-lxadojb1-2b3f453333cac1ca89747aa64958722b{\npadding-bottom:10px;\ncolor:#ffffff;\n}\nbody .av-special-heading.av-lxadojb1-2b3f453333cac1ca89747aa64958722b .av-special-heading-tag .heading-char{\nfont-size:25px;\n}\n.av-special-heading.av-lxadojb1-2b3f453333cac1ca89747aa64958722b .special-heading-inner-border{\nborder-color:#ffffff;\n}\n.av-special-heading.av-lxadojb1-2b3f453333cac1ca89747aa64958722b .av-subheading{\nfont-size:15px;\n}\n<\/style>\n<div  class='av-special-heading av-lxadojb1-2b3f453333cac1ca89747aa64958722b av-special-heading-h1 custom-color-heading blockquote modern-quote modern-centered  avia-builder-el-3  el_before_av_textblock  avia-builder-el-first'><h1 class='av-special-heading-tag'  itemprop=\"headline\"  >Team<\/h1><div class=\"special-heading-border\"><div class=\"special-heading-inner-border\"><\/div><\/div><\/div><br \/>\n\n<style type=\"text\/css\" data-created_by=\"avia_inline_auto\" id=\"style-css-av-5jiyc-124e4d0b41ec239df1403789d65c12f2\">\n#top .av_textblock_section.av-5jiyc-124e4d0b41ec239df1403789d65c12f2 .avia_textblock{\ncolor:#ffffff;\n}\n<\/style>\n<section  class='av_textblock_section av-5jiyc-124e4d0b41ec239df1403789d65c12f2'   itemscope=\"itemscope\" itemtype=\"https:\/\/schema.org\/CreativeWork\" ><div class='avia_textblock av_inherit_color'  itemprop=\"text\" ><div class=\"flex flex-grow flex-col max-w-full\">\n<div class=\"min-h-&#091;20px&#093; text-message flex flex-col items-start whitespace-pre-wrap break-words &#091;.text-message+&amp;&#093;:mt-5 juice:w-full juice:items-end overflow-x-auto gap-2\" dir=\"auto\" data-message-author-role=\"assistant\" data-message-id=\"906f240a-2c67-4a51-9490-a8cc4e3f1f7c\">\n<div class=\"flex w-full flex-col gap-1 juice:empty:hidden juice:first:pt-&#091;3px&#093;\">\n<div class=\"markdown prose w-full break-words dark:prose-invert light\">\n<p style=\"text-align: center;\"><span class=\"jCAhz ChMk0b\"><span class=\"ryNqvb\">Unser Team der Westgate Investments AG besteht aus erfahrenen Fachleuten, die mit Leidenschaft erstklassige Immobilien entwickeln und verwalten.<\/span><\/span> <span class=\"jCAhz ChMk0b\"><span class=\"ryNqvb\">Mit profundem Wissen und Engagement streben wir nach Spitzenleistungen.<\/span><\/span> <span class=\"jCAhz ChMk0b\"><span class=\"ryNqvb\">Lernen Sie die Menschen kennen, die unseren Erfolg und unsere Vision tagt\u00e4glich umsetzen.<\/span><\/span><\/p>\n<\/div>\n<\/div>\n<\/div>\n<\/div>\n<\/div><\/section><\/p><\/div><div  class='flex_column av-1gfpn8-814df06148a6617bd74847f093607d1b av_one_fifth  avia-builder-el-5  el_after_av_three_fifth  avia-builder-el-last  flex_column_div'     ><\/div>\n<\/div><\/div><\/main><!-- close content main element --><\/div><\/div><\/div><div id='after_section_1'  class='main_color av_default_container_wrap container_wrap fullsize'  ><div class='container av-section-cont-open' ><div class='template-page content  av-content-full alpha units'><div class='post-entry post-entry-type-page post-entry-108'><div class='entry-content-wrapper clearfix'>\n<div  class='flex_column av-v2ws-b0fc8c216a7a5949a9f96461a0869253 av_one_full  avia-builder-el-6  el_after_av_section  el_before_av_one_half  avia-builder-el-first  first flex_column_div'     ><style type=\"text\/css\" data-created_by=\"avia_inline_auto\" id=\"style-css-av-lxadr2sr-cc971bdca937c5a1a00148bbbf1fd8f7\">\n.avia-icon-grid-container.av-lxadr2sr-cc971bdca937c5a1a00148bbbf1fd8f7 .avia-icongrid{\njustify-content:space-between;\n}\n.avia-icon-grid-container.av-lxadr2sr-cc971bdca937c5a1a00148bbbf1fd8f7 .avia-icongrid-wrapper .avia-icongrid-front{\nbackground-color:#f4f4f4;\nborder-radius:1px 1px 1px 1px;\n}\n.avia-icon-grid-container.av-lxadr2sr-cc971bdca937c5a1a00148bbbf1fd8f7 .avia-icongrid-wrapper .avia-icongrid-flipback{\nborder-radius:1px 1px 1px 1px;\n}\n.avia-icon-grid-container.av-lxadr2sr-cc971bdca937c5a1a00148bbbf1fd8f7 .avia-icongrid-wrapper .avia-icongrid-front.bg-img:before{\nborder-radius:1px 1px 1px 1px;\n}\n.avia-icon-grid-container.av-lxadr2sr-cc971bdca937c5a1a00148bbbf1fd8f7 .avia-icongrid-wrapper .avia-icongrid-flipback.bg-img:before{\nborder-radius:1px 1px 1px 1px;\n}\n<\/style>\n<div  class='avia-icon-grid-container av-lxadr2sr-cc971bdca937c5a1a00148bbbf1fd8f7  avia-builder-el-7  avia-builder-el-no-sibling' ><ul id='avia-icongrid-69e5ce84acb93' class='avia-icongrid clearfix avia_animate_when_almost_visible avia-icongrid-flipbox avia-icongrid-numrow-3 avia-cell-space-between av-flex-cells av-break-767 av-can-break-50'>\n<li class='av-icon-cell-item av-row-with-3-cells av-row-nr-1 av-cell-1 av-first-cell-row av-first-cell-item'><div class='avia-icongrid-wrapper av-j0fqs-bcd32973d5ee4f0e9d3f3fc2f48a5682'><article class='article-icon-entry'  itemscope=\"itemscope\" itemtype=\"https:\/\/schema.org\/CreativeWork\" ><div class='avia-icongrid-front'><div class=\"avia-icongrid-inner\"><header class=\"entry-content-header\"><h4 class='av_icongrid_title icongrid_title'  itemprop=\"headline\" >Adel Guenena<\/h4><h6 class='av_icongrid_subtitle icongrid_subtitle' ><p>Pr\u00e4sident<\/p>\n<\/h6><\/header><\/div><\/div><div class='avia-icongrid-flipback'><div class=\"avia-icongrid-inner\"><div class='avia-icongrid-text'  itemprop=\"text\" ><p>Adel Guenena ist ein leitendes Vorstandsmitglied von RLG und Pr\u00e4sident von Westgate Investments.<br \/>\nMit seiner Erfahrung im Bankwesen und seinem Finanzwissen sorgt er f\u00fcr die Stabilit\u00e4t und Robustheit unseres Unternehmens.<\/p>\n<\/div><\/div><\/div><\/article><\/div><\/li>\n<li class='av-icon-cell-item av-row-with-3-cells av-row-nr-1 av-cell-2 av-first-cell-row av-inner-cell-item'><div class='avia-icongrid-wrapper av-j0fqs-1-10a84cbd7b85efc08c43fbd015f1adfb'><article class='article-icon-entry'  itemscope=\"itemscope\" itemtype=\"https:\/\/schema.org\/CreativeWork\" ><div class='avia-icongrid-front'><div class=\"avia-icongrid-inner\"><header class=\"entry-content-header\"><h4 class='av_icongrid_title icongrid_title'  itemprop=\"headline\" >Hakan Elaldi<\/h4><h6 class='av_icongrid_subtitle icongrid_subtitle' ><p>CEO<\/p>\n<\/h6><\/header><\/div><\/div><div class='avia-icongrid-flipback'><div class=\"avia-icongrid-inner\"><div class='avia-icongrid-text'  itemprop=\"text\" ><p>Hakan Elaldi leitet das Team der Westgate Investments AG und ist f\u00fcr die strategische und operative F\u00fchrung des Unternehmens verantwortlich.<\/p>\n<\/div><\/div><\/div><\/article><\/div><\/li>\n<li class='av-icon-cell-item av-row-with-3-cells av-row-nr-1 av-cell-3 av-first-cell-row av-last-cell-item'><div class='avia-icongrid-wrapper av-j0fqs-1-1-ee466f63c4d2c93758966f51ac338fd1'><article class='article-icon-entry'  itemscope=\"itemscope\" itemtype=\"https:\/\/schema.org\/CreativeWork\" ><div class='avia-icongrid-front'><div class=\"avia-icongrid-inner\"><header class=\"entry-content-header\"><h4 class='av_icongrid_title icongrid_title'  itemprop=\"headline\" >Nassim Lababedi<\/h4><h6 class='av_icongrid_subtitle icongrid_subtitle' ><p>Vizepr\u00e4sident<\/p>\n<\/h6><\/header><\/div><\/div><div class='avia-icongrid-flipback'><div class=\"avia-icongrid-inner\"><div class='avia-icongrid-text'  itemprop=\"text\" ><p>Nassim Lababedi ist ein leitendes Vorstandsmitglied der RLG. Sein Fachgebiet ist die Entwicklung und das Management von Einzelhandelszentren. Als Vizepr\u00e4sident von Westgate tr\u00e4gt er zur Entwicklung und Umsetzung unserer Unternehmensstrategie bei.<\/p>\n<\/div><\/div><\/div><\/article><\/div><\/li>\n<li class='av-icon-cell-item av-row-with-3-cells av-row-nr-2 av-cell-1 av-next-cell-row av-first-cell-item'><div class='avia-icongrid-wrapper av-j0fqs-1-1-3-da443e155ead6073bd9709b592746aee'><article class='article-icon-entry'  itemscope=\"itemscope\" itemtype=\"https:\/\/schema.org\/CreativeWork\" ><div class='avia-icongrid-front'><div class=\"avia-icongrid-inner\"><header class=\"entry-content-header\"><h4 class='av_icongrid_title icongrid_title'  itemprop=\"headline\" >Marcel Broch<\/h4><h6 class='av_icongrid_subtitle icongrid_subtitle' ><p>CFO<\/p>\n<\/h6><\/header><\/div><\/div><div class='avia-icongrid-flipback'><div class=\"avia-icongrid-inner\"><div class='avia-icongrid-text'  itemprop=\"text\" ><p>Marcel Broch ist unser Chief Financial Officer. Als Gr\u00fcnder und Gesch\u00e4ftsf\u00fchrer der erfolgreichen Wirtschaftspr\u00fcfungsgesellschaft BASO ist sein Fachwissen ein wertvolles Gut f\u00fcr uns.<\/p>\n<\/div><\/div><\/div><\/article><\/div><\/li>\n<li class='av-icon-cell-item av-row-with-3-cells av-row-nr-2 av-cell-2 av-next-cell-row av-inner-cell-item'><div class='avia-icongrid-wrapper av-j0fqs-1-1-2-7539ae1e671897a6ead49689ebade7eb'><article class='article-icon-entry'  itemscope=\"itemscope\" itemtype=\"https:\/\/schema.org\/CreativeWork\" ><div class='avia-icongrid-front'><div class=\"avia-icongrid-inner\"><header class=\"entry-content-header\"><h4 class='av_icongrid_title icongrid_title'  itemprop=\"headline\" >Roland Zemp<\/h4><h6 class='av_icongrid_subtitle icongrid_subtitle' ><p>Eidg. dipl, Immobilien-Treuh\u00e4nder<\/p>\n<\/h6><\/header><\/div><\/div><div class='avia-icongrid-flipback'><div class=\"avia-icongrid-inner\"><div class='avia-icongrid-text'  itemprop=\"text\" ><p>Roland Zemp verwaltet unser Immobilienportfolio und sorgt daf\u00fcr, dass unsere Liegenschaften optimal betrieben werden.<\/p>\n<\/div><\/div><\/div><\/article><\/div><\/li>\n<li class='av-icon-cell-item av-row-with-3-cells av-row-nr-2 av-cell-3 av-next-cell-row av-last-cell-item'><div class='avia-icongrid-wrapper av-j0fqs-1-1-1-8e5a43259b04b99574a2664e2d1cc425'><article class='article-icon-entry'  itemscope=\"itemscope\" itemtype=\"https:\/\/schema.org\/CreativeWork\" ><div class='avia-icongrid-front'><div class=\"avia-icongrid-inner\"><header class=\"entry-content-header\"><h4 class='av_icongrid_title icongrid_title'  itemprop=\"headline\" >Hans-Rudolf Wild<\/h4><h6 class='av_icongrid_subtitle icongrid_subtitle' ><p>Chefjurist &amp; Vorstandsmitglied, Schweiger Advokatur<\/p>\n<\/h6><\/header><\/div><\/div><div class='avia-icongrid-flipback'><div class=\"avia-icongrid-inner\"><div class='avia-icongrid-text'  itemprop=\"text\" ><p>Hans-Rudolf Wild ber\u00e4t das Unternehmen in rechtlichen Fragen und ist Mitglied des Verwaltungsrats.<\/p>\n<\/div><\/div><\/div><\/article><\/div><\/li>\n<\/ul><\/div><\/div><div  class='flex_column av-fd2ks-f7a1c7a976cc6829f974d0652863aed5 av_one_half  avia-builder-el-8  el_after_av_one_full  el_before_av_one_half  first flex_column_div  column-top-margin'     ><p>\n<style type=\"text\/css\" data-created_by=\"avia_inline_auto\" id=\"style-css-av-dqzj0-2a6158fa4c27af3acf04c8a6a6750aaa\">\n#top .av-special-heading.av-dqzj0-2a6158fa4c27af3acf04c8a6a6750aaa{\npadding-bottom:10px;\n}\nbody .av-special-heading.av-dqzj0-2a6158fa4c27af3acf04c8a6a6750aaa .av-special-heading-tag .heading-char{\nfont-size:25px;\n}\n.av-special-heading.av-dqzj0-2a6158fa4c27af3acf04c8a6a6750aaa .av-subheading{\nfont-size:15px;\n}\n<\/style>\n<div  class='av-special-heading av-dqzj0-2a6158fa4c27af3acf04c8a6a6750aaa av-special-heading-h2 blockquote modern-quote  avia-builder-el-9  el_before_av_textblock  avia-builder-el-first'><h2 class='av-special-heading-tag'  itemprop=\"headline\"  >Unser Team<\/h2><div class=\"special-heading-border\"><div class=\"special-heading-inner-border\"><\/div><\/div><\/div><br \/>\n<section  class='av_textblock_section av-9ouq4-a3c32d90f57a0c0056c73e36605f0817'   itemscope=\"itemscope\" itemtype=\"https:\/\/schema.org\/CreativeWork\" ><div class='avia_textblock'  itemprop=\"text\" ><p>Wir bei Westgate Investments AG sind stolz auf unser engagiertes und erfahrenes Team. Unsere Mitarbeiter bringen eine F\u00fclle von Fachwissen und Erfahrung in den Bereichen Immobilienentwicklung, Finanzmanagement und Unternehmensf\u00fchrung mit.<\/p>\n<p>Wir glauben an die Kraft der Zusammenarbeit und an die Bedeutung von Vertrauen und Transparenz. Unsere Teammitglieder arbeiten Hand in Hand, um sicherzustellen, dass wir unsere Ziele erreichen und unseren Mietern den besten Service bieten. Lernen Sie die Menschen kennen, die unser Unternehmen so erfolgreich machen.<\/p>\n<\/div><\/section><\/p><\/div><\/p>\n<div  class='flex_column av-o6gc-18df0c9b05500260a906aa2c41c596c9 av_one_half  avia-builder-el-11  el_after_av_one_half  avia-builder-el-last  flex_column_div  column-top-margin'     ><p>\n<style type=\"text\/css\" data-created_by=\"avia_inline_auto\" id=\"style-css-av-lxaf6kr4-3e501f7d249bece8264d7966f2b64fa8\">\n#top .av-special-heading.av-lxaf6kr4-3e501f7d249bece8264d7966f2b64fa8{\npadding-bottom:10px;\n}\nbody .av-special-heading.av-lxaf6kr4-3e501f7d249bece8264d7966f2b64fa8 .av-special-heading-tag .heading-char{\nfont-size:25px;\n}\n.av-special-heading.av-lxaf6kr4-3e501f7d249bece8264d7966f2b64fa8 .av-subheading{\nfont-size:15px;\n}\n<\/style>\n<div  class='av-special-heading av-lxaf6kr4-3e501f7d249bece8264d7966f2b64fa8 av-special-heading-h2 blockquote modern-quote  avia-builder-el-12  el_before_av_textblock  avia-builder-el-first'><h2 class='av-special-heading-tag'  itemprop=\"headline\"  >Wirtschaftspr\u00fcfer: KPMG<\/h2><div class=\"special-heading-border\"><div class=\"special-heading-inner-border\"><\/div><\/div><\/div><br \/>\n<section  class='av_textblock_section av-lxaf6qig-80fafc0d8bfc76458973d555bab0fc28'   itemscope=\"itemscope\" itemtype=\"https:\/\/schema.org\/CreativeWork\" ><div class='avia_textblock'  itemprop=\"text\" ><p>Unsere Finanzen werden von KPMG gepr\u00fcft, um die h\u00f6chsten Standards f\u00fcr Transparenz und Integrit\u00e4t zu gew\u00e4hrleisten. Diese gr\u00fcndlichen Pr\u00fcfungen gew\u00e4hrleisten die Zuverl\u00e4ssigkeit unserer Finanzprozesse und st\u00e4rken das Vertrauen unserer Kunden und Partner in unser Unternehmen.<\/p>\n<\/div><\/section><\/p><\/div>","protected":false},"excerpt":{"rendered":"","protected":false},"author":2,"featured_media":0,"parent":56,"menu_order":2300,"comment_status":"closed","ping_status":"closed","template":"","meta":{"footnotes":""},"class_list":["post-108","page","type-page","status-publish","hentry"],"aioseo_notices":[],"_links":{"self":[{"href":"https:\/\/westgate.ch\/de\/wp-json\/wp\/v2\/pages\/108","targetHints":{"allow":["GET"]}}],"collection":[{"href":"https:\/\/westgate.ch\/de\/wp-json\/wp\/v2\/pages"}],"about":[{"href":"https:\/\/westgate.ch\/de\/wp-json\/wp\/v2\/types\/page"}],"author":[{"embeddable":true,"href":"https:\/\/westgate.ch\/de\/wp-json\/wp\/v2\/users\/2"}],"replies":[{"embeddable":true,"href":"https:\/\/westgate.ch\/de\/wp-json\/wp\/v2\/comments?post=108"}],"version-history":[{"count":54,"href":"https:\/\/westgate.ch\/de\/wp-json\/wp\/v2\/pages\/108\/revisions"}],"predecessor-version":[{"id":955,"href":"https:\/\/westgate.ch\/de\/wp-json\/wp\/v2\/pages\/108\/revisions\/955"}],"up":[{"embeddable":true,"href":"https:\/\/westgate.ch\/de\/wp-json\/wp\/v2\/pages\/56"}],"wp:attachment":[{"href":"https:\/\/westgate.ch\/de\/wp-json\/wp\/v2\/media?parent=108"}],"curies":[{"name":"wp","href":"https:\/\/api.w.org\/{rel}","templated":true}]}}