{"id":104,"date":"2024-05-30T11:57:09","date_gmt":"2024-05-30T09:57:09","guid":{"rendered":"https:\/\/westgate.ch\/?page_id=104"},"modified":"2025-01-22T15:25:32","modified_gmt":"2025-01-22T14:25:32","slug":"westgate","status":"publish","type":"page","link":"https:\/\/westgate.ch\/de\/about-us\/westgate\/","title":{"rendered":"Westgate"},"content":{"rendered":"<style type=\"text\/css\" data-created_by=\"avia_inline_auto\" id=\"style-css-av-lx9e5j8n-50fa8a42baa0c39579faabefb88f0076\">\n.avia-section.av-lx9e5j8n-50fa8a42baa0c39579faabefb88f0076{\nbackground-repeat:no-repeat;\nbackground-image:url(https:\/\/westgate.ch\/wp-content\/uploads\/2024\/06\/AdobeStock_821165743-scaled.jpeg);\nbackground-position:50% 50%;\nbackground-attachment:scroll;\n}\n.avia-section.av-lx9e5j8n-50fa8a42baa0c39579faabefb88f0076 .av-section-color-overlay{\nopacity:0.5;\nbackground-color:#000000;\n}\n<\/style>\n<div id='av_section_1'  class='avia-section av-lx9e5j8n-50fa8a42baa0c39579faabefb88f0076 main_color avia-section-large avia-no-border-styling  avia-builder-el-0  el_before_av_one_half  avia-builder-el-first  avia-full-stretch avia-bg-style-scroll av-section-color-overlay-active container_wrap fullsize'  data-section-bg-repeat='stretch'><div class=\"av-section-color-overlay-wrap\"><div class=\"av-section-color-overlay\"><\/div><div class='container av-section-cont-open' ><main  role=\"main\" itemprop=\"mainContentOfPage\"  class='template-page content  av-content-full alpha units'><div class='post-entry post-entry-type-page post-entry-104'><div class='entry-content-wrapper clearfix'>\n<div  class='flex_column av-s5p4w-48429ed31bdce6798a889ae3d2a4be96 av_one_fifth  avia-builder-el-1  el_before_av_three_fifth  avia-builder-el-first  first flex_column_div'     ><\/div><div  class='flex_column av-nhlfs-33571a14f5107a26dc47e8862148ee3d av_three_fifth  avia-builder-el-2  el_after_av_one_fifth  el_before_av_one_fifth  flex_column_div'     ><p>\n<style type=\"text\/css\" data-created_by=\"avia_inline_auto\" id=\"style-css-av-lx9e43mc-7df5f417bacc92b96f0366d77cad7698\">\n#top .av-special-heading.av-lx9e43mc-7df5f417bacc92b96f0366d77cad7698{\npadding-bottom:10px;\ncolor:#ffffff;\n}\nbody .av-special-heading.av-lx9e43mc-7df5f417bacc92b96f0366d77cad7698 .av-special-heading-tag .heading-char{\nfont-size:25px;\n}\n.av-special-heading.av-lx9e43mc-7df5f417bacc92b96f0366d77cad7698 .special-heading-inner-border{\nborder-color:#ffffff;\n}\n.av-special-heading.av-lx9e43mc-7df5f417bacc92b96f0366d77cad7698 .av-subheading{\nfont-size:15px;\n}\n<\/style>\n<div  class='av-special-heading av-lx9e43mc-7df5f417bacc92b96f0366d77cad7698 av-special-heading-h1 custom-color-heading blockquote modern-quote modern-centered  avia-builder-el-3  el_before_av_textblock  avia-builder-el-first'><h1 class='av-special-heading-tag'  itemprop=\"headline\"  >Westgate<\/h1><div class=\"special-heading-border\"><div class=\"special-heading-inner-border\"><\/div><\/div><\/div><br \/>\n\n<style type=\"text\/css\" data-created_by=\"avia_inline_auto\" id=\"style-css-av-e20wg-89937192eb9668e07bb176b951bacece\">\n#top .av_textblock_section.av-e20wg-89937192eb9668e07bb176b951bacece .avia_textblock{\ncolor:#ffffff;\n}\n<\/style>\n<section  class='av_textblock_section av-e20wg-89937192eb9668e07bb176b951bacece'   itemscope=\"itemscope\" itemtype=\"https:\/\/schema.org\/CreativeWork\" ><div class='avia_textblock av_inherit_color'  itemprop=\"text\" ><div class=\"flex flex-grow flex-col max-w-full\">\n<div class=\"min-h-&#091;20px&#093; text-message flex flex-col items-start whitespace-pre-wrap break-words &#091;.text-message+&amp;&#093;:mt-5 juice:w-full juice:items-end overflow-x-auto gap-2\" dir=\"auto\" data-message-author-role=\"assistant\" data-message-id=\"906f240a-2c67-4a51-9490-a8cc4e3f1f7c\">\n<div class=\"flex w-full flex-col gap-1 juice:empty:hidden juice:first:pt-&#091;3px&#093;\">\n<div class=\"markdown prose w-full break-words dark:prose-invert light\">\n<p style=\"text-align: center;\">Vielen Dank f\u00fcr Ihr Interesse an der Westgate Investments AG. Auf dieser Seite m\u00f6chten wir unseren alten und neuen Partnern einen \u00dcberblick \u00fcber unser Unternehmen, unsere Geschichte und unsere langfristigen Ziele geben.<\/p>\n<\/div>\n<\/div>\n<\/div>\n<\/div>\n<\/div><\/section><\/p><\/div><div  class='flex_column av-7ueqw-97b8fdd05bd023c79167ebd1bd36e589 av_one_fifth  avia-builder-el-5  el_after_av_three_fifth  avia-builder-el-last  flex_column_div'     ><\/div>\n<\/div><\/div><\/main><!-- close content main element --><\/div><\/div><\/div><div id='after_section_1'  class='main_color av_default_container_wrap container_wrap fullsize'  ><div class='container av-section-cont-open' ><div class='template-page content  av-content-full alpha units'><div class='post-entry post-entry-type-page post-entry-104'><div class='entry-content-wrapper clearfix'>\n<div  class='flex_column av-kmgh4-64cae943af244596dd15cc36265661ef av_one_half  avia-builder-el-6  el_after_av_section  el_before_av_one_half  avia-builder-el-first  first flex_column_div'     ><p>\n<style type=\"text\/css\" data-created_by=\"avia_inline_auto\" id=\"style-css-av-dih74-8d2fa94e17e7bd5fe930667ed342a87d\">\n#top .av-special-heading.av-dih74-8d2fa94e17e7bd5fe930667ed342a87d{\npadding-bottom:10px;\n}\nbody .av-special-heading.av-dih74-8d2fa94e17e7bd5fe930667ed342a87d .av-special-heading-tag .heading-char{\nfont-size:25px;\n}\n.av-special-heading.av-dih74-8d2fa94e17e7bd5fe930667ed342a87d .av-subheading{\nfont-size:15px;\n}\n<\/style>\n<div  class='av-special-heading av-dih74-8d2fa94e17e7bd5fe930667ed342a87d av-special-heading-h2 blockquote modern-quote  avia-builder-el-7  el_before_av_textblock  avia-builder-el-first'><h2 class='av-special-heading-tag'  itemprop=\"headline\"  >Unsere Geschichte <\/h2><div class=\"special-heading-border\"><div class=\"special-heading-inner-border\"><\/div><\/div><\/div><br \/>\n<section  class='av_textblock_section av-lx9ea4ci-0743875f85f690ac86474c63eeeccca5'   itemscope=\"itemscope\" itemtype=\"https:\/\/schema.org\/CreativeWork\" ><div class='avia_textblock'  itemprop=\"text\" ><p>Seit unserer Gr\u00fcndung im Jahr 2002 haben wir uns der Entwicklung und Verwaltung von Gewerbeimmobilien in der ganzen Schweiz verschrieben. Im Laufe der Jahre haben wir Immobilienl\u00f6sungen angeboten und sind Partnerschaften mit Marktf\u00fchrern wie Migros, Lidl, Aldi, Decathlon, C&amp;A, Thomson Reuters, BMW \/ Binelli Gruppe und staatlichen Stellen eingegangen.<br \/>\nUnser Firmensitz im dynamischen Wirtschaftszentrum Zug, Heimat zahlreicher internationaler Unternehmen, bietet uns die ideale Grundlage, unsere Visionen erfolgreich zu verwirklichen.<br \/>\nAls Schweizer Niederlassung der RLG (Rida Lababedi Group of Companies) sind wir eingebettet in ein internationalt\u00e4tiges Familienunternehmen, das auf eine langj\u00e4hrige Tradition erfolgreichen Unternehmertums verweisen kann. Unser kompromisslos professioneller Ansatz und unsere famili\u00e4r gepr\u00e4gte Arbeitsethik erm\u00f6glichen es uns, langj\u00e4hrige und vertrauensvolle Partnerschaften mit lokalen Partnern und Gemeinden aufzubauen und zu pflegen.<\/p>\n<\/div><\/section><\/p><\/div>\n<div  class='flex_column av-9c22o-0305a77c03840f2b2ad48213d1d725fd av_one_half  avia-builder-el-9  el_after_av_one_half  avia-builder-el-last  flex_column_div'     ><p>\n<style type=\"text\/css\" data-created_by=\"avia_inline_auto\" id=\"style-css-av-lx9eat8w-0dd37e98c0f11138a6196fdac08e6252\">\n#top .av-special-heading.av-lx9eat8w-0dd37e98c0f11138a6196fdac08e6252{\npadding-bottom:10px;\n}\nbody .av-special-heading.av-lx9eat8w-0dd37e98c0f11138a6196fdac08e6252 .av-special-heading-tag .heading-char{\nfont-size:25px;\n}\n.av-special-heading.av-lx9eat8w-0dd37e98c0f11138a6196fdac08e6252 .av-subheading{\nfont-size:15px;\n}\n<\/style>\n<div  class='av-special-heading av-lx9eat8w-0dd37e98c0f11138a6196fdac08e6252 av-special-heading-h2 blockquote modern-quote  avia-builder-el-10  el_before_av_textblock  avia-builder-el-first'><h2 class='av-special-heading-tag'  itemprop=\"headline\"  >Unser Portfolio &amp; unsere Vision f\u00fcr die Zukunft<\/h2><div class=\"special-heading-border\"><div class=\"special-heading-inner-border\"><\/div><\/div><\/div><br \/>\n<section  class='av_textblock_section av-lx9ealhl-1ac917abe61cf9518b517be7d4e17d51'   itemscope=\"itemscope\" itemtype=\"https:\/\/schema.org\/CreativeWork\" ><div class='avia_textblock'  itemprop=\"text\" ><p>Westgate hat ein starkes und vielf\u00e4ltiges Portfolio an Schweizer Einzelhandels- und Gewerbeimmobilien aufgebaut. Durch unseren rigorosen Akquisitionsprozess, der auf erstklassige Standorte, lokale Marktperspektiven und hochwertige Mieter abzielt, erzielen wir seit 2002 kontinuierlich erfolgreiche Ergebnisse.<br \/>\nIn einem dynamisch wachsenden Mark und vor der Herausforderung, uns an eine digitale Welt anzupassen, sind wir bestens ger\u00fcstet, um den Anforderungen der Zukunft gerecht zu werden. Der beste Beweis daf\u00fcr ist das anhaltende Vertrauen unserer Einzelhandelspartner und die st\u00e4ndige Erneuerung ihrer Mietvertr\u00e4ge.<br \/>\nUnsere Vision f\u00fcr die Zukunft ist es, unseren Partnern weiterhin spannende und profitable M\u00f6glichkeiten zu bieten sowie langfristige, faire und f\u00fcr beide Seiten vorteilhafte Partnerschaften zu f\u00f6rdern. Mit Leidenschaft und Exzellenz, die zu unserer Unternehmenstradition geworden sind, streben wir an, unser Portfolio in der Schweiz weiter auszubauen.<\/p>\n<\/div><\/section><\/p><\/div>","protected":false},"excerpt":{"rendered":"","protected":false},"author":2,"featured_media":0,"parent":56,"menu_order":2100,"comment_status":"closed","ping_status":"closed","template":"","meta":{"footnotes":""},"class_list":["post-104","page","type-page","status-publish","hentry"],"aioseo_notices":[],"_links":{"self":[{"href":"https:\/\/westgate.ch\/de\/wp-json\/wp\/v2\/pages\/104","targetHints":{"allow":["GET"]}}],"collection":[{"href":"https:\/\/westgate.ch\/de\/wp-json\/wp\/v2\/pages"}],"about":[{"href":"https:\/\/westgate.ch\/de\/wp-json\/wp\/v2\/types\/page"}],"author":[{"embeddable":true,"href":"https:\/\/westgate.ch\/de\/wp-json\/wp\/v2\/users\/2"}],"replies":[{"embeddable":true,"href":"https:\/\/westgate.ch\/de\/wp-json\/wp\/v2\/comments?post=104"}],"version-history":[{"count":19,"href":"https:\/\/westgate.ch\/de\/wp-json\/wp\/v2\/pages\/104\/revisions"}],"predecessor-version":[{"id":952,"href":"https:\/\/westgate.ch\/de\/wp-json\/wp\/v2\/pages\/104\/revisions\/952"}],"up":[{"embeddable":true,"href":"https:\/\/westgate.ch\/de\/wp-json\/wp\/v2\/pages\/56"}],"wp:attachment":[{"href":"https:\/\/westgate.ch\/de\/wp-json\/wp\/v2\/media?parent=104"}],"curies":[{"name":"wp","href":"https:\/\/api.w.org\/{rel}","templated":true}]}}