{"id":1033,"date":"2025-02-04T15:02:04","date_gmt":"2025-02-04T14:02:04","guid":{"rendered":"https:\/\/westgate.ch\/cookie-policy\/"},"modified":"2025-03-11T21:43:46","modified_gmt":"2025-03-11T20:43:46","slug":"cookie-policy","status":"publish","type":"page","link":"https:\/\/westgate.ch\/de\/cookie-policy\/","title":{"rendered":"Cookie-Richtlinie"},"content":{"rendered":"<p>Mit dieser Cookie-Richtlinie m\u00f6chten wir erkl\u00e4ren, was Cookies und Cookie-\u00e4hnliche Technologien sind, wie wir und andere Service Provider sie auf dieser Website verwenden, welche Informationen sie sammeln, wie lange und f\u00fcr welche Zwecke wir sie nutzen.<\/p><h2>Inhaltsverzeichnis<\/h2><ul><li><a href=\"#controller-of-the-website\">Verantwortlicher der Website<\/a><\/li><li><a href=\"#diff-to-privacy-policy\">Erg\u00e4nzung der Datenschutz-Richtlinie<\/a><\/li><li><a href=\"#cookie-technology\">Was sind Cookies und \u00e4hnliche Technologien?<\/a><\/li><li><a href=\"#legal-basis\">Was ist die Rechtsgrundlage f\u00fcr das Setzen\/Lesen von Cookies?<\/a><\/li><li><a href=\"#rights-of-visitor\">Welche Rechte hat der Website-Besucher?<\/a><\/li><li><a href=\"#manage-cookies\">Wie verwaltet man Cookies in einem Browser?<\/a><\/li><li><a href=\"#types-of-cookies\">Welche Arten von Cookies gibt es?<\/a><\/li><li><a href=\"#cookies-origin\">Wer kann auf dieser Website Cookies setzen?<\/a><\/li><li><a href=\"#list-of-services\">Welche Cookies werden auf dieser Website verwendet?<\/a><\/li><\/ul><h2 id=\"controller-of-the-website\">Verantwortlicher der Website<\/h2><ul><li><strong>Anbieter: <\/strong>Westgate Investments AG, Schweiz<\/li><li><strong>E-Mail: <\/strong><a target=\"_blank\" href=\"mailto:info@westgate.ch\">info@westgate.ch<\/a><\/li><li><strong>Telefon: <\/strong><a target=\"_blank\" href=\"tel:+41 44 218 78 00\">+41 44 218 78 00<\/a><\/li><li><strong>Kontaktformular: <\/strong><a target=\"_blank\" href=\"https:\/\/westgate.ch\/de\/contact\/\">westgate.ch\/de\/contact\/<\/a><\/li><\/ul><h2 id=\"diff-to-privacy-policy\">Erg\u00e4nzung der Datenschutz-Richtlinie<\/h2><p>Diese Cookie-Richtlinie ist eine Erg\u00e4nzung zur <a href=\"https:\/\/westgate.ch\/de\/privacy-policy\/\" target=\"_blank\">Datenschutzerkl\u00e4rung<\/a> dieser Website. Die Cookie-Richtlinie legt fest, wie eine Website Cookies verwendet und welche Daten sie damit sammelt, w\u00e4hrend die Datenschutzerkl\u00e4rung einen umfassenderen \u00dcberblick \u00fcber alle Datenverarbeitungsaktivit\u00e4ten auf der Website und dar\u00fcber hinaus bietet.<\/p><h2 id=\"cookie-technology\">Was sind Cookies und \u00e4hnliche Technologien?<\/h2><p>Cookies sind kleine Einheiten von Informationen, \u00e4hnlich wie Textdateien, die auf dem Endger\u00e4t gespeichert und gelesen werden k\u00f6nnen. Sie dienen verschiedenen Zwecken, u. a. der Aufrechterhaltung grundlegender Funktionen der Website, der Sicherheit und des Datenschutzes, der Bereitstellung optionaler Funktionen der Website, der Erfassung statistischer Daten \u00fcber Besucherstr\u00f6me und der Bereitstellung von Marketingsystemen. Praktische Beispiele daf\u00fcr, was in Cookies gespeichert werden kann, sind die Speicherung des Login-Status in Benutzerkonten, der Inhalt von Warenk\u00f6rben in E-Commerce-Plattformen oder eine Nutzer-ID zur Verfolgung des Verhaltens auf der Website.<br \/><br \/>Die Informationen k\u00f6nnen technisch auf verschiedene Arten gespeichert werden. Die bekanntesten Beispiele daf\u00fcr sind HTTP-Cookies und Cookie-\u00e4hnliche Technologien wie der lokale Speicher, der Sitzungsspeicher oder IndexedDB. Jede Art der Speicherung hat unterschiedliche Eigenschaften, welche die technische Handhabung, die Zug\u00e4nglichkeit und die zum Zugriff auf die Informationen berechtigten Verantwortlichen bestimmen. Alle diese Arten der Speicherung werden in der Regel unter dem Begriff \u201eCookies\u201c zusammengefasst und daher in dieser Cookie-Richtlinie auch so genannt.<\/p><h2 id=\"legal-basis\">Was ist die Rechtsgrundlage f\u00fcr das Setzen\/Lesen von Cookies?<\/h2><p>Das Setzen und Auslesen von Cookies ist in der Europ\u00e4ischen Union (EU) und dem Europ\u00e4ischen Wirtschaftsraum (EWR) gem\u00e4\u00df \u00a7 25 TDDDG (Deutschland) und \u00a7 165 TKG (\u00d6sterreich) nur dann zul\u00e4ssig, wenn ein Nutzer seine Einwilligung auf der Grundlage umfassender Informationen \u00fcber die Zwecke der Verarbeitung gegeben hat. Der Website-Betreiber kann auch Cookies setzen, wenn sie unbedingt notwendig sind, um Ihnen als Nutzer den ausdr\u00fccklich angeforderten Service zur Verf\u00fcgung zu stellen, z. B. die grundlegenden Inhalte dieser Website oder andere unbedingt notwendige Cookies f\u00fcr grundlegende Funktionen der Website, die Ihnen ohne Ihre Einwilligung angezeigt werden.<br \/><br \/>Das Setzen und Auslesen von Cookies ist in der Schweiz gem\u00e4\u00df Art. 45c lit. b FMG (Fernmeldegesetz) nur dann zul\u00e4ssig, wenn ein Nutzer die M\u00f6glichkeit hat, der Verarbeitung von Daten auf der Grundlage einer umfassenden Information \u00fcber die Zwecke der Verarbeitung zu widersprechen. In Ausnahmef\u00e4llen muss f\u00fcr die Verarbeitung von personenbezogenen Daten in Cookies in der Schweiz eine Einwilligung eingeholt werden.<\/p><h2 id=\"rights-of-visitor\">Welche Rechte hat der Website-Besucher?<\/h2><p>Services and their cookies can be set and read on the legal basis of your consent or a legitimate interest. When you first visited this website, you were asked for your consent and you had the opportunity to object to the use of certain services. We explained which legal basis is used for which service in our consent dialog.<br \/><br \/>You have the right to view the history of your decisions, change your privacy settings, object to the use of services and revoke your consent at any time. Below you find possibilities to exercise your rights:<br \/><ul><li><a  href=\"#consent-change\" role=\"button\" id=\"rcb-sc-link-change\" data-success-message=\"\" class=\"rcb-sc-link rcb-sc-link-change\">Privatsph\u00e4re-Einstellungen \u00e4ndern<\/a><\/li><li><a  href=\"#consent-history\" role=\"button\" id=\"rcb-sc-link-history\" data-success-message=\"\" class=\"rcb-sc-link rcb-sc-link-history\">Historie Ihrer Privatsph\u00e4re-Einstellungen<\/a><\/li><li><a  href=\"#consent-revoke\" role=\"button\" id=\"rcb-sc-link-revoke\" data-success-message=\"Sie haben Ihre Einwilligung f\u00fcr Services mit ihren Cookies und der Verarbeitung personenbezogener Daten erfolgreich widerrufen. Die Seite wird jetzt neu geladen!\" class=\"rcb-sc-link rcb-sc-link-revoke\">Einwilligungen widerrufen<\/a><\/li><\/ul><\/p><h2 id=\"manage-cookies\">Wie verwaltet man Cookies in einem Browser?<\/h2><p><ul><li><strong>How to remove cookies in a browser:<\/strong> To remove cookies from your device, you can clear the browsing data in the settings of your browser. This action will remove all cookies from all websites you've visited, potentially including saved login details and site preferences. In some browsers, you can just delete the cookies and similar data without deleting the whole browsing history.<\/li><li><strong>How to control cookies in a browser:<\/strong> For more granular control over cookies specific to certain websites, navigate to the privacy and cookie settings within your used browser. Here, you can adjust preferences related to individual sites' cookie usage.<\/li><li><strong>How to block cookies in a browser:<\/strong> It's possible to configure most modern browsers in their settings to block all cookies from being placed on your device. But blocking cookies could lead to certain services and functionalities not functioning correctly, e.g. logins as a user. You can also use extensions for many browsers which can block the setting of cookies on websites.<\/li><li><strong>How to manage cookies on this website:<\/strong> To tailor your preferences regarding cookies on this website, you can change your preferences at any time by clicking on the link in the section \"Rights of the website visitor\".<\/li><\/li><\/ul><p>You can find more information on the handling of cookies <a href=\"https:\/\/devowl.io\/rcb\/cookie-handling\/\" target=\"_blank\">devowl.io\/de\/rcb\/cookie-handhabung\/<\/a>.<\/p><\/p><h2 id=\"types-of-cookies\">Welche Arten von Cookies gibt es?<\/h2><p><ul><li><strong>Essential cookies<\/strong> are indispensable for the basic functionality of a website and enable functions such as saving login information or access to secure areas of the site. These include, for example, security cookies, which can identify a bot that is not wanted on the website by storing an authentication key in a cookie.<\/li><li><strong>Functional cookies<\/strong> improve the user experience by storing information and preferences such as language settings or appearance settings of the website to provide personalized. This includes, for example, preference cookies that store the user's preferred video quality on a website.<\/li><li><strong>Statistik Cookies<\/strong> collect data about the use of a website to gain insights into user behavior and optimize the performance of the site. This includes, for example, a randomly assigned user ID that makes it possible to attribute whether you have visited a subpage of the website.<\/li><li><strong>Marketing Cookies<\/strong> are used to track user behavior across different websites and to display personalized advertising based on the interests and surfing behavior of users. This includes, for example, advertising cookies that store an interaction with an advertisement on the website and pass it on to advertisers or a chat system for pre-sale questions and customer support.<\/li><\/li><\/ul><\/p><h2 id=\"cookies-origin\">Wer kann auf dieser Website Cookies setzen?<\/h2><p>Auf dieser Website k\u00f6nnen sowohl der Betreiber der Website als auch Dienste Dritter, die auf dieser Website genutzt werden, Cookies setzen und auf deren Inhalte zugreifen. Wer auf welche Cookies und deren Inhalte zugreifen kann, unterscheidet sich zwischen First-Party- und Third-Party-Cookies. First-Party-Cookies werden von der besuchten Website erstellt und k\u00f6nnen nur vom Betreiber der Website und den integrierten Diensten Dritter auf dieser Website gelesen werden. Third-Party-Cookies werden in der Regel von Drittanbieter-Diensten auf anderen Domains gesetzt, k\u00f6nnen auf allen Websites gelesen werden, auf denen der Service, der die Domain steuert, eingebettet ist, und werden z. B. von Werbenetzwerken verwendet, um das Nutzerverhalten \u00fcber verschiedene Websites hinweg zu verfolgen und personalisierte Werbung anzubieten.<\/p><h2 id=\"list-of-services\">Welche Cookies werden auf dieser Website verwendet?<\/h2><script type=\"application\/json\">{\"search\":{\"placeholder\":\"Suche...\"},\"sort\":{\"sortAsc\":\"Spalte aufsteigend sortieren\",\"sortDesc\":\"Spalte absteigend sortieren\"},\"pagination\":{\"previous\":\"Vorherige\",\"next\":\"N\\u00e4chste\",\"navigate\":\"Seite %1$d von %2$d\",\"page\":\"Seite %d\",\"showing\":\"Anzeigen\",\"of\":\"von\",\"to\":\"zu\",\"results\":\"Ergebnisse\"},\"noRecordsFound\":\"Keine passenden Eintr\\u00e4ge gefunden\"}<\/script><table  class=\"devowl-wp-react-cookie-banner-cookie-policy\"><thead><tr><th width=\"200px\" scope=\"col\">Kategorie<\/th><th width=\"400px\" scope=\"col\">Technischer Cookie Name<\/th><th width=\"400px\" scope=\"col\">Technischer Cookie Host<\/th><th width=\"400px\" scope=\"col\">Service<\/th><th width=\"250px\" scope=\"col\">Dauer<\/th><th width=\"200px\" scope=\"col\">Typ<\/th><th width=\"550px\" scope=\"col\">Zweck<\/th><\/tr><\/thead><tbody><tr><td>Essential<\/td><td>trp_language<\/td><td>westgate.ch<\/td><td>\u00dcbersetzenPresse<\/td><td>30 Tage<\/td><td>HTTP Cookie<\/td><td>-<\/td><\/tr><tr><td>Essential<\/td><td>NID<\/td><td>.google.com<\/td><td>Google reCAPTCHA<\/td><td>6 Monate<\/td><td>HTTP Cookie<\/td><td>-<\/td><\/tr><tr><td>Essential<\/td><td>_GRECAPTCHA<\/td><td>www.google.com<\/td><td>Google reCAPTCHA<\/td><td>6 Monate<\/td><td>HTTP Cookie<\/td><td>-<\/td><\/tr><tr><td>Essential<\/td><td>__Secure-3PSIDCC<\/td><td>.google.com<\/td><td>Google reCAPTCHA<\/td><td>1 Jahr<\/td><td>HTTP Cookie<\/td><td>-<\/td><\/tr><tr><td>Essential<\/td><td>SSID<\/td><td>.google.com<\/td><td>Google reCAPTCHA<\/td><td>13 Monate<\/td><td>HTTP Cookie<\/td><td>-<\/td><\/tr><tr><td>Essential<\/td><td>HSID<\/td><td>.google.com<\/td><td>Google reCAPTCHA<\/td><td>13 Monate<\/td><td>HTTP Cookie<\/td><td>-<\/td><\/tr><tr><td>Essential<\/td><td>SID<\/td><td>.google.com<\/td><td>Google reCAPTCHA<\/td><td>13 Monate<\/td><td>HTTP Cookie<\/td><td>-<\/td><\/tr><tr><td>Essential<\/td><td>SIDCC<\/td><td>.google.com<\/td><td>Google reCAPTCHA<\/td><td>1 Jahr<\/td><td>HTTP Cookie<\/td><td>-<\/td><\/tr><tr><td>Essential<\/td><td>__Secure-3PAPISID<\/td><td>.google.com<\/td><td>Google reCAPTCHA<\/td><td>13 Monate<\/td><td>HTTP Cookie<\/td><td>-<\/td><\/tr><tr><td>Essential<\/td><td>SAPISID<\/td><td>.google.com<\/td><td>Google reCAPTCHA<\/td><td>13 Monate<\/td><td>HTTP Cookie<\/td><td>-<\/td><\/tr><tr><td>Essential<\/td><td>APISID<\/td><td>.google.com<\/td><td>Google reCAPTCHA<\/td><td>13 Monate<\/td><td>HTTP Cookie<\/td><td>-<\/td><\/tr><tr><td>Essential<\/td><td>__Secure-3PSID<\/td><td>.google.com<\/td><td>Google reCAPTCHA<\/td><td>13 Monate<\/td><td>HTTP Cookie<\/td><td>-<\/td><\/tr><tr><td>Essential<\/td><td>1P_JAR<\/td><td>.google.com<\/td><td>Google reCAPTCHA<\/td><td>1 Monat<\/td><td>HTTP Cookie<\/td><td>-<\/td><\/tr><tr><td>Essential<\/td><td>CONSENT<\/td><td>.google.com<\/td><td>Google reCAPTCHA<\/td><td>18 Jahre<\/td><td>HTTP Cookie<\/td><td>-<\/td><\/tr><tr><td>Essential<\/td><td>__Secure-1PSIDCC<\/td><td>.google.com<\/td><td>Google reCAPTCHA<\/td><td>1 Jahr<\/td><td>HTTP Cookie<\/td><td>-<\/td><\/tr><tr><td>Essential<\/td><td>__Secure-1PAPISID<\/td><td>.google.com<\/td><td>Google reCAPTCHA<\/td><td>13 Monate<\/td><td>HTTP Cookie<\/td><td>-<\/td><\/tr><tr><td>Essential<\/td><td>__Secure-1PSID<\/td><td>.google.com<\/td><td>Google reCAPTCHA<\/td><td>13 Monate<\/td><td>HTTP Cookie<\/td><td>-<\/td><\/tr><tr><td>Essential<\/td><td>__Secure-ENID<\/td><td>.google.com<\/td><td>Google reCAPTCHA<\/td><td>13 Monate<\/td><td>HTTP Cookie<\/td><td>-<\/td><\/tr><tr><td>Essential<\/td><td>AEC<\/td><td>.google.com<\/td><td>Google reCAPTCHA<\/td><td>6 Monate<\/td><td>HTTP Cookie<\/td><td>-<\/td><\/tr><tr><td>Essential<\/td><td>rc::c<\/td><td>www.google.com<\/td><td>Google reCAPTCHA<\/td><td>SESSION<\/td><td>Session Storage<\/td><td>-<\/td><\/tr><tr><td>Essential<\/td><td>rc::b<\/td><td>www.google.com<\/td><td>Google reCAPTCHA<\/td><td>SESSION<\/td><td>Session Storage<\/td><td>-<\/td><\/tr><tr><td>Essential<\/td><td>sb_wiz.zpc.gws-wiz.<\/td><td>www.google.com<\/td><td>Google reCAPTCHA<\/td><td>-<\/td><td>Local Storage<\/td><td>-<\/td><\/tr><tr><td>Essential<\/td><td>sb_wiz.ueh<\/td><td>www.google.com<\/td><td>Google reCAPTCHA<\/td><td>-<\/td><td>Local Storage<\/td><td>-<\/td><\/tr><tr><td>Essential<\/td><td>rc::a<\/td><td>www.google.com<\/td><td>Google reCAPTCHA<\/td><td>-<\/td><td>Local Storage<\/td><td>-<\/td><\/tr><tr><td>Essential<\/td><td>_c;;i<\/td><td>www.google.com<\/td><td>Google reCAPTCHA<\/td><td>-<\/td><td>Local Storage<\/td><td>-<\/td><\/tr><tr><td>Essential<\/td><td>rc::f<\/td><td>www.google.com<\/td><td>Google reCAPTCHA<\/td><td>-<\/td><td>Local Storage<\/td><td>-<\/td><\/tr><tr><td>Essential<\/td><td>_grecaptcha<\/td><td>https:\/\/westgate.ch<\/td><td>Google reCAPTCHA<\/td><td>-<\/td><td>Local Storage<\/td><td>-<\/td><\/tr><tr><td>Essential<\/td><td>trp_language<\/td><td>ifikonen.myhostpoint.ch<\/td><td>\u00dcbersetzenPresse<\/td><td>30 Tage<\/td><td>HTTP Cookie<\/td><td>-<\/td><\/tr><tr><td>Essential<\/td><td>real_cookie_banner*<\/td><td>.westgate.ch<\/td><td>Banner f\u00fcr echte Kekse<\/td><td>365 Tage<\/td><td>HTTP Cookie<\/td><td>Unique identifier for the consent, but not for the website visitor. Revision hash for settings of cookie banner (texts, colors, features, service groups, services, content blockers etc.). IDs for consented services and service groups.<\/td><\/tr><tr><td>Essential<\/td><td>real_cookie_banner*-tcf<\/td><td>.westgate.ch<\/td><td>Banner f\u00fcr echte Kekse<\/td><td>365 Tage<\/td><td>HTTP Cookie<\/td><td>Consents collected under TCF stored in TC String format, including TCF vendors, purposes, special purposes, features, and special features.<\/td><\/tr><tr><td>Essential<\/td><td>real_cookie_banner*-gcm<\/td><td>.westgate.ch<\/td><td>Banner f\u00fcr echte Kekse<\/td><td>365 Tage<\/td><td>HTTP Cookie<\/td><td>Consents into consent types (purposes)  collected under Google Consent Mode stored for all Google Consent Mode compatible services.<\/td><\/tr><tr><td>Essential<\/td><td>real_cookie_banner-test<\/td><td>.westgate.ch<\/td><td>Banner f\u00fcr echte Kekse<\/td><td>365 Tage<\/td><td>HTTP Cookie<\/td><td>Cookie set to test HTTP cookie functionality. Deleted immediately after test.<\/td><\/tr><tr><td>Essential<\/td><td>real_cookie_banner*<\/td><td>https:\/\/westgate.ch<\/td><td>Banner f\u00fcr echte Kekse<\/td><td>-<\/td><td>Local Storage<\/td><td>Unique identifier for the consent, but not for the website visitor. Revision hash for settings of cookie banner (texts, colors, features, service groups, services, content blockers etc.). IDs for consented services and service groups. Is only stored until consent is documented on the website server.<\/td><\/tr><tr><td>Essential<\/td><td>real_cookie_banner*-tcf<\/td><td>https:\/\/westgate.ch<\/td><td>Banner f\u00fcr echte Kekse<\/td><td>-<\/td><td>Local Storage<\/td><td>Consents collected under TCF stored in TC String format, including TCF vendors, purposes, special purposes, features, and special features. Is only stored until consent is documented on the website server.<\/td><\/tr><tr><td>Essential<\/td><td>real_cookie_banner*-gcm<\/td><td>https:\/\/westgate.ch<\/td><td>Banner f\u00fcr echte Kekse<\/td><td>-<\/td><td>Local Storage<\/td><td>Consents collected under Google Consent Mode stored in consent types (purposes) for all Google Consent Mode compatible services. Is only stored until consent is documented on the website server.<\/td><\/tr><tr><td>Essential<\/td><td>real_cookie_banner-consent-queue*<\/td><td>https:\/\/westgate.ch<\/td><td>Banner f\u00fcr echte Kekse<\/td><td>-<\/td><td>Local Storage<\/td><td>Local caching of selection in cookie banner until server documents consent; documentation periodic or at page switches attempted if server is unavailable or overloaded.<\/td><\/tr><tr><td>Functional<\/td><td>NID<\/td><td>.google.com<\/td><td>Google Maps<\/td><td>6 Monate<\/td><td>HTTP Cookie<\/td><td>-<\/td><\/tr><tr><td>Functional<\/td><td>__Secure-3PSIDCC<\/td><td>.google.com<\/td><td>Google Maps<\/td><td>1 Jahr<\/td><td>HTTP Cookie<\/td><td>-<\/td><\/tr><tr><td>Functional<\/td><td>__Secure-1PSIDCC<\/td><td>.google.com<\/td><td>Google Maps<\/td><td>1 Jahr<\/td><td>HTTP Cookie<\/td><td>-<\/td><\/tr><tr><td>Functional<\/td><td>SIDCC<\/td><td>.google.com<\/td><td>Google Maps<\/td><td>1 Jahr<\/td><td>HTTP Cookie<\/td><td>-<\/td><\/tr><tr><td>Functional<\/td><td>__Secure-3PAPISID<\/td><td>.google.com<\/td><td>Google Maps<\/td><td>13 Monate<\/td><td>HTTP Cookie<\/td><td>-<\/td><\/tr><tr><td>Functional<\/td><td>SSID<\/td><td>.google.com<\/td><td>Google Maps<\/td><td>13 Monate<\/td><td>HTTP Cookie<\/td><td>-<\/td><\/tr><tr><td>Functional<\/td><td>__Secure-1PAPISID<\/td><td>.google.com<\/td><td>Google Maps<\/td><td>13 Monate<\/td><td>HTTP Cookie<\/td><td>-<\/td><\/tr><tr><td>Functional<\/td><td>HSID<\/td><td>.google.com<\/td><td>Google Maps<\/td><td>13 Monate<\/td><td>HTTP Cookie<\/td><td>-<\/td><\/tr><tr><td>Functional<\/td><td>__Secure-3PSID<\/td><td>.google.com<\/td><td>Google Maps<\/td><td>13 Monate<\/td><td>HTTP Cookie<\/td><td>-<\/td><\/tr><tr><td>Functional<\/td><td>__Secure-1PSID<\/td><td>.google.com<\/td><td>Google Maps<\/td><td>13 Monate<\/td><td>HTTP Cookie<\/td><td>-<\/td><\/tr><tr><td>Functional<\/td><td>SID<\/td><td>.google.com<\/td><td>Google Maps<\/td><td>13 Monate<\/td><td>HTTP Cookie<\/td><td>-<\/td><\/tr><tr><td>Functional<\/td><td>SAPISID<\/td><td>.google.com<\/td><td>Google Maps<\/td><td>13 Monate<\/td><td>HTTP Cookie<\/td><td>-<\/td><\/tr><tr><td>Functional<\/td><td>APISID<\/td><td>.google.com<\/td><td>Google Maps<\/td><td>13 Monate<\/td><td>HTTP Cookie<\/td><td>-<\/td><\/tr><tr><td>Functional<\/td><td>CONSENT<\/td><td>.google.com<\/td><td>Google Maps<\/td><td>13 Monate<\/td><td>HTTP Cookie<\/td><td>-<\/td><\/tr><tr><td>Functional<\/td><td>__Secure-ENID<\/td><td>.google.com<\/td><td>Google Maps<\/td><td>13 Monate<\/td><td>HTTP Cookie<\/td><td>-<\/td><\/tr><tr><td>Functional<\/td><td>AEC<\/td><td>.google.com<\/td><td>Google Maps<\/td><td>6 Monate<\/td><td>HTTP Cookie<\/td><td>-<\/td><\/tr><tr><td>Functional<\/td><td>_c;;i<\/td><td>https:\/\/www.google.com<\/td><td>Google Maps<\/td><td>-<\/td><td>Local Storage<\/td><td>-<\/td><\/tr><tr><td>Functional<\/td><td>LH;;s-*<\/td><td>https:\/\/www.google.com<\/td><td>Google Maps<\/td><td>-<\/td><td>Local Storage<\/td><td>-<\/td><\/tr><tr><td>Functional<\/td><td>sb_wiz.zpc.gws-wiz.<\/td><td>https:\/\/www.google.com<\/td><td>Google Maps<\/td><td>-<\/td><td>Local Storage<\/td><td>-<\/td><\/tr><tr><td>Functional<\/td><td>sb_wiz.ueh<\/td><td>https:\/\/www.google.com<\/td><td>Google Maps<\/td><td>-<\/td><td>Local Storage<\/td><td>-<\/td><\/tr><\/tbody><\/table><p>Die Cookie-Richtlinie wurde zuletzt am 2. April 2026 aktualisiert.<\/p>","protected":false},"excerpt":{"rendered":"","protected":false},"author":2,"featured_media":0,"parent":0,"menu_order":12000,"comment_status":"closed","ping_status":"closed","template":"","meta":{"footnotes":""},"class_list":["post-1033","page","type-page","status-publish","hentry"],"aioseo_notices":[],"_links":{"self":[{"href":"https:\/\/westgate.ch\/de\/wp-json\/wp\/v2\/pages\/1033","targetHints":{"allow":["GET"]}}],"collection":[{"href":"https:\/\/westgate.ch\/de\/wp-json\/wp\/v2\/pages"}],"about":[{"href":"https:\/\/westgate.ch\/de\/wp-json\/wp\/v2\/types\/page"}],"author":[{"embeddable":true,"href":"https:\/\/westgate.ch\/de\/wp-json\/wp\/v2\/users\/2"}],"replies":[{"embeddable":true,"href":"https:\/\/westgate.ch\/de\/wp-json\/wp\/v2\/comments?post=1033"}],"version-history":[{"count":1,"href":"https:\/\/westgate.ch\/de\/wp-json\/wp\/v2\/pages\/1033\/revisions"}],"predecessor-version":[{"id":1045,"href":"https:\/\/westgate.ch\/de\/wp-json\/wp\/v2\/pages\/1033\/revisions\/1045"}],"wp:attachment":[{"href":"https:\/\/westgate.ch\/de\/wp-json\/wp\/v2\/media?parent=1033"}],"curies":[{"name":"wp","href":"https:\/\/api.w.org\/{rel}","templated":true}]}}